{"id":3890,"date":"2024-06-07T16:17:42","date_gmt":"2024-06-07T09:17:42","guid":{"rendered":"https:\/\/restekequipment.com\/?post_type=product&#038;p=3890"},"modified":"2025-08-14T08:29:31","modified_gmt":"2025-08-14T01:29:31","slug":"hop-giam-toc-truc-vit-banh-vit-nmvr-nrv","status":"publish","type":"product","link":"https:\/\/restekequipment.com\/?product=hop-giam-toc-truc-vit-banh-vit-nmvr-nrv","title":{"rendered":"H\u1ed8P GI\u1ea2M T\u1ed0C TR\u1ee4C V\u00cdT B\u00c1NH V\u00cdT NMVR &#8211; NRV"},"content":{"rendered":"<h3><strong>H\u1ed9p Gi\u1ea3m T\u1ed1c NMRV: Th\u00f4ng Tin Chi Ti\u1ebft v\u00e0 \u1ee8ng D\u1ee5ng<\/strong><\/h3>\n<p>H\u1ed9p gi\u1ea3m t\u1ed1c NMRV l\u00e0 m\u1ed9t thi\u1ebft b\u1ecb kh\u00f4ng th\u1ec3 thi\u1ebfu trong nhi\u1ec1u \u1ee9ng d\u1ee5ng c\u00f4ng nghi\u1ec7p, t\u1eeb m\u00e1y m\u00f3c \u0111\u1ebfn h\u1ec7 th\u1ed1ng t\u1ef1 \u0111\u1ed9ng h\u00f3a. B\u00e0i vi\u1ebft n\u00e0y s\u1ebd cung c\u1ea5p th\u00f4ng tin chi ti\u1ebft v\u1ec1 \u0111\u1eb7c \u0111i\u1ec3m, c\u1ea5u t\u1ea1o, \u1ee9ng d\u1ee5ng v\u00e0 \u01b0u \u0111i\u1ec3m c\u1ee7a h\u1ed9p gi\u1ea3m t\u1ed1c NMRV.<\/p>\n<p>T\u1ef7 s\u1ed1 truy\u1ec1n: i= 7.5, 10, 15, 20, 25, 30, 35, 40, 45, 50, 60, 70, 80, 100<br \/>\nC\u00f4ng su\u1ea5t: 0.12 ~ 15kw<\/p>\n<p>H\u1ec7 s\u1ed1 ph\u1ee5c v\u1ee5: 0.6 ~ 2.8<\/p>\n<p>Size: 25, 30, 40, 50, 63, 75, 90, 110, 130, 150<\/p>\n<p><a href=\"https:\/\/restekequipment.com\/wp-content\/uploads\/2024\/06\/8248_C.jpg\"><img loading=\"lazy\" decoding=\"async\" class=\"alignleft size-medium wp-image-3892\" src=\"https:\/\/restekequipment.com\/wp-content\/uploads\/2024\/06\/8248_C-300x286.jpg\" alt=\"\" width=\"300\" height=\"286\" srcset=\"https:\/\/restekequipment.com\/wp-content\/uploads\/2024\/06\/8248_C-300x286.jpg 300w, https:\/\/restekequipment.com\/wp-content\/uploads\/2024\/06\/8248_C-510x486.jpg 510w, https:\/\/restekequipment.com\/wp-content\/uploads\/2024\/06\/8248_C.jpg 630w\" sizes=\"auto, (max-width: 300px) 100vw, 300px\" \/><\/a><\/p>\n<p>&nbsp;<\/p>\n<p>&nbsp;<\/p>\n<p>&nbsp;<\/p>\n<p>&nbsp;<\/p>\n<p>&nbsp;<\/p>\n<p>&nbsp;<\/p>\n<p>&nbsp;<\/p>\n<p>&nbsp;<\/p>\n<h4><strong>\u0110\u1eb7c \u0110i\u1ec3m N\u1ed5i B\u1eadt c\u1ee7a H\u1ed9p Gi\u1ea3m T\u1ed1c NMRV<\/strong><\/h4>\n<ul>\n<li><strong>Thi\u1ebft k\u1ebf nh\u1ecf g\u1ecdn:<\/strong> V\u1edbi k\u00edch th\u01b0\u1edbc nh\u1ecf v\u00e0 tr\u1ecdng l\u01b0\u1ee3ng nh\u1eb9, h\u1ed9p gi\u1ea3m t\u1ed1c NMRV d\u1ec5 d\u00e0ng l\u1eafp \u0111\u1eb7t v\u00e0 b\u1ea3o tr\u00ec.<\/li>\n<li><strong>Hi\u1ec7u su\u1ea5t cao:<\/strong> S\u1ea3n ph\u1ea9m c\u00f3 hi\u1ec7u su\u1ea5t truy\u1ec1n \u0111\u1ed9ng cao, gi\u1ea3m thi\u1ec3u t\u1ed5n th\u1ea5t n\u0103ng l\u01b0\u1ee3ng.<\/li>\n<li><strong>\u0110\u1ed9 b\u1ec1n cao:<\/strong> V\u1eadt li\u1ec7u ch\u1ebf t\u1ea1o ch\u1ea5t l\u01b0\u1ee3ng, kh\u1ea3 n\u0103ng ch\u1ecbu t\u1ea3i t\u1ed1t, \u0111\u1ea3m b\u1ea3o tu\u1ed5i th\u1ecd l\u00e2u d\u00e0i.<\/li>\n<li><strong>\u0110a d\u1ea1ng v\u1ec1 t\u1ef7 s\u1ed1 truy\u1ec1n:<\/strong> Cung c\u1ea5p nhi\u1ec1u t\u1ef7 s\u1ed1 truy\u1ec1n kh\u00e1c nhau, ph\u00f9 h\u1ee3p v\u1edbi nhi\u1ec1u \u1ee9ng d\u1ee5ng.<\/li>\n<li><strong>L\u00e0m m\u00e1t t\u1ed1t:<\/strong> V\u1ecf h\u1ed9p thi\u1ebft k\u1ebf gi\u00fap t\u1ea3n nhi\u1ec7t hi\u1ec7u qu\u1ea3, duy tr\u00ec nhi\u1ec7t \u0111\u1ed9 ho\u1ea1t \u0111\u1ed9ng \u1ed5n \u0111\u1ecbnh.<\/li>\n<li><strong>Ti\u1ebfng \u1ed3n th\u1ea5p:<\/strong> H\u1ed9p gi\u1ea3m t\u1ed1c ho\u1ea1t \u0111\u1ed9ng \u00eam \u00e1i, \u0111\u1ed9 rung v\u00e0 ti\u1ebfng \u1ed3n th\u1ea5p.<\/li>\n<\/ul>\n<h4><strong>C\u1ea5u T\u1ea1o c\u1ee7a H\u1ed9p Gi\u1ea3m T\u1ed1c NMRV<\/strong><\/h4>\n<ul>\n<li><strong>V\u1ecf h\u1ed9p:<\/strong> L\u00e0m t\u1eeb h\u1ee3p kim nh\u00f4m ho\u1eb7c gang, gi\u00fap t\u1ea3n nhi\u1ec7t v\u00e0 b\u1ea3o v\u1ec7 c\u00e1c b\u1ed9 ph\u1eadn b\u00ean trong.<\/li>\n<li><strong>B\u00e1nh r\u0103ng:<\/strong> Th\u01b0\u1eddng l\u00e0m t\u1eeb th\u00e9p c\u1ee9ng ho\u1eb7c h\u1ee3p kim \u0111\u1eb7c bi\u1ec7t, \u0111\u1ea3m b\u1ea3o \u0111\u1ed9 b\u1ec1n.<\/li>\n<li><strong>Tr\u1ee5c v\u00e0o v\u00e0 tr\u1ee5c ra:<\/strong> Gia c\u00f4ng ch\u00ednh x\u00e1c, \u0111\u1ea3m b\u1ea3o \u0111\u1ed9 ch\u00ednh x\u00e1c v\u00e0 \u0111\u1ed9 b\u1ec1n.<\/li>\n<li><strong>\u1ed4 bi v\u00e0 v\u00f2ng bi:<\/strong> Gi\u1ea3m ma s\u00e1t, t\u0103ng tu\u1ed5i th\u1ecd cho h\u1ed9p gi\u1ea3m t\u1ed1c.<\/li>\n<\/ul>\n<h4><strong>\u1ee8ng D\u1ee5ng c\u1ee7a H\u1ed9p Gi\u1ea3m T\u1ed1c NMRV<\/strong><\/h4>\n<ul>\n<li><strong>B\u0103ng t\u1ea3i:<\/strong> \u0110i\u1ec1u ch\u1ec9nh t\u1ed1c \u0111\u1ed9 chuy\u1ec3n \u0111\u1ed9ng trong c\u00e1c h\u1ec7 th\u1ed1ng b\u0103ng t\u1ea3i.<\/li>\n<li><strong>M\u00e1y m\u00f3c c\u00f4ng nghi\u1ec7p:<\/strong> S\u1eed d\u1ee5ng trong c\u00e1c m\u00e1y nghi\u1ec1n, m\u00e1y tr\u1ed9n, m\u00e1y \u00e9p, m\u00e1y c\u00e1n, v.v.<\/li>\n<li><strong>H\u1ec7 th\u1ed1ng t\u1ef1 \u0111\u1ed9ng h\u00f3a:<\/strong> \u1ee8ng d\u1ee5ng trong c\u00e1c d\u00e2y chuy\u1ec1n s\u1ea3n xu\u1ea5t t\u1ef1 \u0111\u1ed9ng v\u00e0 robot c\u00f4ng nghi\u1ec7p.<\/li>\n<li><strong>Ng\u00e0nh d\u1ec7t may, ch\u1ebf bi\u1ebfn th\u1ef1c ph\u1ea9m, d\u01b0\u1ee3c ph\u1ea9m:<\/strong> \u0110\u00f2i h\u1ecfi s\u1ef1 ch\u00ednh x\u00e1c v\u00e0 \u1ed5n \u0111\u1ecbnh cao.<\/li>\n<\/ul>\n<h4><strong>\u01afu \u0110i\u1ec3m c\u1ee7a H\u1ed9p Gi\u1ea3m T\u1ed1c NMRV<\/strong><\/h4>\n<ul>\n<li><strong>D\u1ec5 d\u00e0ng l\u1eafp \u0111\u1eb7t v\u00e0 b\u1ea3o tr\u00ec:<\/strong> Thi\u1ebft k\u1ebf \u0111\u01a1n gi\u1ea3n, d\u1ec5 th\u00e1o l\u1eafp v\u00e0 b\u1ea3o d\u01b0\u1ee1ng.<\/li>\n<li><strong>T\u00ednh linh ho\u1ea1t cao:<\/strong> D\u1ec5 d\u00e0ng thay \u0111\u1ed5i t\u1ef7 s\u1ed1 truy\u1ec1n v\u00e0 c\u1ea5u h\u00ecnh \u0111\u1ec3 ph\u00f9 h\u1ee3p v\u1edbi y\u00eau c\u1ea7u c\u1ee5 th\u1ec3.<\/li>\n<li><strong>Chi ph\u00ed h\u1ee3p l\u00fd:<\/strong> Gi\u00e1 th\u00e0nh c\u1ea1nh tranh so v\u1edbi c\u00e1c lo\u1ea1i h\u1ed9p gi\u1ea3m t\u1ed1c kh\u00e1c tr\u00ean th\u1ecb tr\u01b0\u1eddng.<\/li>\n<\/ul>\n<p>H\u1ed9p gi\u1ea3m t\u1ed1c NMRV l\u00e0 gi\u1ea3i ph\u00e1p truy\u1ec1n \u0111\u1ed9ng hi\u1ec7u qu\u1ea3 v\u00e0 \u0111\u00e1ng tin c\u1eady cho nhi\u1ec1u \u1ee9ng d\u1ee5ng c\u00f4ng nghi\u1ec7p, gi\u00fap t\u1ed1i \u01b0u h\u00f3a ho\u1ea1t \u0111\u1ed9ng v\u00e0 t\u0103ng hi\u1ec7u su\u1ea5t cho c\u00e1c thi\u1ebft b\u1ecb v\u00e0 m\u00e1y m\u00f3c. N\u1ebfu b\u1ea1n \u0111ang t\u00ecm ki\u1ebfm m\u1ed9t h\u1ed9p gi\u1ea3m t\u1ed1c v\u1edbi c\u00e1c t\u00ednh n\u0103ng v\u00e0 \u01b0u \u0111i\u1ec3m tr\u00ean, NMRV ch\u1eafc ch\u1eafn l\u00e0 l\u1ef1a ch\u1ecdn l\u00fd t\u01b0\u1edfng.<\/p>\n<hr \/>\n<p><strong>Li\u00ean H\u1ec7 V\u1edbi Ch\u00fang T\u00f4i<\/strong> N\u1ebfu b\u1ea1n c\u1ea7n th\u00eam th\u00f4ng tin ho\u1eb7c t\u01b0 v\u1ea5n v\u1ec1 h\u1ed9p gi\u1ea3m t\u1ed1c NMRV, vui l\u00f2ng li\u00ean h\u1ec7 v\u1edbi ch\u00fang t\u00f4i qua hotline <b>0708.979.686<\/b>\u00a0ho\u1eb7c email <strong>restek.equipment@gmail.com<\/strong>\u00a0 Ch\u00fang t\u00f4i s\u1eb5n s\u00e0ng h\u1ed7 tr\u1ee3 b\u1ea1n 24\/7.<\/p>\n<p>&nbsp;<\/p>\n","protected":false},"excerpt":{"rendered":"<h3>H\u1ed9p Gi\u1ea3m T\u1ed1c Model: NMRV &#8211; NRV<\/h3>\n<ul>\n<li><strong>Ki\u1ec3u l\u1eafp:<\/strong> Ch\u00e2n \u0111\u1ebf &#8211; tr\u1ee5c ngang<\/li>\n<li><strong>Series:<\/strong> NMRV25 &#8211; 130<\/li>\n<li><strong>T\u1ec9 s\u1ed1 truy\u1ec1n:<\/strong> T\u1ef7 s\u1ed1 truy\u1ec1n: i= 7.5, 10, 15, 20, 25, 30, 35, 40, 45, 50, 60, 70, 80, 100<\/li>\n<li><strong>C\u00f4ng su\u1ea5t:<\/strong> 0.37kW \u0111\u1ebfn 75kW<\/li>\n<li><strong>B\u1ea3o h\u00e0nh:<\/strong> 12 th\u00e1ng<\/li>\n<li><strong>Maker:<\/strong> MOTORVARIO<\/li>\n<\/ul>\n<p>Li\u00ean h\u1ec7:\u00a0<strong>Kinh doanh 0933229976 &#8211; 0708 979 686<\/strong><\/p>\n","protected":false},"featured_media":3892,"comment_status":"open","ping_status":"closed","template":"","meta":[],"product_brand":[],"product_cat":[359],"product_tag":[2181,2183],"class_list":{"0":"post-3890","1":"product","2":"type-product","3":"status-publish","4":"has-post-thumbnail","6":"product_cat-hop-giam-toc-truc-vit-banh-vit","7":"product_tag-hop-giam-toc-truc-vit-banh-vit-nmvr-nrv","8":"product_tag-hop-giam-toc-truc-vit-banh-vit-nmvr-nrv-tai-binh-duong-bau-bang","9":"pa_nha-san-xuat-vario-mnrv-reducer","11":"first","12":"instock","13":"shipping-taxable","14":"product-type-simple"},"_links":{"self":[{"href":"https:\/\/restekequipment.com\/index.php?rest_route=\/wp\/v2\/product\/3890","targetHints":{"allow":["GET"]}}],"collection":[{"href":"https:\/\/restekequipment.com\/index.php?rest_route=\/wp\/v2\/product"}],"about":[{"href":"https:\/\/restekequipment.com\/index.php?rest_route=\/wp\/v2\/types\/product"}],"replies":[{"embeddable":true,"href":"https:\/\/restekequipment.com\/index.php?rest_route=%2Fwp%2Fv2%2Fcomments&post=3890"}],"wp:featuredmedia":[{"embeddable":true,"href":"https:\/\/restekequipment.com\/index.php?rest_route=\/wp\/v2\/media\/3892"}],"wp:attachment":[{"href":"https:\/\/restekequipment.com\/index.php?rest_route=%2Fwp%2Fv2%2Fmedia&parent=3890"}],"wp:term":[{"taxonomy":"product_brand","embeddable":true,"href":"https:\/\/restekequipment.com\/index.php?rest_route=%2Fwp%2Fv2%2Fproduct_brand&post=3890"},{"taxonomy":"product_cat","embeddable":true,"href":"https:\/\/restekequipment.com\/index.php?rest_route=%2Fwp%2Fv2%2Fproduct_cat&post=3890"},{"taxonomy":"product_tag","embeddable":true,"href":"https:\/\/restekequipment.com\/index.php?rest_route=%2Fwp%2Fv2%2Fproduct_tag&post=3890"}],"curies":[{"name":"wp","href":"https:\/\/api.w.org\/{rel}","templated":true}]}}