{"id":3830,"date":"2022-08-24T15:30:33","date_gmt":"2022-08-24T08:30:33","guid":{"rendered":"https:\/\/restekequipment.com\/?post_type=product&#038;p=3830"},"modified":"2022-08-24T15:37:50","modified_gmt":"2022-08-24T08:37:50","slug":"cam-bien-tiem-can-cam-bien-tu-tinh-ifm","status":"publish","type":"product","link":"https:\/\/restekequipment.com\/?product=cam-bien-tiem-can-cam-bien-tu-tinh-ifm","title":{"rendered":"C\u1ea3m bi\u1ebfn ti\u1ec7m c\u1eadn (C\u1ea3m bi\u1ebfn t\u1eeb t\u00ednh) IFM"},"content":{"rendered":"<h1 class=\"product-listing__headline\">C\u1ea3m bi\u1ebfn t\u1eeb t\u00ednh<\/h1>\n<div class=\"product-listing__stage\">\n<div class=\"category-stage\">\n<div class=\"category-stage__product-description\">\n<ul class=\"content-list content-list--check-mark\">\n<li>Lo\u1ea1i h\u00ecnh tr\u1ee5 ho\u1eb7c h\u00ecnh ch\u1eef nh\u1eadt<\/li>\n<li>V\u1ecf nh\u1ecf v\u1edbi ph\u1ea1m vi c\u1ea3m bi\u1ebfn r\u1ea5t d\u00e0i<\/li>\n<li>\u0110\u1ed9 \u1ed5n \u0111\u1ecbnh c\u01a1 h\u1ecdc cao trong tr\u01b0\u1eddng h\u1ee3p va ch\u1ea1m ho\u1eb7c rung \u0111\u1ed9ng<\/li>\n<\/ul>\n<\/div>\n<\/div>\n<\/div>\n<p>C\u1ea3m bi\u1ebfn t\u1eeb t\u00ednh \u0111\u01b0\u1ee3c s\u1eed d\u1ee5ng \u0111\u1ec3 ph\u00e1t hi\u1ec7n c\u00e1c v\u1ecb tr\u00ed kh\u00f4ng ti\u1ebfp x\u00fac ho\u1eb7c hao m\u00f2n.\u00a0Ch\u00fang \u0111\u01b0\u1ee3c s\u1eed d\u1ee5ng \u1edf nh\u1eefng n\u01a1i y\u00eau c\u1ea7u ph\u1ea1m vi c\u1ea3m bi\u1ebfn r\u1ea5t d\u00e0i.\u00a0V\u00ec t\u1eeb tr\u01b0\u1eddng xuy\u00ean qua t\u1ea5t c\u1ea3 c\u00e1c v\u1eadt li\u1ec7u kh\u00f4ng nhi\u1ec5m t\u1eeb, n\u00ean c\u00e1c c\u1ea3m bi\u1ebfn c\u00f3 th\u1ec3 ph\u00e1t hi\u1ec7n nam ch\u00e2m xuy\u00ean qua c\u00e1c b\u1ee9c t\u01b0\u1eddng l\u00e0m b\u1eb1ng th\u00e9p kh\u00f4ng g\u1ec9, nh\u00f4m, nh\u1ef1a ho\u1eb7c g\u1ed7.<\/p>\n<h1 class=\"product-listing__headline\">C\u00e1c d\u00f2ng s\u1ea3n ph\u1ea9m.<\/h1>\n<ul>\n<li>C\u1ea3m bi\u1ebfn h\u00ecnh tr\u1ee5: M, MS, MG, ME, MT Series.<\/li>\n<\/ul>\n<p><a href=\"https:\/\/restekequipment.com\/wp-content\/uploads\/2022\/08\/Cam-bien-hinh-tru..jpg\"><img loading=\"lazy\" decoding=\"async\" class=\"alignleft wp-image-3833\" src=\"https:\/\/restekequipment.com\/wp-content\/uploads\/2022\/08\/Cam-bien-hinh-tru.-300x300.jpg\" alt=\"\" width=\"175\" height=\"175\" srcset=\"https:\/\/restekequipment.com\/wp-content\/uploads\/2022\/08\/Cam-bien-hinh-tru.-300x300.jpg 300w, https:\/\/restekequipment.com\/wp-content\/uploads\/2022\/08\/Cam-bien-hinh-tru.-150x150.jpg 150w, https:\/\/restekequipment.com\/wp-content\/uploads\/2022\/08\/Cam-bien-hinh-tru.-100x100.jpg 100w, https:\/\/restekequipment.com\/wp-content\/uploads\/2022\/08\/Cam-bien-hinh-tru..jpg 500w\" sizes=\"auto, (max-width: 175px) 100vw, 175px\" \/><\/a><\/p>\n<p>&nbsp;<\/p>\n<p>&nbsp;<\/p>\n<p>&nbsp;<\/p>\n<p>&nbsp;<\/p>\n<p>&nbsp;<\/p>\n<p>&nbsp;<\/p>\n<ul>\n<li>C\u1ea3m bi\u1ebfn h\u00ecnh ch\u1eef nh\u1eadt: MQ, MS, MN Series.<\/li>\n<\/ul>\n<p><a href=\"https:\/\/restekequipment.com\/wp-content\/uploads\/2022\/08\/Cam-bien-hinh-chu-nhat..jpg\"><img loading=\"lazy\" decoding=\"async\" class=\"alignleft wp-image-3834\" src=\"https:\/\/restekequipment.com\/wp-content\/uploads\/2022\/08\/Cam-bien-hinh-chu-nhat.-300x300.jpg\" alt=\"\" width=\"175\" height=\"175\" srcset=\"https:\/\/restekequipment.com\/wp-content\/uploads\/2022\/08\/Cam-bien-hinh-chu-nhat.-300x300.jpg 300w, https:\/\/restekequipment.com\/wp-content\/uploads\/2022\/08\/Cam-bien-hinh-chu-nhat.-150x150.jpg 150w, https:\/\/restekequipment.com\/wp-content\/uploads\/2022\/08\/Cam-bien-hinh-chu-nhat.-100x100.jpg 100w, https:\/\/restekequipment.com\/wp-content\/uploads\/2022\/08\/Cam-bien-hinh-chu-nhat..jpg 500w\" sizes=\"auto, (max-width: 175px) 100vw, 175px\" \/><\/a><\/p>\n<p>&nbsp;<\/p>\n<p>&nbsp;<\/p>\n<p>&nbsp;<\/p>\n<p>&nbsp;<\/p>\n<p>&nbsp;<\/p>\n<p>&nbsp;<\/p>\n<ul>\n<li>C\u1ea3m bi\u1ebfn ch\u1ecbu \u00e1p su\u1ea5t: M, MF Series.<\/li>\n<\/ul>\n<p><a href=\"https:\/\/restekequipment.com\/wp-content\/uploads\/2022\/08\/Cam-bien-chiu-ap-suat..jpg\"><img loading=\"lazy\" decoding=\"async\" class=\"alignleft wp-image-3835\" src=\"https:\/\/restekequipment.com\/wp-content\/uploads\/2022\/08\/Cam-bien-chiu-ap-suat.-300x300.jpg\" alt=\"\" width=\"175\" height=\"175\" srcset=\"https:\/\/restekequipment.com\/wp-content\/uploads\/2022\/08\/Cam-bien-chiu-ap-suat.-300x300.jpg 300w, https:\/\/restekequipment.com\/wp-content\/uploads\/2022\/08\/Cam-bien-chiu-ap-suat.-150x150.jpg 150w, https:\/\/restekequipment.com\/wp-content\/uploads\/2022\/08\/Cam-bien-chiu-ap-suat.-100x100.jpg 100w, https:\/\/restekequipment.com\/wp-content\/uploads\/2022\/08\/Cam-bien-chiu-ap-suat..jpg 500w\" sizes=\"auto, (max-width: 175px) 100vw, 175px\" \/><\/a><\/p>\n<p>&nbsp;<\/p>\n<p>&nbsp;<\/p>\n<p>&nbsp;<\/p>\n<p>&nbsp;<\/p>\n<p>&nbsp;<\/p>\n<p>&nbsp;<\/p>\n<ul>\n<li>C\u1ea3m bi\u1ebfn to\u00e0n kim lo\u1ea1i: MF, MG Series.<\/li>\n<\/ul>\n<p><a href=\"https:\/\/restekequipment.com\/wp-content\/uploads\/2022\/08\/Cam-bien-toan-kim-loai..jpg\"><img loading=\"lazy\" decoding=\"async\" class=\"alignleft wp-image-3836\" src=\"https:\/\/restekequipment.com\/wp-content\/uploads\/2022\/08\/Cam-bien-toan-kim-loai.-300x300.jpg\" alt=\"\" width=\"175\" height=\"175\" srcset=\"https:\/\/restekequipment.com\/wp-content\/uploads\/2022\/08\/Cam-bien-toan-kim-loai.-300x300.jpg 300w, https:\/\/restekequipment.com\/wp-content\/uploads\/2022\/08\/Cam-bien-toan-kim-loai.-150x150.jpg 150w, https:\/\/restekequipment.com\/wp-content\/uploads\/2022\/08\/Cam-bien-toan-kim-loai.-100x100.jpg 100w, https:\/\/restekequipment.com\/wp-content\/uploads\/2022\/08\/Cam-bien-toan-kim-loai..jpg 500w\" sizes=\"auto, (max-width: 175px) 100vw, 175px\" \/><\/a><\/p>\n<p>&nbsp;<\/p>\n<p>&nbsp;<\/p>\n<p>&nbsp;<\/p>\n<p>&nbsp;<\/p>\n<p>&nbsp;<\/p>\n<p>&nbsp;<\/p>\n<ul>\n<li>C\u1ea3m bi\u1ebfn t\u1ed1c \u0111\u1ed9 cho \u1ed5 \u0111\u0129a &#8211; tr\u1ee5c: MX Series.<\/li>\n<\/ul>\n<p><a href=\"https:\/\/restekequipment.com\/wp-content\/uploads\/2022\/08\/Cam-bien-toc-do-cho-o-dia-truc..jpg\"><img loading=\"lazy\" decoding=\"async\" class=\"alignleft wp-image-3837\" src=\"https:\/\/restekequipment.com\/wp-content\/uploads\/2022\/08\/Cam-bien-toc-do-cho-o-dia-truc.-300x300.jpg\" alt=\"\" width=\"175\" height=\"175\" srcset=\"https:\/\/restekequipment.com\/wp-content\/uploads\/2022\/08\/Cam-bien-toc-do-cho-o-dia-truc.-300x300.jpg 300w, https:\/\/restekequipment.com\/wp-content\/uploads\/2022\/08\/Cam-bien-toc-do-cho-o-dia-truc.-150x150.jpg 150w, https:\/\/restekequipment.com\/wp-content\/uploads\/2022\/08\/Cam-bien-toc-do-cho-o-dia-truc.-100x100.jpg 100w, https:\/\/restekequipment.com\/wp-content\/uploads\/2022\/08\/Cam-bien-toc-do-cho-o-dia-truc..jpg 500w\" sizes=\"auto, (max-width: 175px) 100vw, 175px\" \/><\/a><\/p>\n<p>&nbsp;<\/p>\n<p>&nbsp;<\/p>\n<p>&nbsp;<\/p>\n<p>&nbsp;<\/p>\n<p>&nbsp;<\/p>\n<p>&nbsp;<\/p>\n<ul>\n<li>C\u1ea3m bi\u1ebfn s\u1eed d\u1ee5ng trong \u1ee9ng d\u1ee5ng h\u00e0n: MN Series.<\/li>\n<\/ul>\n<p><a href=\"https:\/\/restekequipment.com\/wp-content\/uploads\/2022\/08\/Cam-bien-su-dung-trong-ung-dung-han..jpg\"><img loading=\"lazy\" decoding=\"async\" class=\"alignleft wp-image-3838\" src=\"https:\/\/restekequipment.com\/wp-content\/uploads\/2022\/08\/Cam-bien-su-dung-trong-ung-dung-han.-300x300.jpg\" alt=\"\" width=\"175\" height=\"175\" srcset=\"https:\/\/restekequipment.com\/wp-content\/uploads\/2022\/08\/Cam-bien-su-dung-trong-ung-dung-han.-300x300.jpg 300w, https:\/\/restekequipment.com\/wp-content\/uploads\/2022\/08\/Cam-bien-su-dung-trong-ung-dung-han.-150x150.jpg 150w, https:\/\/restekequipment.com\/wp-content\/uploads\/2022\/08\/Cam-bien-su-dung-trong-ung-dung-han.-100x100.jpg 100w, https:\/\/restekequipment.com\/wp-content\/uploads\/2022\/08\/Cam-bien-su-dung-trong-ung-dung-han..jpg 500w\" sizes=\"auto, (max-width: 175px) 100vw, 175px\" \/><\/a><\/p>\n<p>&nbsp;<\/p>\n<p>&nbsp;<\/p>\n<p>&nbsp;<\/p>\n<p>&nbsp;<\/p>\n<p>&nbsp;<\/p>\n<ul>\n<li>C\u1ea3m bi\u1ebfn t\u1eeb t\u00ednh m\u00e3 h\u00f3a &#8211; c\u1ea3nh b\u00e1o: MN Series<\/li>\n<\/ul>\n<p><a href=\"https:\/\/restekequipment.com\/wp-content\/uploads\/2022\/08\/Cam-bien-tu-tinh-canh-bao..jpg\"><img loading=\"lazy\" decoding=\"async\" class=\"alignleft wp-image-3839\" src=\"https:\/\/restekequipment.com\/wp-content\/uploads\/2022\/08\/Cam-bien-tu-tinh-canh-bao.-300x300.jpg\" alt=\"\" width=\"175\" height=\"175\" srcset=\"https:\/\/restekequipment.com\/wp-content\/uploads\/2022\/08\/Cam-bien-tu-tinh-canh-bao.-300x300.jpg 300w, https:\/\/restekequipment.com\/wp-content\/uploads\/2022\/08\/Cam-bien-tu-tinh-canh-bao.-150x150.jpg 150w, https:\/\/restekequipment.com\/wp-content\/uploads\/2022\/08\/Cam-bien-tu-tinh-canh-bao.-100x100.jpg 100w, https:\/\/restekequipment.com\/wp-content\/uploads\/2022\/08\/Cam-bien-tu-tinh-canh-bao..jpg 500w\" sizes=\"auto, (max-width: 175px) 100vw, 175px\" \/><\/a><\/p>\n<p>&nbsp;<\/p>\n<p>&nbsp;<\/p>\n<p>&nbsp;<\/p>\n<p>&nbsp;<\/p>\n<p>&nbsp;<\/p>\n<p>&nbsp;<\/p>\n<p>&nbsp;<\/p>\n<p>&nbsp;<\/p>\n","protected":false},"excerpt":{"rendered":"<p>Li\u00ean h\u1ec7: Restek Co.ltd.,<\/p>\n<ul>\n<li>M\u00e3 s\u1ea3n ph\u1ea9m: C\u1ea3m bi\u1ebfn ti\u1ec7m c\u1eadn IFM<\/li>\n<li>Th\u01b0\u01a1ng hi\u1ec7u: IFM<\/li>\n<li>Xu\u1ea5t x\u1ee9: \u0110\u1ee9c<\/li>\n<li>B\u1ea3o h\u00e0nh:<\/li>\n<li>T\u00ecnh tr\u1ea1ng: m\u1edbi 100%<\/li>\n<\/ul>\n","protected":false},"featured_media":3832,"comment_status":"open","ping_status":"closed","template":"","meta":[],"product_brand":[],"product_cat":[555],"product_tag":[],"class_list":{"0":"post-3830","1":"product","2":"type-product","3":"status-publish","4":"has-post-thumbnail","6":"product_cat-cam-bien-tiem-can","8":"first","9":"instock","10":"shipping-taxable","11":"product-type-simple"},"_links":{"self":[{"href":"https:\/\/restekequipment.com\/index.php?rest_route=\/wp\/v2\/product\/3830","targetHints":{"allow":["GET"]}}],"collection":[{"href":"https:\/\/restekequipment.com\/index.php?rest_route=\/wp\/v2\/product"}],"about":[{"href":"https:\/\/restekequipment.com\/index.php?rest_route=\/wp\/v2\/types\/product"}],"replies":[{"embeddable":true,"href":"https:\/\/restekequipment.com\/index.php?rest_route=%2Fwp%2Fv2%2Fcomments&post=3830"}],"wp:featuredmedia":[{"embeddable":true,"href":"https:\/\/restekequipment.com\/index.php?rest_route=\/wp\/v2\/media\/3832"}],"wp:attachment":[{"href":"https:\/\/restekequipment.com\/index.php?rest_route=%2Fwp%2Fv2%2Fmedia&parent=3830"}],"wp:term":[{"taxonomy":"product_brand","embeddable":true,"href":"https:\/\/restekequipment.com\/index.php?rest_route=%2Fwp%2Fv2%2Fproduct_brand&post=3830"},{"taxonomy":"product_cat","embeddable":true,"href":"https:\/\/restekequipment.com\/index.php?rest_route=%2Fwp%2Fv2%2Fproduct_cat&post=3830"},{"taxonomy":"product_tag","embeddable":true,"href":"https:\/\/restekequipment.com\/index.php?rest_route=%2Fwp%2Fv2%2Fproduct_tag&post=3830"}],"curies":[{"name":"wp","href":"https:\/\/api.w.org\/{rel}","templated":true}]}}