{"id":3074,"date":"2022-02-27T17:35:32","date_gmt":"2022-02-27T10:35:32","guid":{"rendered":"https:\/\/restekequipment.com\/?post_type=product&#038;p=3074"},"modified":"2023-12-11T11:28:01","modified_gmt":"2023-12-11T04:28:01","slug":"bac-dan-goi-do-uct-asahi","status":"publish","type":"product","link":"https:\/\/restekequipment.com\/?product=bac-dan-goi-do-uct-asahi","title":{"rendered":"B\u1ea1c \u0111\u1ea1n g\u1ed1i \u0111\u1ee1 UCT &#8211; ASAHI"},"content":{"rendered":"<p>Th\u01b0\u01a1ng hi\u1ec7u <strong>g\u1ed1i \u0111\u1ee1 ASAHI<\/strong> b\u1eaft \u0111\u1ea7u s\u1ea3n xu\u1ea5t C\u1ee5m v\u00f2ng bi \u1ed5 \u0111\u1ee1 c\u00f4ng nghi\u1ec7p cung c\u1ea5p th\u1ecb tr\u01b0\u1eddng \u1edf Nh\u1eadt b\u1ea3n v\u00e0o n\u0103m 1950. T\u1eeb \u0111\u00f3 \u0111\u1ebfn nay ASAHI v\u1eabn ti\u1ebfp t\u1ee5c \u0111\u01b0\u1ee3c c\u00f4ng nh\u1eadn nh\u01b0 l\u00e0 m\u1ed9t nh\u00e0 s\u1ea3n xu\u1ea5t h\u00e0ng \u0111\u1ea7u s\u1eed d\u1ee5ng quy tr\u00ecnh c\u00f4ng ngh\u1ec7 k\u1ef9 thu\u1eadt \u0111\u1eb7c bi\u1ec7t cho c\u00e1c \u1ee9ng d\u1ee5ng c\u1ee5m v\u00f2ng bi \u1ed5 \u0111\u1ee1.<\/p>\n<p><strong>G\u1ed0I \u0110\u1ee0 V\u00d2NG BI ASAHI NH\u1eac<\/strong>T \u00a0l\u00e0 d\u00f2ng g\u1ed1i \u0111\u1ee1 \u0111\u01b0\u1ee3c c\u00e1c nh\u00e0 s\u1ea3n xu\u1ea5t m\u00e1y, b\u0103ng chuy\u1ec1n b\u0103ng t\u1ea3i.. \u0110\u00e1nh gi\u00e1 ch\u1ea5t l\u01b0\u1ee3ng v\u01b0\u1ee3t tr\u1ed9i nh\u1ea5t..<\/p>\n<p>M\u1ed9t s\u1ed1 d\u00f2ng s\u1ea3n ph\u1ea9m \u0111\u1eb7c tr\u01b0ng\u00a0<strong>G\u1ed1i \u0110\u1ee1 ASAHI<\/strong>\u00a0nh\u01b0 :\u00a0<strong>UCECH, UCF, UCFA, UCFC, UCFK, UCFL, UCP, UCPA, UCPH, UCT, UKFC, UKP, Ru\u1ed9t g\u1ed1i UC \u2013 UK..<\/strong><\/p>\n<p>V\u00f2ng bi g\u1ed1i \u0111\u1ee1 Asahi\u00a0\u0111\u01b0\u1ee3c thi\u1ebft k\u1ebf theo ti\u00eau chu\u1ea9n qu\u1ed1c t\u1ebf v\u1edbi ch\u1ea5t l\u01b0\u1ee3ng v\u01b0\u1ee3t tr\u1ed9i so v\u1edbi c\u00e1c d\u00f2ng g\u1ed1i \u0111\u1ee1 kh\u00e1c. Cho n\u00ean d\u00f2ng s\u1ea3n ph\u1ea9m v\u00f2ng bi g\u1ed1i \u0111\u1ee1 Asahi ho\u00e0n to\u00e0n c\u00f3 th\u1ec3 thay th\u1ebf c\u00e1c d\u00f2ng s\u1ea3n ph\u1ea9m c\u1ee7a SKF, NSK, NTN, FYH\u2026<\/p>\n<h3>B\u1ea0C \u0110\u1ea0N G\u1ed0I \u0110\u1ee0 ASAHI JAPAN \u2013 D\u00f2ng UCT<\/h3>\n<p>\u2013 B\u1ea0C \u0110\u1ea0N G\u1ed0I \u0110\u1ee0 ASAHI UCT c\u00f3 d\u00e3y s\u1ea3n ph\u1ea9m\u00a0 \u0111\u01b0\u1eddng k\u00ednh l\u1ed5 tr\u1ee5c\u00a0 t\u1eeb 12 \u0111\u1ebfn 90 mm (UCT 201, UCT 202, UCT 203 ,UCT 204, UCT 205, UCT 206 ,UCT 207 ,UCT 208,\u00a0 UCT 209,\u00a0 UCT 210,\u00a0\u00a0 UCT 211,\u00a0 UCT 212 UCT 213, UCT 214, UCT 215, UCT 216, UCT 217, UCT 305, UCT 306, UCT 307, UCT 308, UCT 309, UCT310, UCT 311, UCT 312, UCT 313, UCT 314, UCT 315, UCT 316, UCT 317, UCT 318, UCT 319, UCT 320, UCT 321, UCT 326 )<\/p>\n<h3>\u0110\u1eb6C \u0110I\u1ec2M G\u1ed0I \u0110\u1ee0 ASAHI UCT<\/h3>\n<p>D\u00f9ng v\u1ecf gang T li\u1ec1n m\u1ea3nh h\u00ecnh ch\u1eef T \u0111\u1ec3 \u0111\u1ea1t \u0111\u1ed9 c\u1ee9ng t\u1ed1i \u0111a nh\u1eb1m ch\u1ed1ng b\u1ecb bi\u1ebfn d\u1ea1ng ho\u1eb7c b\u1ecb m\u00e0i m\u00f2n l\u00fac l\u1eafp \u0111\u1eb7t c\u0169ng nh\u01b0 khi v\u1eadn h\u00e0nh. G\u1ed1i \u0111\u1ee1 ASAHI UCT s\u1eed d\u1ee5ng v\u00f2ng bi trong l\u00e0 UC thu\u1ed9c d\u1ea1ng bi c\u1ea7u 1 d\u00e3y bi. B\u1ea1c \u0111\u1ea1n n\u00e0y t\u01b0\u01a1ng t\u1ef1 d\u00f2ng bi 62xx v\u00e0 63xx, c\u00f3 th\u1ec3 ch\u1ecbu t\u1ea3i h\u01b0\u1edbng k\u00ednh v\u00e0 m\u1ed9t l\u01b0\u1ee3ng t\u01b0\u01a1ng \u0111\u1ed1i t\u1ea3i h\u01b0\u1edbng tr\u1ee5c. Nh\u1edd v\u00e0nh ngo\u00e0i c\u00f3 d\u1ea1ng h\u00ecnh c\u1ea7u b\u1ea1c \u0111\u1ea1n UC c\u00f3 kh\u1ea3 n\u0103ng t\u1ef1 l\u1ef1a<\/p>\n<p>\u0110i\u1ec1u n\u00e0y gi\u00fap v\u00f2ng bi ASAHI UCT th\u00edch \u1ee9ng \u0111\u01b0\u1ee3c v\u1edbi vi\u1ec7c b\u1ecb l\u1ec7ch tr\u1ee5c hay ch\u00e2n \u0111\u1ebf x\u00ea d\u1ecbch khi v\u1eadn h\u00e0nh. \u1ed5 bi UC c\u00f3 2 pho61tcha81n l\u00e0m b\u1eb1ng th\u00e9p v\u00e0 cao su k\u1ebft h\u1ee3p \u0111em l\u1ea1i hi\u1ec7u qu\u1ea3 l\u00e0m k\u00edn t\u1ed1t nh\u1ea5t. Nh\u1edd v\u1eady v\u00f2ng bi gi\u1eef \u0111\u01b0\u1ee3c l\u01b0\u1ee3ng m\u1ee1 b\u00f2 ch\u1ea5t l\u01b0\u1ee3ng cao n\u00ean c\u00f3 th\u1ec3 v\u1eadn h\u00e0nh ngay l\u1eadp t\u1ee9c sau khi l\u1eafp. Ngo\u00e0i ra tr\u00ean v\u1ecf g\u1ed1i c\u00f2n c\u00f3 g\u1eafn \u1ed1c m\u1edf \u0111\u1ec3 c\u1ea5p th\u00eam ch\u1ea5t b\u00f4i tr\u01a1n. Vi\u1ec7c c\u1ed1 \u0111\u1ecbnh tr\u1ee5c \u0111\u01b0\u1ee3c th\u1ef1c hi\u1ec7n b\u1eb1ng c\u00e1ch b\u1eaft v\u00edt l\u00ean l\u1ed5 v\u00edt \u1edf v\u00f2ng trong b\u1ea1c \u0111\u1ea1n UC.<\/p>\n<p><a href=\"https:\/\/restekequipment.com\/wp-content\/uploads\/2022\/02\/UCT.jpg\"><img loading=\"lazy\" decoding=\"async\" class=\"alignleft wp-image-3077\" src=\"https:\/\/restekequipment.com\/wp-content\/uploads\/2022\/02\/UCT-300x186.jpg\" alt=\"\" width=\"617\" height=\"383\" srcset=\"https:\/\/restekequipment.com\/wp-content\/uploads\/2022\/02\/UCT-300x186.jpg 300w, https:\/\/restekequipment.com\/wp-content\/uploads\/2022\/02\/UCT-510x316.jpg 510w, https:\/\/restekequipment.com\/wp-content\/uploads\/2022\/02\/UCT.jpg 523w\" sizes=\"auto, (max-width: 617px) 100vw, 617px\" \/><\/a> <a href=\"https:\/\/restekequipment.com\/wp-content\/uploads\/2022\/02\/UCT2.jpg\"><img loading=\"lazy\" decoding=\"async\" class=\"alignleft wp-image-3078\" src=\"https:\/\/restekequipment.com\/wp-content\/uploads\/2022\/02\/UCT2-300x168.jpg\" alt=\"\" width=\"759\" height=\"425\" srcset=\"https:\/\/restekequipment.com\/wp-content\/uploads\/2022\/02\/UCT2-300x168.jpg 300w, https:\/\/restekequipment.com\/wp-content\/uploads\/2022\/02\/UCT2-768x431.jpg 768w, https:\/\/restekequipment.com\/wp-content\/uploads\/2022\/02\/UCT2-510x286.jpg 510w, https:\/\/restekequipment.com\/wp-content\/uploads\/2022\/02\/UCT2.jpg 849w\" sizes=\"auto, (max-width: 759px) 100vw, 759px\" \/><\/a><\/p>\n","protected":false},"excerpt":{"rendered":"<div>T\u00ean s\u1ea3n ph\u1ea9m: b\u1ea1c \u0111\u1ea1n g\u1ed1i \u0111\u1ee1 UCT<\/div>\n<div>Model: UCT<\/div>\n<div>Th\u01b0\u01a1ng hi\u1ec7u:\u00a0 \u00a0ASAHI- Japan<\/div>\n<div>\u0110\u01a1n v\u1ecb t\u00ednh: C\u00e1i<\/div>\n","protected":false},"featured_media":3076,"comment_status":"open","ping_status":"closed","template":"","meta":[],"product_brand":[],"product_cat":[174,276],"product_tag":[1532,1643],"class_list":{"0":"post-3074","1":"product","2":"type-product","3":"status-publish","4":"has-post-thumbnail","6":"product_cat-bearing","7":"product_cat-vong-bi-goi-do","8":"product_tag-bac-dan-goi-asahi-tai-bau-bang-binh-phuoc","9":"product_tag-bac-dan-goi-do-uct-asahi","10":"pa_nha-san-xuat-asahi","12":"first","13":"instock","14":"shipping-taxable","15":"product-type-simple"},"_links":{"self":[{"href":"https:\/\/restekequipment.com\/index.php?rest_route=\/wp\/v2\/product\/3074","targetHints":{"allow":["GET"]}}],"collection":[{"href":"https:\/\/restekequipment.com\/index.php?rest_route=\/wp\/v2\/product"}],"about":[{"href":"https:\/\/restekequipment.com\/index.php?rest_route=\/wp\/v2\/types\/product"}],"replies":[{"embeddable":true,"href":"https:\/\/restekequipment.com\/index.php?rest_route=%2Fwp%2Fv2%2Fcomments&post=3074"}],"wp:featuredmedia":[{"embeddable":true,"href":"https:\/\/restekequipment.com\/index.php?rest_route=\/wp\/v2\/media\/3076"}],"wp:attachment":[{"href":"https:\/\/restekequipment.com\/index.php?rest_route=%2Fwp%2Fv2%2Fmedia&parent=3074"}],"wp:term":[{"taxonomy":"product_brand","embeddable":true,"href":"https:\/\/restekequipment.com\/index.php?rest_route=%2Fwp%2Fv2%2Fproduct_brand&post=3074"},{"taxonomy":"product_cat","embeddable":true,"href":"https:\/\/restekequipment.com\/index.php?rest_route=%2Fwp%2Fv2%2Fproduct_cat&post=3074"},{"taxonomy":"product_tag","embeddable":true,"href":"https:\/\/restekequipment.com\/index.php?rest_route=%2Fwp%2Fv2%2Fproduct_tag&post=3074"}],"curies":[{"name":"wp","href":"https:\/\/api.w.org\/{rel}","templated":true}]}}