{"id":3054,"date":"2022-01-09T12:10:17","date_gmt":"2022-01-09T05:10:17","guid":{"rendered":"https:\/\/restekequipment.com\/?post_type=product&#038;p=3047"},"modified":"2022-01-09T12:24:25","modified_gmt":"2022-01-09T05:24:25","slug":"3054","status":"publish","type":"product","link":"https:\/\/restekequipment.com\/?product=3054&lang=en","title":{"rendered":"\u00a0Unit bearing UCFL"},"content":{"rendered":"<p>Th\u01b0\u01a1ng hi\u1ec7u\u00a0<strong>g\u1ed1i \u0111\u1ee1 ASAHI<\/strong>\u00a0b\u1eaft \u0111\u1ea7u s\u1ea3n xu\u1ea5t. C\u1ee5m v\u00f2ng bi \u1ed5 \u0111\u1ee1 c\u00f4ng nghi\u1ec7p cung c\u1ea5p th\u1ecb tr\u01b0\u1eddng \u1edf Nh\u1eadt b\u1ea3n v\u00e0o n\u0103m 1950. T\u1eeb \u0111\u00f3 \u0111\u1ebfn nay ASAHI v\u1eabn ti\u1ebfp t\u1ee5c \u0111\u01b0\u1ee3c c\u00f4ng nh\u1eadn nh\u01b0 l\u00e0 m\u1ed9t nh\u00e0 s\u1ea3n xu\u1ea5t h\u00e0ng \u0111\u1ea7u s\u1eed d\u1ee5ng quy tr\u00ecnh c\u00f4ng ngh\u1ec7 k\u1ef9 thu\u1eadt \u0111\u1eb7c bi\u1ec7t cho c\u00e1c \u1ee9ng d\u1ee5ng c\u1ee5m v\u00f2ng bi \u1ed5 \u0111\u1ee1.<\/p>\n<p><strong>G\u1ed0I \u0110\u1ee0 V\u00d2NG BI ASAHI NH\u1eac<\/strong>T \u00a0l\u00e0 d\u00f2ng g\u1ed1i \u0111\u1ee1 \u0111\u01b0\u1ee3c c\u00e1c nh\u00e0 s\u1ea3n xu\u1ea5t m\u00e1y, b\u0103ng chuy\u1ec1n b\u0103ng t\u1ea3i.. \u0110\u00e1nh gi\u00e1 ch\u1ea5t l\u01b0\u1ee3ng v\u01b0\u1ee3t tr\u1ed9i nh\u1ea5t.<\/p>\n<p>M\u1ed9t s\u1ed1 d\u00f2ng s\u1ea3n ph\u1ea9m \u0111\u1eb7c tr\u01b0ng\u00a0<strong>G\u1ed1i \u0110\u1ee1 ASAHI<\/strong>\u00a0nh\u01b0 :\u00a0<strong>UCECH, UCF, UCFA, UCFC, UCFK, UCFL, UCP, UCPA, UCPH, UCT, UKFC, UKP, Ru\u1ed9t g\u1ed1i UC \u2013 UK..<\/strong><\/p>\n<p>V\u00f2ng bi g\u1ed1i \u0111\u1ee1 Asahi\u00a0\u0111\u01b0\u1ee3c thi\u1ebft k\u1ebf theo ti\u00eau chu\u1ea9n qu\u1ed1c t\u1ebf v\u1edbi ch\u1ea5t l\u01b0\u1ee3ng v\u01b0\u1ee3t tr\u1ed9i so v\u1edbi c\u00e1c d\u00f2ng g\u1ed1i \u0111\u1ee1 kh\u00e1c. Cho n\u00ean d\u00f2ng s\u1ea3n ph\u1ea9m v\u00f2ng bi g\u1ed1i \u0111\u1ee1 Asahi ho\u00e0n to\u00e0n c\u00f3 th\u1ec3 thay th\u1ebf c\u00e1c d\u00f2ng s\u1ea3n ph\u1ea9m c\u1ee7a SKF, NSK, NTN, FYH\u2026<\/p>\n<h3>G\u1ed0I \u0110\u1ee0 ASAHI JAPAN \u2013 D\u00f2ng UCFL<\/h3>\n<p>V\u00d2NG BI G\u1ed0I \u0110\u1ee0 ASAHI UCFL c\u00f3 d\u00e3y s\u1ea3n ph\u1ea9m\u00a0 \u0111\u01b0\u1eddng k\u00ednh l\u1ed5 tr\u1ee5c\u00a0 t\u1eeb 15 \u0111\u1ebfn 90 mm (UCFL 203 ,UCFL 204, UCFL 205, UCFL 206 ,UCFL 207 ,UCFL 208,\u00a0 UCFL 209,\u00a0 UCFL 210,\u00a0\u00a0 UCFL 211,\u00a0 UCFL 212 UCFL 213, UCFL 214, UCFL 215, UCFL 216, UCFL 217, UCFL 218, )<br \/>\n-V\u00d2NG BI G\u1ed0I \u0110\u1ee0 ASAHI UCFL c\u00f3 h\u00ecnh d\u00e1ng kh\u00e1 gi\u1ed1ng c\u00e1i h\u1ed9t xo\u00e0i , n\u00ean ng\u01b0\u1eddi ta c\u00f2n g\u1ecdi l\u00e0 g\u1ed1i h\u1ed9t xo\u00e0i . V\u1ecf v\u00f2ng bi UCFL \u0111\u01b0\u1ee3c \u0111\u00fac b\u1eb1ng h\u1ee3p kim gang ch\u1ecbu l\u1ef1c,kh\u00e1 b\u00ean,\u00edt n\u1ee9t khi b\u1ecb va \u0111\u1eadp m\u1ea1nh. V\u00f2ng bi UC ph\u00eda trong \u0111\u01b0\u1ee3c ch\u1ebf t\u1ea1o b\u1eb1ng h\u1ee3p kim th\u00e9p \u0111\u1eb7c bi\u1ec7t c\u1ee7a h\u1ea3ng ASAHI, v\u1eeba c\u00f3 t\u00ednh d\u1ebbo,v\u1eeba ch\u1ecbu \u0111\u01b0\u1ee3c s\u1ef1 m\u00e0i m\u00f2n cao, gi\u1ea3n n\u1edf nhi\u1ec7t t\u1ed1t.<\/p>\n<h3>Th\u00f4ng s\u1ed1 k\u1ef9 thu\u1eadt v\u00e0 k\u00edch th\u01b0\u1edbc v\u00f2ng bi Asahi Japan<\/h3>\n<p><a href=\"https:\/\/restekequipment.com\/wp-content\/uploads\/2022\/01\/BEARING-UCFL.jpg\"><img loading=\"lazy\" decoding=\"async\" class=\"alignleft wp-image-3049\" src=\"https:\/\/restekequipment.com\/wp-content\/uploads\/2022\/01\/BEARING-UCFL-300x163.jpg\" alt=\"\" width=\"697\" height=\"379\" srcset=\"https:\/\/restekequipment.com\/wp-content\/uploads\/2022\/01\/BEARING-UCFL-300x163.jpg?v=1641705103 300w, https:\/\/restekequipment.com\/wp-content\/uploads\/2022\/01\/BEARING-UCFL-510x277.jpg?v=1641705103 510w, https:\/\/restekequipment.com\/wp-content\/uploads\/2022\/01\/BEARING-UCFL.jpg?v=1641705103 731w\" sizes=\"auto, (max-width: 697px) 100vw, 697px\" \/><\/a> <a href=\"https:\/\/restekequipment.com\/wp-content\/uploads\/2022\/01\/UCFL.png\"><img loading=\"lazy\" decoding=\"async\" class=\"alignleft wp-image-3051\" src=\"https:\/\/restekequipment.com\/wp-content\/uploads\/2022\/01\/UCFL-300x213.png\" alt=\"\" width=\"707\" height=\"502\" srcset=\"https:\/\/restekequipment.com\/wp-content\/uploads\/2022\/01\/UCFL-300x213.png?v=1641705106 300w, https:\/\/restekequipment.com\/wp-content\/uploads\/2022\/01\/UCFL-510x362.png?v=1641705106 510w, https:\/\/restekequipment.com\/wp-content\/uploads\/2022\/01\/UCFL.png?v=1641705106 698w\" sizes=\"auto, (max-width: 707px) 100vw, 707px\" \/><\/a><\/p>\n","protected":false},"excerpt":{"rendered":"<div><\/div>\n<div>\n<div>T\u00ean s\u1ea3n ph\u1ea9m: b\u1ea1c \u0111\u1ea1n g\u1ed1i \u0111\u1ee1 UCFL<\/div>\n<div>Model: UCFL<\/div>\n<div>Th\u01b0\u01a1ng hi\u1ec7u:\u00a0 \u00a0ASAHI- Japan<\/div>\n<div>\u0110\u01a1n v\u1ecb t\u00ednh: C\u00e1i<\/div>\n<\/div>\n<div><\/div>\n<div><\/div>\n","protected":false},"featured_media":3053,"comment_status":"open","ping_status":"closed","template":"","meta":[],"product_brand":[],"product_cat":[673],"product_tag":[1632],"class_list":{"0":"post-3054","1":"product","2":"type-product","3":"status-publish","4":"has-post-thumbnail","6":"product_cat-unit-bearing","7":"product_tag-unit-bearing-ucfl","8":"pa_nha-san-xuat-asahi-en","10":"first","11":"instock","12":"shipping-taxable","13":"product-type-simple"},"_links":{"self":[{"href":"https:\/\/restekequipment.com\/index.php?rest_route=\/wp\/v2\/product\/3054","targetHints":{"allow":["GET"]}}],"collection":[{"href":"https:\/\/restekequipment.com\/index.php?rest_route=\/wp\/v2\/product"}],"about":[{"href":"https:\/\/restekequipment.com\/index.php?rest_route=\/wp\/v2\/types\/product"}],"replies":[{"embeddable":true,"href":"https:\/\/restekequipment.com\/index.php?rest_route=%2Fwp%2Fv2%2Fcomments&post=3054"}],"wp:featuredmedia":[{"embeddable":true,"href":"https:\/\/restekequipment.com\/index.php?rest_route=\/wp\/v2\/media\/3053"}],"wp:attachment":[{"href":"https:\/\/restekequipment.com\/index.php?rest_route=%2Fwp%2Fv2%2Fmedia&parent=3054"}],"wp:term":[{"taxonomy":"product_brand","embeddable":true,"href":"https:\/\/restekequipment.com\/index.php?rest_route=%2Fwp%2Fv2%2Fproduct_brand&post=3054"},{"taxonomy":"product_cat","embeddable":true,"href":"https:\/\/restekequipment.com\/index.php?rest_route=%2Fwp%2Fv2%2Fproduct_cat&post=3054"},{"taxonomy":"product_tag","embeddable":true,"href":"https:\/\/restekequipment.com\/index.php?rest_route=%2Fwp%2Fv2%2Fproduct_tag&post=3054"}],"curies":[{"name":"wp","href":"https:\/\/api.w.org\/{rel}","templated":true}]}}