{"id":3037,"date":"2022-01-09T10:59:14","date_gmt":"2022-01-09T03:59:14","guid":{"rendered":"https:\/\/restekequipment.com\/?post_type=product&#038;p=3037"},"modified":"2022-01-09T11:21:50","modified_gmt":"2022-01-09T04:21:50","slug":"bac-dan-goi-do-ucf-asahi","status":"publish","type":"product","link":"https:\/\/restekequipment.com\/?product=bac-dan-goi-do-ucf-asahi","title":{"rendered":"B\u1ea1c \u0111\u1ea1n g\u1ed1i \u0111\u1ee1 UCF &#8211; ASAHI"},"content":{"rendered":"<p>Th\u01b0\u01a1ng hi\u1ec7u\u00a0<strong>g\u1ed1i \u0111\u1ee1 ASAHI<\/strong>\u00a0b\u1eaft \u0111\u1ea7u s\u1ea3n xu\u1ea5t. C\u1ee5m v\u00f2ng bi \u1ed5 \u0111\u1ee1 c\u00f4ng nghi\u1ec7p cung c\u1ea5p th\u1ecb tr\u01b0\u1eddng \u1edf Nh\u1eadt b\u1ea3n v\u00e0o n\u0103m 1950. T\u1eeb \u0111\u00f3 \u0111\u1ebfn nay ASAHI v\u1eabn ti\u1ebfp t\u1ee5c \u0111\u01b0\u1ee3c c\u00f4ng nh\u1eadn nh\u01b0 l\u00e0 m\u1ed9t nh\u00e0 s\u1ea3n xu\u1ea5t h\u00e0ng \u0111\u1ea7u s\u1eed d\u1ee5ng quy tr\u00ecnh c\u00f4ng ngh\u1ec7 k\u1ef9 thu\u1eadt \u0111\u1eb7c bi\u1ec7t cho c\u00e1c \u1ee9ng d\u1ee5ng c\u1ee5m v\u00f2ng bi \u1ed5 \u0111\u1ee1.<\/p>\n<p><strong>G\u1ed0I \u0110\u1ee0 V\u00d2NG BI ASAHI NH\u1eac<\/strong>T \u00a0l\u00e0 d\u00f2ng g\u1ed1i \u0111\u1ee1 \u0111\u01b0\u1ee3c c\u00e1c nh\u00e0 s\u1ea3n xu\u1ea5t m\u00e1y, b\u0103ng chuy\u1ec1n b\u0103ng t\u1ea3i.. \u0110\u00e1nh gi\u00e1 ch\u1ea5t l\u01b0\u1ee3ng v\u01b0\u1ee3t tr\u1ed9i nh\u1ea5t.<\/p>\n<p>M\u1ed9t s\u1ed1 d\u00f2ng s\u1ea3n ph\u1ea9m \u0111\u1eb7c tr\u01b0ng\u00a0<strong>G\u1ed1i \u0110\u1ee1 ASAHI<\/strong>\u00a0nh\u01b0 :\u00a0<strong>UCECH, UCF, UCFA, UCFC, UCFK, UCFL, UCP, UCPA, UCPH, UCT, UKFC, UKP, Ru\u1ed9t g\u1ed1i UC \u2013 UK..<\/strong><\/p>\n<p>V\u00f2ng bi g\u1ed1i \u0111\u1ee1 Asahi\u00a0\u0111\u01b0\u1ee3c thi\u1ebft k\u1ebf theo ti\u00eau chu\u1ea9n qu\u1ed1c t\u1ebf v\u1edbi ch\u1ea5t l\u01b0\u1ee3ng v\u01b0\u1ee3t tr\u1ed9i so v\u1edbi c\u00e1c d\u00f2ng g\u1ed1i \u0111\u1ee1 kh\u00e1c. Cho n\u00ean d\u00f2ng s\u1ea3n ph\u1ea9m v\u00f2ng bi g\u1ed1i \u0111\u1ee1 Asahi ho\u00e0n to\u00e0n c\u00f3 th\u1ec3 thay th\u1ebf c\u00e1c d\u00f2ng s\u1ea3n ph\u1ea9m c\u1ee7a SKF, NSK, NTN, FYH\u2026<\/p>\n<h3>G\u1ed0I \u0110\u1ee0 ASAHI JAPAN \u2013 D\u00f2ng UCF<\/h3>\n<p>V\u00f2ng bi g\u1ed1i \u0111\u1ee1 ASAHI l\u00e0 th\u01b0\u01a1ng hi\u1ec7u v\u00f2ng bi g\u1ed1i \u0111\u1ee1 h\u00e0ng \u0111\u1ea7u c\u1ee7a Nh\u1eadt B\u1ea3n.V\u00f2ng bi G\u1ed1i \u0110\u1ee1 ASAHI c\u00f3 \u0111a d\u1ea1ng ch\u1ee7ng lo\u1ea1i v\u00e0 k\u00edch c\u1ee1. V\u00f2ng Bi G\u1ed1i \u0110\u1ee1 UCF c\u1ee7a h\u00e3ng ASAHI l\u00e0 d\u1ea1ng g\u1ed1i h\u00ecnh vu\u00f4ng, c\u00f3 b\u1ed1n l\u1ed5 b\u1eaft bulong\u2026<\/p>\n<p>G\u1ed1i \u0111\u1ee1 UCF\u00a0 = V\u00f2ng Bi UC + G\u1ed1i F ASAHI. G\u1ed1i \u0111\u1edf UKF\u00a0 = V\u00f2ng Bi UK + G\u1ed1i F ( \u0111i k\u00e8m m\u0103ng xong H23xx , v\u00ed d\u1ee5 H2309 \u0111i v\u1edbi g\u1ed1i \u0111\u1ee1 UKF209 ).<\/p>\n<h3>Th\u00f4ng s\u1ed1 k\u1ef9 thu\u1eadt v\u00e0 k\u00edch th\u01b0\u1edbc v\u00f2ng bi Asahi Japan<\/h3>\n<p><a href=\"https:\/\/restekequipment.com\/wp-content\/uploads\/2022\/01\/UCF-BEARING.jpg\"><img loading=\"lazy\" decoding=\"async\" class=\"alignleft wp-image-3043\" src=\"https:\/\/restekequipment.com\/wp-content\/uploads\/2022\/01\/UCF-BEARING-300x162.jpg\" alt=\"\" width=\"713\" height=\"385\" srcset=\"https:\/\/restekequipment.com\/wp-content\/uploads\/2022\/01\/UCF-BEARING-300x162.jpg 300w, https:\/\/restekequipment.com\/wp-content\/uploads\/2022\/01\/UCF-BEARING-510x276.jpg 510w, https:\/\/restekequipment.com\/wp-content\/uploads\/2022\/01\/UCF-BEARING.jpg 752w\" sizes=\"auto, (max-width: 713px) 100vw, 713px\" \/><\/a><\/p>\n<p>&nbsp;<\/p>\n<table style=\"height: 1250px\" border=\"1\" width=\"613\" cellspacing=\"0\" cellpadding=\"0\">\n<tbody>\n<tr>\n<td rowspan=\"2\">Unit number<\/td>\n<td rowspan=\"2\">Shaft size (mm)<\/td>\n<td rowspan=\"2\">L Dimension (mm)<\/td>\n<td rowspan=\"2\">J Dimension (mm)<\/td>\n<td colspan=\"2\">Basic Load\u00a0 Ratings (kN)<\/td>\n<\/tr>\n<tr>\n<td>Cr<\/td>\n<td>Cor<\/td>\n<\/tr>\n<tr>\n<td>UCF 204<\/td>\n<td>20<\/td>\n<td>86<\/td>\n<td>64<\/td>\n<td>12.8<\/td>\n<td>6.6<\/td>\n<\/tr>\n<tr>\n<td>UCF 205<\/td>\n<td>25<\/td>\n<td>95<\/td>\n<td>70<\/td>\n<td>14<\/td>\n<td>7.9<\/td>\n<\/tr>\n<tr>\n<td>UCF 206<\/td>\n<td>30<\/td>\n<td>108<\/td>\n<td>83<\/td>\n<td>19.6<\/td>\n<td>11.3<\/td>\n<\/tr>\n<tr>\n<td>UCF 207<\/td>\n<td>35<\/td>\n<td>117<\/td>\n<td>92<\/td>\n<td>25.9<\/td>\n<td>15.4<\/td>\n<\/tr>\n<tr>\n<td>UCF 208<\/td>\n<td>40<\/td>\n<td>130<\/td>\n<td>102<\/td>\n<td>29.3<\/td>\n<td>17.9<\/td>\n<\/tr>\n<tr>\n<td>UCF 209<\/td>\n<td>45<\/td>\n<td>137<\/td>\n<td>105<\/td>\n<td>33<\/td>\n<td>20.5<\/td>\n<\/tr>\n<tr>\n<td>UCF 210<\/td>\n<td>50<\/td>\n<td>143<\/td>\n<td>111<\/td>\n<td>35.5<\/td>\n<td>23.2<\/td>\n<\/tr>\n<tr>\n<td>UCF 211<\/td>\n<td>55<\/td>\n<td>162<\/td>\n<td>130<\/td>\n<td>43<\/td>\n<td>29.4<\/td>\n<\/tr>\n<tr>\n<td>UCF 212<\/td>\n<td>60<\/td>\n<td>175<\/td>\n<td>143<\/td>\n<td>52.5<\/td>\n<td>36.1<\/td>\n<\/tr>\n<tr>\n<td>UCF 213<\/td>\n<td>65<\/td>\n<td>187<\/td>\n<td>149<\/td>\n<td>57.5<\/td>\n<td>40<\/td>\n<\/tr>\n<tr>\n<td>UCF 214<\/td>\n<td>70<\/td>\n<td>193<\/td>\n<td>152<\/td>\n<td>62<\/td>\n<td>44<\/td>\n<\/tr>\n<tr>\n<td>UCF 215<\/td>\n<td>75<\/td>\n<td>200<\/td>\n<td>159<\/td>\n<td>66<\/td>\n<td>48.2<\/td>\n<\/tr>\n<tr>\n<td>UCF 216<\/td>\n<td>80<\/td>\n<td>208<\/td>\n<td>165<\/td>\n<td>72.5<\/td>\n<td>53<\/td>\n<\/tr>\n<tr>\n<td>UCF 217<\/td>\n<td>85<\/td>\n<td>220<\/td>\n<td>175<\/td>\n<td>83.5<\/td>\n<td>61.8<\/td>\n<\/tr>\n<tr>\n<td>UCF 218<\/td>\n<td>90<\/td>\n<td>235<\/td>\n<td>187<\/td>\n<td>95.5<\/td>\n<td>71.4<\/td>\n<\/tr>\n<tr>\n<td>UCF 306<\/td>\n<td>30<\/td>\n<td>125<\/td>\n<td>95<\/td>\n<td>26.8<\/td>\n<td>15<\/td>\n<\/tr>\n<tr>\n<td>UCF 307<\/td>\n<td>35<\/td>\n<td>135<\/td>\n<td>100<\/td>\n<td>33.5<\/td>\n<td>19.2<\/td>\n<\/tr>\n<tr>\n<td>UCF 308<\/td>\n<td>40<\/td>\n<td>150<\/td>\n<td>112<\/td>\n<td>40.5<\/td>\n<td>23.9<\/td>\n<\/tr>\n<tr>\n<td>UCF 309<\/td>\n<td>45<\/td>\n<td>160<\/td>\n<td>125<\/td>\n<td>51.5<\/td>\n<td>29.5<\/td>\n<\/tr>\n<tr>\n<td>UCF 310<\/td>\n<td>50<\/td>\n<td>175<\/td>\n<td>132<\/td>\n<td>61.5<\/td>\n<td>38.2<\/td>\n<\/tr>\n<tr>\n<td>UCF 311<\/td>\n<td>55<\/td>\n<td>185<\/td>\n<td>140<\/td>\n<td>71.5<\/td>\n<td>44.8<\/td>\n<\/tr>\n<tr>\n<td>UCF 312<\/td>\n<td>60<\/td>\n<td>195<\/td>\n<td>150<\/td>\n<td>81.5<\/td>\n<td>52<\/td>\n<\/tr>\n<tr>\n<td>UCF 313<\/td>\n<td>65<\/td>\n<td>208<\/td>\n<td>166<\/td>\n<td>92.5<\/td>\n<td>59.7<\/td>\n<\/tr>\n<tr>\n<td>UCF 314<\/td>\n<td>70<\/td>\n<td>226<\/td>\n<td>178<\/td>\n<td>104<\/td>\n<td>68<\/td>\n<\/tr>\n<tr>\n<td>UCF 315<\/td>\n<td>75<\/td>\n<td>236<\/td>\n<td>184<\/td>\n<td>114<\/td>\n<td>76.9<\/td>\n<\/tr>\n<tr>\n<td>UCF 316<\/td>\n<td>80<\/td>\n<td>250<\/td>\n<td>196<\/td>\n<td>123<\/td>\n<td>86.4<\/td>\n<\/tr>\n<tr>\n<td>UCF 318<\/td>\n<td>90<\/td>\n<td>280<\/td>\n<td>216<\/td>\n<td>143<\/td>\n<td>107.2<\/td>\n<\/tr>\n<tr>\n<td>UCF 320<\/td>\n<td>100<\/td>\n<td>310<\/td>\n<td>242<\/td>\n<td>173<\/td>\n<td>140.4<\/td>\n<\/tr>\n<tr>\n<td>UKF 205<\/td>\n<td>20<\/td>\n<td>95<\/td>\n<td>70<\/td>\n<td>14<\/td>\n<td>7.9<\/td>\n<\/tr>\n<tr>\n<td>UKF 206<\/td>\n<td>25<\/td>\n<td>108<\/td>\n<td>83<\/td>\n<td>19.6<\/td>\n<td>11.3<\/td>\n<\/tr>\n<tr>\n<td>UKF 207<\/td>\n<td>30<\/td>\n<td>117<\/td>\n<td>92<\/td>\n<td>25.9<\/td>\n<td>15.4<\/td>\n<\/tr>\n<tr>\n<td>UKF 208<\/td>\n<td>35<\/td>\n<td>130<\/td>\n<td>102<\/td>\n<td>29.3<\/td>\n<td>17.9<\/td>\n<\/tr>\n<tr>\n<td>UKF 209<\/td>\n<td>40<\/td>\n<td>137<\/td>\n<td>105<\/td>\n<td>33<\/td>\n<td>20.5<\/td>\n<\/tr>\n<tr>\n<td>UKF 210<\/td>\n<td>45<\/td>\n<td>143<\/td>\n<td>111<\/td>\n<td>35.5<\/td>\n<td>23.2<\/td>\n<\/tr>\n<tr>\n<td>UKF 211<\/td>\n<td>50<\/td>\n<td>162<\/td>\n<td>130<\/td>\n<td>43<\/td>\n<td>29.4<\/td>\n<\/tr>\n<tr>\n<td>UKF 212<\/td>\n<td>55<\/td>\n<td>175<\/td>\n<td>143<\/td>\n<td>52.5<\/td>\n<td>36.1<\/td>\n<\/tr>\n<tr>\n<td>UKF 213<\/td>\n<td>60<\/td>\n<td>187<\/td>\n<td>149<\/td>\n<td>57.5<\/td>\n<td>40<\/td>\n<\/tr>\n<tr>\n<td>UKF 215<\/td>\n<td>65<\/td>\n<td>200<\/td>\n<td>159<\/td>\n<td>66<\/td>\n<td>48.2<\/td>\n<\/tr>\n<tr>\n<td>UKF 216<\/td>\n<td>70<\/td>\n<td>208<\/td>\n<td>165<\/td>\n<td>72.5<\/td>\n<td>53<\/td>\n<\/tr>\n<tr>\n<td>UKF 217<\/td>\n<td>75<\/td>\n<td>220<\/td>\n<td>175<\/td>\n<td>83.5<\/td>\n<td>61.8<\/td>\n<\/tr>\n<tr>\n<td>UKF 308<\/td>\n<td>35<\/td>\n<td>235<\/td>\n<td>112<\/td>\n<td>40.5<\/td>\n<td>23.9<\/td>\n<\/tr>\n<tr>\n<td>UKF 309<\/td>\n<td>40<\/td>\n<td>160<\/td>\n<td>125<\/td>\n<td>51.5<\/td>\n<td>29.5<\/td>\n<\/tr>\n<tr>\n<td>UKF 310<\/td>\n<td>45<\/td>\n<td>175<\/td>\n<td>132<\/td>\n<td>61.5<\/td>\n<td>38.2<\/td>\n<\/tr>\n<tr>\n<td>UKF 311<\/td>\n<td>50<\/td>\n<td>185<\/td>\n<td>140<\/td>\n<td>71.5<\/td>\n<td>44.8<\/td>\n<\/tr>\n<tr>\n<td>UKF 312<\/td>\n<td>55<\/td>\n<td>195<\/td>\n<td>150<\/td>\n<td>81.5<\/td>\n<td>52<\/td>\n<\/tr>\n<tr>\n<td>UKF 313<\/td>\n<td>60<\/td>\n<td>208<\/td>\n<td>166<\/td>\n<td>92.5<\/td>\n<td>59.7<\/td>\n<\/tr>\n<tr>\n<td>UKF 315<\/td>\n<td>65<\/td>\n<td>236<\/td>\n<td>184<\/td>\n<td>114<\/td>\n<td>76.9<\/td>\n<\/tr>\n<tr>\n<td>UKF 318<\/td>\n<td>80<\/td>\n<td>280<\/td>\n<td>216<\/td>\n<td>143<\/td>\n<td>107.2<\/td>\n<\/tr>\n<tr>\n<td>UKF 320<\/td>\n<td>90<\/td>\n<td>310<\/td>\n<td>242<\/td>\n<td>173<\/td>\n<td>140.4<\/td>\n<\/tr>\n<\/tbody>\n<\/table>\n","protected":false},"excerpt":{"rendered":"<div>T\u00ean s\u1ea3n ph\u1ea9m: b\u1ea1c \u0111\u1ea1n g\u1ed1i \u0111\u1ee1 UCF<\/div>\n<div>Model: UCF<\/div>\n<div>Th\u01b0\u01a1ng hi\u1ec7u:\u00a0 \u00a0ASAHI- Japan<\/div>\n<div>\u0110\u01a1n v\u1ecb t\u00ednh: C\u00e1i<\/div>\n","protected":false},"featured_media":3041,"comment_status":"open","ping_status":"closed","template":"","meta":[],"product_brand":[],"product_cat":[174,276],"product_tag":[1616,1618],"class_list":{"0":"post-3037","1":"product","2":"type-product","3":"status-publish","4":"has-post-thumbnail","6":"product_cat-bearing","7":"product_cat-vong-bi-goi-do","8":"product_tag-bac-dan-goi-do-ucf-asah","9":"product_tag-bac-dan-ucf-tai-bau-bang-binh-phuoc","10":"pa_nha-san-xuat-asahi","12":"first","13":"instock","14":"shipping-taxable","15":"product-type-simple"},"_links":{"self":[{"href":"https:\/\/restekequipment.com\/index.php?rest_route=\/wp\/v2\/product\/3037","targetHints":{"allow":["GET"]}}],"collection":[{"href":"https:\/\/restekequipment.com\/index.php?rest_route=\/wp\/v2\/product"}],"about":[{"href":"https:\/\/restekequipment.com\/index.php?rest_route=\/wp\/v2\/types\/product"}],"replies":[{"embeddable":true,"href":"https:\/\/restekequipment.com\/index.php?rest_route=%2Fwp%2Fv2%2Fcomments&post=3037"}],"wp:featuredmedia":[{"embeddable":true,"href":"https:\/\/restekequipment.com\/index.php?rest_route=\/wp\/v2\/media\/3041"}],"wp:attachment":[{"href":"https:\/\/restekequipment.com\/index.php?rest_route=%2Fwp%2Fv2%2Fmedia&parent=3037"}],"wp:term":[{"taxonomy":"product_brand","embeddable":true,"href":"https:\/\/restekequipment.com\/index.php?rest_route=%2Fwp%2Fv2%2Fproduct_brand&post=3037"},{"taxonomy":"product_cat","embeddable":true,"href":"https:\/\/restekequipment.com\/index.php?rest_route=%2Fwp%2Fv2%2Fproduct_cat&post=3037"},{"taxonomy":"product_tag","embeddable":true,"href":"https:\/\/restekequipment.com\/index.php?rest_route=%2Fwp%2Fv2%2Fproduct_tag&post=3037"}],"curies":[{"name":"wp","href":"https:\/\/api.w.org\/{rel}","templated":true}]}}