{"id":2885,"date":"2021-11-02T21:40:03","date_gmt":"2021-11-02T14:40:03","guid":{"rendered":"https:\/\/restekequipment.com\/?post_type=product&#038;p=2884"},"modified":"2021-11-02T23:17:52","modified_gmt":"2021-11-02T16:17:52","slug":"2885","status":"publish","type":"product","link":"https:\/\/restekequipment.com\/?product=2885","title":{"rendered":"\u00a0Proximity sensor Omron E2E series"},"content":{"rendered":"<div>\n<div><span class=\"TieuDeSanPhamEditor\">\u0110\u1eb7c \u0111i\u1ec3m chung<\/span><\/div>\n<div><span class=\"TieuDeSanPhamEditor\">\u00a0<\/span><\/div>\n<div><span class=\"line1point5\">&#8211;\u00a0<strong>C\u1ea3m bi\u1ebfn t\u1eeb \u00a0Omron E2E series<\/strong>\u00a0: b\u1ed5 sung th\u00eam k\u00edch c\u1ee1 5.4, 6.5, M4, lo\u1ea1i kh\u00f4ng ch\u1ed1ng nhi\u1ec5u, d\u00e2y li\u1ec1n c\u00f3 gi\u1eafc c\u1eafm, gi\u1eafc c\u1eafm, v\u00e0 c\u00f3 s\u1eb5n \u0111a d\u1ea1ng \u0111\u1ebfn 108 models.<\/span><\/div>\n<div><span class=\"line1point5\">&#8211; T\u1ed1c \u0111\u1ed9 t\u1ea7n s\u1ed1 \u0111\u00e1p \u1ee9ng cao \u1ed5n \u0111\u1ecbnh cho vi\u1ec7c ph\u00e1t hi\u1ec7n v\u1eadt di chuy\u1ec3n: t\u1ed1i \u0111a 5 kHz<\/span><\/div>\n<div><span class=\"line1point5\">&#8211; C\u00f3 4 \u0111\u00e8n ch\u1ec9 th\u1ecb cho x\u00e1c \u0111\u1ecbnh v\u1ecb tr\u00ed.<\/span><\/div>\n<div><span class=\"line1point5\">&#8211; G\u00e1 \u0111\u1eb7c bi\u1ec7t gi\u00fap gi\u1ea3m th\u1eddi gian l\u1eafp \u0111\u1eb7t.<\/span><\/div>\n<div><span class=\"line1point5\">&#8211;\u00a0<strong>C\u1ea3m bi\u1ebfn ti\u1ec7m c\u1eadn d\u00f2ng E2E<\/strong>\u00a0C\u00f3 s\u1eb5n lo\u1ea1i v\u1ecf th\u00e9p kh\u00f4ng g\u1ec9 h\u1ea1n ch\u1ebf g\u00e3y v\u1ee1 (ch\u1ec9 c\u00f3 trong lo\u1ea1i M4, M5).<\/span><\/div>\n<div><span class=\"line1point5\">&#8211; C\u00f3 s\u1eb5n lo\u1ea1i c\u00e1p li\u1ec1n ti\u00eau chu\u1ea9n 5m ho\u1eb7c c\u00e1p robot (ch\u1ecbu u\u1ed1n).<\/span><\/div>\n<div><span class=\"line1point5\">&#8211; \u1ee8ng d\u1ee5ng c\u1ee7a\u00a0<strong>C\u1ea3m bi\u1ebfn ti\u1ec7m c\u1eadn Omron E2E series<\/strong>: S\u1eed d\u1ee5ng \u0111\u1ec3 ph\u00e1t hi\u1ec7n kim lo\u1ea1i c\u00f3 t\u1eeb t\u00ednh, c\u00e1c \u1ee9ng d\u1ee5ng c\u00f3 nhi\u1ec7t \u0111\u1ed9 cao ho\u1eb7c th\u1ea5p, c\u00e1c \u1ee9ng d\u1ee5ng di chuy\u1ec3n.<\/span><\/div>\n<div><span class=\"TieuDeSanPhamEditor\">Th\u00f4ng s\u1ed1 k\u1ef9 thu\u1eadt<\/span><\/div>\n<div><span class=\"TieuDeSanPhamEditor\">\u00a0<\/span><\/div>\n<div>\n<table border=\"1\" width=\"100%\" cellspacing=\"0\" cellpadding=\"0\">\n<tbody>\n<tr>\n<td>Lo\u1ea1i<\/td>\n<td>Hi\u0300nh tru\u0323\u00a0\u0111\u01b0\u1eddng k\u00ednh 3, 4, 5.4, 6.5, M4, M5<\/td>\n<\/tr>\n<tr>\n<td>Ngu\u00f4\u0300n c\u00e2\u0301p<\/td>\n<td>10-30VDC<\/td>\n<\/tr>\n<tr>\n<td>Khoa\u0309ng ca\u0301ch pha\u0301t hi\u00ea\u0323n<\/td>\n<td>0.8-4mm<\/td>\n<\/tr>\n<tr>\n<td>\u0110\u1ed9 tr\u1ec5<\/td>\n<td>15% kho\u1ea3ng c\u00e1ch\u00a0ph\u00e1t hi\u1ec7n<\/td>\n<\/tr>\n<tr>\n<td>V\u1eadt pha\u0301t hi\u00ea\u0323n<\/td>\n<td>Kim lo\u1ea1i c\u00f3 t\u1eeb t\u00ednh<\/td>\n<\/tr>\n<tr>\n<td>V\u00e2\u0323t ph\u00e1t hi\u1ec7n chu\u00e2\u0309n<\/td>\n<td>S\u1eaft\u00a03\u00d73\u00d71, 4x4x1, 5.4&#215;5.4&#215;1, 6\u00d76\u00d71, 6.5&#215;6.5&#215;1, 9x9x1, 12x12x1<\/td>\n<\/tr>\n<tr>\n<td>T\u1ea7n s\u1ed1 \u0111\u00e1p \u1ee9ng<\/td>\n<td>2\u00a0kHz, 3\u00a0kHz,\u00a03.5 kHz, 4kHz, 5kHz<\/td>\n<\/tr>\n<tr>\n<td>Ng\u00f5 ra \u0111i\u1ec1u khi\u1ec3n<\/td>\n<td>PNP-NO, PNP-NC, NPN-NO, NPN-NC<\/td>\n<\/tr>\n<tr>\n<td>Ch\u1ec9 th\u1ecb<\/td>\n<td>\u0110\u00e8n b\u00e1o ho\u1ea1t \u0111\u1ed9ng (m\u00e0u v\u00e0ng)<\/td>\n<\/tr>\n<tr>\n<td>Ch\u1ee9c\u00a0n\u0103ng b\u1ea3o v\u1ec7<\/td>\n<td>B\u1ea3o v\u1ec7 ch\u1ed1ng ng\u01b0\u1ee3c c\u1ef1c ng\u00f5 ra, b\u1ea3o v\u1ec7 ch\u1ed1ng ng\u01b0\u1ee3c c\u1ef1c ngu\u1ed3n \u0111i\u1ec7n, b\u1ea3o v\u1ec7 ng\u1eafn m\u1ea1ch.<\/td>\n<\/tr>\n<tr>\n<td>Ki\u1ec3u \u0111\u1ea5u n\u1ed1i<\/td>\n<td>Ca\u0301p\u00a0li\u1ec1n, c\u00e1p li\u1ec1n c\u00f3 gi\u1eafc c\u1eafm M8, gi\u1eafc c\u1eafm M8<\/td>\n<\/tr>\n<tr>\n<td>Ph\u1ee5 ki\u1ec7n<\/td>\n<td>S\u00e1ch h\u01b0\u1edbng d\u1eabn s\u1eed d\u1ee5ng, g\u00e1<\/td>\n<\/tr>\n<tr>\n<td>C\u1ea5p b\u1ea3o v\u1ec7<\/td>\n<td>IP67 ch\u1ed1ng d\u1ea7u (Trong nh\u00e0)<\/td>\n<\/tr>\n<tr>\n<td>Ti\u00eau chu\u1ea9n<\/td>\n<td>ICE, CE, UL<\/td>\n<\/tr>\n<\/tbody>\n<\/table>\n<\/div>\n<div><span class=\"TieuDeSanPhamEditor\">\u00a0<\/span><\/div>\n<div>\n<h3><strong><span class=\"TieuDeSanPhamEditor\">S\u01a1 \u0111\u1ed3 ch\u1ecdn m\u00e3<\/span><\/strong><\/h3>\n<\/div>\n<\/div>\n<p><a href=\"https:\/\/restekequipment.com\/wp-content\/uploads\/2021\/11\/z2900080636194_6ccba98094bc6ae4cdee9f1bb246b0f0.jpg\"><img loading=\"lazy\" decoding=\"async\" class=\"alignleft wp-image-2889\" src=\"https:\/\/restekequipment.com\/wp-content\/uploads\/2021\/11\/z2900080636194_6ccba98094bc6ae4cdee9f1bb246b0f0-300x277.jpg\" alt=\"\" width=\"705\" height=\"651\" srcset=\"https:\/\/restekequipment.com\/wp-content\/uploads\/2021\/11\/z2900080636194_6ccba98094bc6ae4cdee9f1bb246b0f0-300x277.jpg 300w, https:\/\/restekequipment.com\/wp-content\/uploads\/2021\/11\/z2900080636194_6ccba98094bc6ae4cdee9f1bb246b0f0-510x471.jpg 510w, https:\/\/restekequipment.com\/wp-content\/uploads\/2021\/11\/z2900080636194_6ccba98094bc6ae4cdee9f1bb246b0f0.jpg 629w\" sizes=\"auto, (max-width: 705px) 100vw, 705px\" \/><\/a> <a href=\"https:\/\/restekequipment.com\/wp-content\/uploads\/2021\/11\/z2900080980359_a535060baac373a6273aa059c398bda2.jpg\"><img loading=\"lazy\" decoding=\"async\" class=\"alignleft wp-image-2890\" src=\"https:\/\/restekequipment.com\/wp-content\/uploads\/2021\/11\/z2900080980359_a535060baac373a6273aa059c398bda2-300x244.jpg\" alt=\"\" width=\"709\" height=\"577\" srcset=\"https:\/\/restekequipment.com\/wp-content\/uploads\/2021\/11\/z2900080980359_a535060baac373a6273aa059c398bda2-300x244.jpg 300w, https:\/\/restekequipment.com\/wp-content\/uploads\/2021\/11\/z2900080980359_a535060baac373a6273aa059c398bda2-510x415.jpg 510w, https:\/\/restekequipment.com\/wp-content\/uploads\/2021\/11\/z2900080980359_a535060baac373a6273aa059c398bda2.jpg 625w\" sizes=\"auto, (max-width: 709px) 100vw, 709px\" \/><\/a><\/p>\n<h3><span class=\"TieuDeSanPhamEditor\">\u00a0<\/span><\/h3>\n<p><a href=\"https:\/\/restekequipment.com\/wp-content\/uploads\/2021\/11\/z2900081478919_a033429312336a8920bf49f104d9cc87.jpg\"><img loading=\"lazy\" decoding=\"async\" class=\"alignleft wp-image-2891\" src=\"https:\/\/restekequipment.com\/wp-content\/uploads\/2021\/11\/z2900081478919_a033429312336a8920bf49f104d9cc87-250x300.jpg\" alt=\"\" width=\"678\" height=\"814\" srcset=\"https:\/\/restekequipment.com\/wp-content\/uploads\/2021\/11\/z2900081478919_a033429312336a8920bf49f104d9cc87-250x300.jpg 250w, https:\/\/restekequipment.com\/wp-content\/uploads\/2021\/11\/z2900081478919_a033429312336a8920bf49f104d9cc87-247x296.jpg 247w, https:\/\/restekequipment.com\/wp-content\/uploads\/2021\/11\/z2900081478919_a033429312336a8920bf49f104d9cc87-510x613.jpg 510w, https:\/\/restekequipment.com\/wp-content\/uploads\/2021\/11\/z2900081478919_a033429312336a8920bf49f104d9cc87.jpg 583w\" sizes=\"auto, (max-width: 678px) 100vw, 678px\" \/><\/a><\/p>\n<h3><\/h3>\n<p><a href=\"https:\/\/restekequipment.com\/wp-content\/uploads\/2021\/11\/z2900083257143_84e0900563a3b5dca7be2ec3c36e8be4.jpg\"><img loading=\"lazy\" decoding=\"async\" class=\"alignleft wp-image-2892\" src=\"https:\/\/restekequipment.com\/wp-content\/uploads\/2021\/11\/z2900083257143_84e0900563a3b5dca7be2ec3c36e8be4-275x300.jpg\" alt=\"\" width=\"696\" height=\"759\" srcset=\"https:\/\/restekequipment.com\/wp-content\/uploads\/2021\/11\/z2900083257143_84e0900563a3b5dca7be2ec3c36e8be4-275x300.jpg 275w, https:\/\/restekequipment.com\/wp-content\/uploads\/2021\/11\/z2900083257143_84e0900563a3b5dca7be2ec3c36e8be4-510x557.jpg 510w, https:\/\/restekequipment.com\/wp-content\/uploads\/2021\/11\/z2900083257143_84e0900563a3b5dca7be2ec3c36e8be4.jpg 636w\" sizes=\"auto, (max-width: 696px) 100vw, 696px\" \/><\/a><\/p>\n<p><a href=\"https:\/\/restekequipment.com\/wp-content\/uploads\/2021\/11\/z2900083742357_8d722e91fa6acd5dd9768ce2fd507730.jpg\"><img loading=\"lazy\" decoding=\"async\" class=\"alignleft wp-image-2893\" src=\"https:\/\/restekequipment.com\/wp-content\/uploads\/2021\/11\/z2900083742357_8d722e91fa6acd5dd9768ce2fd507730-220x300.jpg\" alt=\"\" width=\"693\" height=\"945\" srcset=\"https:\/\/restekequipment.com\/wp-content\/uploads\/2021\/11\/z2900083742357_8d722e91fa6acd5dd9768ce2fd507730-220x300.jpg 220w, https:\/\/restekequipment.com\/wp-content\/uploads\/2021\/11\/z2900083742357_8d722e91fa6acd5dd9768ce2fd507730.jpg 468w\" sizes=\"auto, (max-width: 693px) 100vw, 693px\" \/><\/a><\/p>\n<p><a href=\"https:\/\/restekequipment.com\/wp-content\/uploads\/2021\/11\/z2900084060472_2fda625ab0454c6a718b2e0d33877544.jpg\"><img loading=\"lazy\" decoding=\"async\" class=\"alignleft wp-image-2894\" src=\"https:\/\/restekequipment.com\/wp-content\/uploads\/2021\/11\/z2900084060472_2fda625ab0454c6a718b2e0d33877544-235x300.jpg\" alt=\"\" width=\"708\" height=\"904\" srcset=\"https:\/\/restekequipment.com\/wp-content\/uploads\/2021\/11\/z2900084060472_2fda625ab0454c6a718b2e0d33877544-235x300.jpg 235w, https:\/\/restekequipment.com\/wp-content\/uploads\/2021\/11\/z2900084060472_2fda625ab0454c6a718b2e0d33877544-510x651.jpg 510w, https:\/\/restekequipment.com\/wp-content\/uploads\/2021\/11\/z2900084060472_2fda625ab0454c6a718b2e0d33877544.jpg 516w\" sizes=\"auto, (max-width: 708px) 100vw, 708px\" \/><\/a><\/p>\n<p><a href=\"https:\/\/restekequipment.com\/wp-content\/uploads\/2021\/11\/z2900084538566_18f55dce5fcf4e3b6995edabeeb5f619.jpg\"><img loading=\"lazy\" decoding=\"async\" class=\"alignleft wp-image-2895\" src=\"https:\/\/restekequipment.com\/wp-content\/uploads\/2021\/11\/z2900084538566_18f55dce5fcf4e3b6995edabeeb5f619-284x300.jpg\" alt=\"\" width=\"709\" height=\"749\" srcset=\"https:\/\/restekequipment.com\/wp-content\/uploads\/2021\/11\/z2900084538566_18f55dce5fcf4e3b6995edabeeb5f619-284x300.jpg 284w, https:\/\/restekequipment.com\/wp-content\/uploads\/2021\/11\/z2900084538566_18f55dce5fcf4e3b6995edabeeb5f619-510x538.jpg 510w, https:\/\/restekequipment.com\/wp-content\/uploads\/2021\/11\/z2900084538566_18f55dce5fcf4e3b6995edabeeb5f619.jpg 522w\" sizes=\"auto, (max-width: 709px) 100vw, 709px\" \/><\/a><\/p>\n","protected":false},"excerpt":{"rendered":"<div class=\"price-wrapper\">\n<div class=\"price-wrapper\">\n<h3 class=\"price product-page-price \"><span class=\"lien-he-price\">M\u00f4 t\u1ea3 s\u1ea3n ph\u1ea9m<\/span><\/h3>\n<\/div>\n<div class=\"product-short-description\">\n<ul>\n<li><strong>M\u00e3 s\u1ea3n ph\u1ea9m:\u00a0<\/strong>Proximity sensor E2E Series<\/li>\n<li><strong>Th\u01b0\u01a1ng hi\u1ec7u: OMRON<\/strong><\/li>\n<li><strong>N\u01a1i s\u1ea3n xu\u1ea5t:<\/strong>\u00a0Nh\u1eadt B\u1ea3n<\/li>\n<li><strong>B\u1ea3o h\u00e0nh:<\/strong><\/li>\n<li><strong>T\u00ecnh tr\u1ea1ng:<\/strong>\u00a0m\u1edbi 100%<\/li>\n<\/ul>\n<\/div>\n<\/div>\n","protected":false},"featured_media":2887,"comment_status":"open","ping_status":"closed","template":"","meta":[],"product_brand":[],"product_cat":[557,551],"product_tag":[1503],"class_list":{"0":"post-2885","1":"product","2":"type-product","3":"status-publish","4":"has-post-thumbnail","6":"product_cat-proximity-sensors","7":"product_cat-sensor","8":"product_tag-promimity-sensor-omron-e2e","10":"first","11":"instock","12":"shipping-taxable","13":"product-type-simple"},"_links":{"self":[{"href":"https:\/\/restekequipment.com\/index.php?rest_route=\/wp\/v2\/product\/2885","targetHints":{"allow":["GET"]}}],"collection":[{"href":"https:\/\/restekequipment.com\/index.php?rest_route=\/wp\/v2\/product"}],"about":[{"href":"https:\/\/restekequipment.com\/index.php?rest_route=\/wp\/v2\/types\/product"}],"replies":[{"embeddable":true,"href":"https:\/\/restekequipment.com\/index.php?rest_route=%2Fwp%2Fv2%2Fcomments&post=2885"}],"wp:featuredmedia":[{"embeddable":true,"href":"https:\/\/restekequipment.com\/index.php?rest_route=\/wp\/v2\/media\/2887"}],"wp:attachment":[{"href":"https:\/\/restekequipment.com\/index.php?rest_route=%2Fwp%2Fv2%2Fmedia&parent=2885"}],"wp:term":[{"taxonomy":"product_brand","embeddable":true,"href":"https:\/\/restekequipment.com\/index.php?rest_route=%2Fwp%2Fv2%2Fproduct_brand&post=2885"},{"taxonomy":"product_cat","embeddable":true,"href":"https:\/\/restekequipment.com\/index.php?rest_route=%2Fwp%2Fv2%2Fproduct_cat&post=2885"},{"taxonomy":"product_tag","embeddable":true,"href":"https:\/\/restekequipment.com\/index.php?rest_route=%2Fwp%2Fv2%2Fproduct_tag&post=2885"}],"curies":[{"name":"wp","href":"https:\/\/api.w.org\/{rel}","templated":true}]}}