{"id":2846,"date":"2021-10-16T11:24:06","date_gmt":"2021-10-16T04:24:06","guid":{"rendered":"https:\/\/restekequipment.com\/?post_type=product&#038;p=2846"},"modified":"2021-10-24T10:22:48","modified_gmt":"2021-10-24T03:22:48","slug":"day-curoa-bando-v-belt-timing-belt-conveyor-belt","status":"publish","type":"product","link":"https:\/\/restekequipment.com\/?product=day-curoa-bando-v-belt-timing-belt-conveyor-belt","title":{"rendered":"D\u00e2y curoa Bando ( V.belt &#8211; Timing belt &#8211; conveyor belt )"},"content":{"rendered":"<p><strong>BANDO<\/strong> LTD., th\u00e0nh l\u1eadp ng\u00e0y 14 th\u00e1ng 04 n\u0103m 1906 t\u1ea1i Nh\u1eadt B\u1ea3n &#8211; l\u00e0 c\u00f4ng ty h\u00e0ng \u0111\u1ea7u th\u1ebf gi\u1edbi v\u1ec1 s\u1ea3n xu\u1ea5t d\u00e2y truy\u1ec1n t\u1ea3i. K\u1ec3 t\u1eeb khi xu\u1ea5t hi\u1ec7n, c\u00e1c d\u00f2ng s\u1ea3n ph\u1ea9m c\u1ee7a <strong>Bando<\/strong> lu\u00f4n nh\u1eadn \u0111\u01b0\u1ee3c s\u1ef1 y\u00eau th\u00edch v\u00e0 \u01b0a chu\u1ed9ng b\u1edfi:<br \/>\n&#8211; 100% c\u00e1c s\u1ea3n ph\u1ea9m \u0111\u1ec1u \u0111\u01b0\u1ee3c s\u1ea3n xu\u1ea5t d\u1ef1a tr\u00ean d\u00e2y chuy\u1ec1n c\u00f4ng ngh\u1ec7 ti\u00ean ti\u1ebfn, hi\u1ec7n \u0111\u1ea1i h\u00e0ng \u0111\u1ea7u th\u1ebf gi\u1edbi t\u1ea1i Nh\u1eadt B\u1ea3n<br \/>\n&#8211; S\u1ea3n ph\u1ea9m <strong>d\u00e2y curoa Bando<\/strong> \u0111\u1ec1u \u0111\u00e1p \u1ee9ng m\u1ecdi ti\u00eau chu\u1ea9n k\u1ef9 thu\u1eadt ch\u1ea5t l\u01b0\u1ee3ng, \u0111\u1ed9 b\u1ec1n, tu\u1ed5i th\u1ecd v\u00e0 \u0111\u1ea3m b\u1ea3o \u0111em l\u1ea1i hi\u1ec7u qu\u1ea3 truy\u1ec1n \u0111\u1ed9ng t\u1ed1t nh\u1ea5t<br \/>\n&#8211; \u1ee8ng d\u1ee5ng r\u1ed9ng r\u00e3i: Oto, xe m\u00e1y, b\u0103ng t\u1ea3i, c\u00f4ng nghi\u1ec7p n\u1eb7ng\u2026<br \/>\n&#8211; C\u1ea5u t\u1ea1o \u0111\u01a1n gi\u1ea3n, d\u1ec5 d\u00e0ng l\u1eafp \u0111\u1eb7t v\u00e0 s\u1eed d\u1ee5ng<br \/>\n&#8211; Gi\u00e1 c\u1ea3 c\u1ea1nh tranh<br \/>\n&#8211; S\u1ed1 l\u01b0\u1ee3ng c\u00e1c m\u00e3 h\u00e0ng t\u1ed3n kho l\u1edbn<br \/>\nC\u00e1c d\u00f2ng s\u1ea3n ph\u1ea9m ch\u00ednh c\u1ee7a <strong>Bando<\/strong>: D\u00e2y curoa V (V-Belt), d\u00e2y curoa r\u0103ng (Timing Belt), d\u00e2y b\u0103ng t\u1ea3i (Conveyor Belt).<\/p>\n<p>B\u1ea1n \u0111ang t\u00ecm mua s\u1ea3n ph\u1ea9m <strong>D\u00c2Y CUROA BANDO \u2013 NH\u1eacT<\/strong>, <em>Restek<\/em> ch\u00ednh l\u00e0 l\u1ef1a ch\u1ecdn h\u1eefu hi\u1ec7u.<\/p>\n<div>\n<h3 style=\"text-align: center\"><strong>D\u00e2y curoa V (V-Belt)<\/strong><\/h3>\n<\/div>\n<div><img decoding=\"async\" title=\"D\u00e2y curoa V (V-Belt)\" src=\"https:\/\/baoanjsc.com.vn\/Images\/Upload\/Hanhblue\/BANDO\/V-Belt-baoanjsc.png\" alt=\"D\u00e2y curoa V (V-Belt)\" \/><\/div>\n<div>\n<h3 style=\"text-align: center\"><strong>\u00a0<\/strong><strong>D\u00e2y curoa r\u0103ng (Timing Belt)<\/strong><\/h3>\n<div><strong><img decoding=\"async\" title=\"D\u00e2y curoa r\u0103ng (Timing Belt)\" src=\"https:\/\/baoanjsc.com.vn\/Images\/Upload\/Hanhblue\/BANDO\/Timing-belt-baoanjsc.png\" alt=\"D\u00e2y curoa r\u0103ng (Timing Belt)\" \/><\/strong><\/div>\n<h3 style=\"text-align: center\"><strong>D\u00e2y b\u0103ng t\u1ea3i (Conveyor Belt)<\/strong><\/h3>\n<p><strong>\u00a0<\/strong><strong><img decoding=\"async\" title=\"D\u00e2y b\u0103ng t\u1ea3i (Conveyor Belt)\" src=\"https:\/\/baoanjsc.com.vn\/Images\/Upload\/Hanhblue\/BANDO\/Conveyor-Belt-baoanjsc.png\" alt=\"D\u00e2y b\u0103ng t\u1ea3i (Conveyor Belt)\" \/><\/strong><\/p>\n<h3><strong>\u00a0<\/strong><\/h3>\n<\/div>\n","protected":false},"excerpt":{"rendered":"<p>cung c\u00e2\u0301p d\u00e2y curoa BANDO chi\u0301nh ha\u0303ng<\/p>\n<p>&#8211; V-belt Bando<\/p>\n<p>&#8211; Timing Belt Bando<\/p>\n<p>Conveyor belt Bando<\/p>\n","protected":false},"featured_media":2847,"comment_status":"open","ping_status":"closed","template":"","meta":[],"product_brand":[],"product_cat":[422],"product_tag":[1439,1433,1437,1435],"class_list":{"0":"post-2846","1":"product","2":"type-product","3":"status-publish","4":"has-post-thumbnail","6":"product_cat-day-curoa","7":"product_tag-conveyor-belt","8":"product_tag-day-curoa-bando","9":"product_tag-timing-belt","10":"product_tag-v-belt","11":"pa_nha-san-xuat-bando","13":"first","14":"instock","15":"shipping-taxable","16":"product-type-simple"},"_links":{"self":[{"href":"https:\/\/restekequipment.com\/index.php?rest_route=\/wp\/v2\/product\/2846","targetHints":{"allow":["GET"]}}],"collection":[{"href":"https:\/\/restekequipment.com\/index.php?rest_route=\/wp\/v2\/product"}],"about":[{"href":"https:\/\/restekequipment.com\/index.php?rest_route=\/wp\/v2\/types\/product"}],"replies":[{"embeddable":true,"href":"https:\/\/restekequipment.com\/index.php?rest_route=%2Fwp%2Fv2%2Fcomments&post=2846"}],"wp:featuredmedia":[{"embeddable":true,"href":"https:\/\/restekequipment.com\/index.php?rest_route=\/wp\/v2\/media\/2847"}],"wp:attachment":[{"href":"https:\/\/restekequipment.com\/index.php?rest_route=%2Fwp%2Fv2%2Fmedia&parent=2846"}],"wp:term":[{"taxonomy":"product_brand","embeddable":true,"href":"https:\/\/restekequipment.com\/index.php?rest_route=%2Fwp%2Fv2%2Fproduct_brand&post=2846"},{"taxonomy":"product_cat","embeddable":true,"href":"https:\/\/restekequipment.com\/index.php?rest_route=%2Fwp%2Fv2%2Fproduct_cat&post=2846"},{"taxonomy":"product_tag","embeddable":true,"href":"https:\/\/restekequipment.com\/index.php?rest_route=%2Fwp%2Fv2%2Fproduct_tag&post=2846"}],"curies":[{"name":"wp","href":"https:\/\/api.w.org\/{rel}","templated":true}]}}