{"id":2767,"date":"2021-08-16T15:57:18","date_gmt":"2021-08-16T08:57:18","guid":{"rendered":"https:\/\/restekequipment.com\/?post_type=product&#038;p=2767"},"modified":"2021-09-23T13:01:14","modified_gmt":"2021-09-23T06:01:14","slug":"bo-loc-khi-tich-hop-chinh-ap-smc-aw-series","status":"publish","type":"product","link":"https:\/\/restekequipment.com\/?product=bo-loc-khi-tich-hop-chinh-ap-smc-aw-series","title":{"rendered":"B\u1ed9 l\u1ecdc khi\u0301 t\u00edch h\u1ee3p ch\u1ec9nh \u00e1p SMC AW Series"},"content":{"rendered":"<h3><strong>\u0110\u1eb7c \u0111i\u1ec3m chung<\/strong><\/h3>\n<p><a href=\"http:\/\/thietbicongnghiepgiaphu.com\/bo-loc-doi-smc-ac-series\/\" target=\"_blank\" rel=\"noopener\">b\u1ed9 l\u1ecdc \u0111i\u1ec1u \u00e1p SMC <\/a>AW20-02D ,b\u1ed9 l\u1ecdc \u0111i\u1ec1u \u00e1p SMC AW30-03D, b\u1ed9 l\u1ecdc \u0111i\u1ec1u \u00e1p SMC AW40-04D, B\u1ed9 l\u1ecdc \u0111\u01a1n SMC AW50-06D, AW60-10D, <a href=\"http:\/\/thietbicongnghiepgiaphu.com\/bo-loc-khi-nen-saw2000m3000m4000m6000m\/\" target=\"_blank\" rel=\"noopener\">B\u1ed9 l\u1ecdc \u0111\u01a1n<\/a> AW20-01D ,B\u1ed9 l\u1ecdc \u0111\u01a1n AW30-02D, B\u1ed9 l\u1ecdc \u0111\u01a1n AW40-03D, B\u1ed9 l\u1ecdc \u0111\u01a1n AW40-02D, AW50-10D, AW60-06D<\/p>\n<p>&#8211;\u00a0<strong>B\u1ed9 l\u1ecdc t\u00edch h\u1ee3p ch\u1ec9nh \u00e1p SMC<\/strong> d\u00f2ng AW\u00a0c\u00f3 h\u1ec7 th\u1ed1ng l\u1ecdc v\u00e0 ch\u1ec9nh \u00e1p t\u00edch h\u1ee3p ti\u1ebft ki\u1ec7m kh\u00f4ng gian v\u00e0 \u0111\u01b0\u1eddng \u1ed1ng<\/p>\n<p>&#8211; C\u00f3 \u0111\u1ed3ng h\u1ed3 \u00e1p su\u1ea5t t\u00edch h\u1ee3p s\u1eb5n<br \/>\n&#8211; C\u00f3 s\u1eb5n c\u01a1 ch\u1ebf \u0111\u1ea3o l\u01b0u t\u00edch h\u1ee3p b\u00ean trong<\/p>\n<h3 class=\"TieuDeSanPhamEditor\">Th\u00f4ng s\u00f4\u0301 k\u1ef9 thu\u00e2\u0323t<\/h3>\n<table style=\"height: 504px\" border=\"1\" width=\"670\" cellspacing=\"0\" cellpadding=\"0\">\n<tbody>\n<tr>\n<td valign=\"top\">\u00c1p su\u1ea5t v\u1eadn h\u00e0nh t\u1ed1i \u0111a<\/td>\n<td valign=\"top\">1.0 MPa<\/td>\n<\/tr>\n<tr>\n<td valign=\"top\">\u00c1p su\u1ea5t th\u00ed nghi\u1ec7m<\/td>\n<td valign=\"top\">1.5 MPa<\/td>\n<\/tr>\n<tr>\n<td valign=\"top\">D\u1ea3i \u0111i\u1ec1u ch\u1ec9nh \u00e1p su\u1ea5t<\/td>\n<td valign=\"top\">0.05 ~ 0.7 MPa; 0.05 ~ 0.85 MPa<\/td>\n<\/tr>\n<tr>\n<td valign=\"top\">K\u00edch th\u01b0\u1edbc c\u1ed5ng<\/td>\n<td valign=\"top\">M5 x 0.8; 1\/8; 1\/4; 3\/8; 1\/2; 1<\/td>\n<\/tr>\n<tr>\n<td valign=\"top\">L\u01b0u ch\u1ea5t<\/td>\n<td valign=\"top\">Kh\u00f4ng kh\u00ed<\/td>\n<\/tr>\n<tr>\n<td valign=\"top\">Nhi\u1ec7t \u0111\u1ed9 l\u01b0u ch\u1ea5t v\u00e0 m\u00f4i tr\u01b0\u1eddng<\/td>\n<td valign=\"top\">-5 \u0111\u1ebfn 60 \u00baC (kh\u00f4ng \u0111\u00f3ng b\u0103ng)<\/td>\n<\/tr>\n<tr>\n<td valign=\"top\">Dung t\u00edch c\u1ed1c l\u1ecdc (cm3)<\/td>\n<td valign=\"top\">2.5; 8; 25; 45<\/td>\n<\/tr>\n<tr>\n<td valign=\"top\">Ch\u1ea5t li\u1ec7u c\u1ed1c<\/td>\n<td valign=\"top\">Nh\u1ef1a PC<\/td>\n<\/tr>\n<tr>\n<td valign=\"top\">T<span class=\"line1point5\">r\u1ecdng l\u01b0\u1ee3ng (kg)<\/span><\/td>\n<td valign=\"top\"><span class=\"line1point5\">0.09; 0.32; 0.4; 0.72; 0.75; 2<\/span><\/td>\n<\/tr>\n<tr>\n<td valign=\"top\"><span class=\"line1point5\">Ti\u00eau chu\u1ea9n c\u1ed1c <\/span><\/td>\n<td valign=\"top\"><span class=\"line1point5\">B\u00e1n ti\u00eau chu\u1ea9n, ti\u00eau chu\u1ea9n<\/span><\/td>\n<\/tr>\n<tr>\n<td valign=\"top\"><span class=\"line1point5\">K\u00edch th\u01b0\u1edbc c\u1ed5ng \u0111o \u00e1p su\u1ea5t<br \/>\n<\/span><\/td>\n<td valign=\"top\"><span class=\"line1point5\">1\/16; 1\/8; 1\/4<\/span><\/td>\n<\/tr>\n<\/tbody>\n<\/table>\n<h3>S\u01a1 \u0111\u1ed3 ch\u1ecdn m\u00e3 :<\/h3>\n<p><a href=\"https:\/\/restekequipment.com\/wp-content\/uploads\/2021\/08\/z2688380205835_1b780853ab6252cb13e55438ff077659.jpg\"><img loading=\"lazy\" decoding=\"async\" class=\"alignleft wp-image-2779\" src=\"https:\/\/restekequipment.com\/wp-content\/uploads\/2021\/08\/z2688380205835_1b780853ab6252cb13e55438ff077659-204x300.jpg\" alt=\"\" width=\"709\" height=\"1042\" srcset=\"https:\/\/restekequipment.com\/wp-content\/uploads\/2021\/08\/z2688380205835_1b780853ab6252cb13e55438ff077659-204x300.jpg 204w, https:\/\/restekequipment.com\/wp-content\/uploads\/2021\/08\/z2688380205835_1b780853ab6252cb13e55438ff077659.jpg 582w\" sizes=\"auto, (max-width: 709px) 100vw, 709px\" \/><\/a><\/p>\n<p><a href=\"https:\/\/restekequipment.com\/wp-content\/uploads\/2021\/08\/z2688379477489_3ab82016ab4e7c9db8dc4d1616b23d89.jpg\"><img loading=\"lazy\" decoding=\"async\" class=\"alignleft wp-image-2777\" src=\"https:\/\/restekequipment.com\/wp-content\/uploads\/2021\/08\/z2688379477489_3ab82016ab4e7c9db8dc4d1616b23d89-206x300.jpg\" alt=\"\" width=\"352\" height=\"512\" srcset=\"https:\/\/restekequipment.com\/wp-content\/uploads\/2021\/08\/z2688379477489_3ab82016ab4e7c9db8dc4d1616b23d89-206x300.jpg 206w, https:\/\/restekequipment.com\/wp-content\/uploads\/2021\/08\/z2688379477489_3ab82016ab4e7c9db8dc4d1616b23d89-510x742.jpg 510w, https:\/\/restekequipment.com\/wp-content\/uploads\/2021\/08\/z2688379477489_3ab82016ab4e7c9db8dc4d1616b23d89.jpg 580w\" sizes=\"auto, (max-width: 352px) 100vw, 352px\" \/><\/a> <a href=\"https:\/\/restekequipment.com\/wp-content\/uploads\/2021\/08\/z2688379867513_3e74eee47561d57184855ef1732504e5.jpg\"><img loading=\"lazy\" decoding=\"async\" class=\"alignleft wp-image-2778\" src=\"https:\/\/restekequipment.com\/wp-content\/uploads\/2021\/08\/z2688379867513_3e74eee47561d57184855ef1732504e5-206x300.jpg\" alt=\"\" width=\"356\" height=\"518\" srcset=\"https:\/\/restekequipment.com\/wp-content\/uploads\/2021\/08\/z2688379867513_3e74eee47561d57184855ef1732504e5-206x300.jpg 206w, https:\/\/restekequipment.com\/wp-content\/uploads\/2021\/08\/z2688379867513_3e74eee47561d57184855ef1732504e5-510x743.jpg 510w, https:\/\/restekequipment.com\/wp-content\/uploads\/2021\/08\/z2688379867513_3e74eee47561d57184855ef1732504e5.jpg 576w\" sizes=\"auto, (max-width: 356px) 100vw, 356px\" \/><\/a><\/p>\n","protected":false},"excerpt":{"rendered":"<div class=\"product-short-description\">\n<div class=\"product-short-description\">\n<div class=\"product-short-description\">\n<div class=\"product-short-description\">\n<div class=\"product-short-description\">\n<div class=\"product-short-description\">\n<div class=\"product-short-description\">\n<div class=\"product-short-description\">\n<div class=\"product-short-description\">\n<div class=\"product-short-description\">\n<div class=\"price-wrapper\">\n<h3 class=\"price product-page-price \"><span class=\"lien-he-price\">M\u00f4 t\u1ea3 s\u1ea3n ph\u1ea9m<\/span><\/h3>\n<\/div>\n<div class=\"product-short-description\">\n<ul>\n<li><strong>M\u00e3 s\u1ea3n ph\u1ea9m:\u00a0<\/strong>B\u1ed9 l\u1ecdc khi\u0301 t\u00edch h\u1ee3p ch\u1ec9nh \u00e1p SMC AW Series<\/li>\n<li><strong>Th\u01b0\u01a1ng hi\u1ec7u:\u00a0<\/strong>SMC<\/li>\n<li><strong>N\u01a1i s\u1ea3n xu\u1ea5t:<\/strong> Nh\u1eadt B\u1ea3n<\/li>\n<li><strong>B\u1ea3o h\u00e0nh:<\/strong><\/li>\n<li><strong>T\u00ecnh tr\u1ea1ng:<\/strong>\u00a0m\u1edbi 100%<\/li>\n<\/ul>\n<\/div>\n<\/div>\n<\/div>\n<\/div>\n<\/div>\n<\/div>\n<\/div>\n<\/div>\n<\/div>\n<\/div>\n<\/div>\n","protected":false},"featured_media":2775,"comment_status":"open","ping_status":"closed","template":"","meta":[],"product_brand":[],"product_cat":[439,427],"product_tag":[1292],"class_list":{"0":"post-2767","1":"product","2":"type-product","3":"status-publish","4":"has-post-thumbnail","6":"product_cat-loc-khi-nen","7":"product_cat-thiet-bi-khi-nen","8":"product_tag-bo-loc-khi-tich-hop-chinh-ap-smc-aw-series","9":"pa_nha-san-xuat-smc","11":"first","12":"instock","13":"downloadable","14":"shipping-taxable","15":"product-type-simple"},"_links":{"self":[{"href":"https:\/\/restekequipment.com\/index.php?rest_route=\/wp\/v2\/product\/2767","targetHints":{"allow":["GET"]}}],"collection":[{"href":"https:\/\/restekequipment.com\/index.php?rest_route=\/wp\/v2\/product"}],"about":[{"href":"https:\/\/restekequipment.com\/index.php?rest_route=\/wp\/v2\/types\/product"}],"replies":[{"embeddable":true,"href":"https:\/\/restekequipment.com\/index.php?rest_route=%2Fwp%2Fv2%2Fcomments&post=2767"}],"wp:featuredmedia":[{"embeddable":true,"href":"https:\/\/restekequipment.com\/index.php?rest_route=\/wp\/v2\/media\/2775"}],"wp:attachment":[{"href":"https:\/\/restekequipment.com\/index.php?rest_route=%2Fwp%2Fv2%2Fmedia&parent=2767"}],"wp:term":[{"taxonomy":"product_brand","embeddable":true,"href":"https:\/\/restekequipment.com\/index.php?rest_route=%2Fwp%2Fv2%2Fproduct_brand&post=2767"},{"taxonomy":"product_cat","embeddable":true,"href":"https:\/\/restekequipment.com\/index.php?rest_route=%2Fwp%2Fv2%2Fproduct_cat&post=2767"},{"taxonomy":"product_tag","embeddable":true,"href":"https:\/\/restekequipment.com\/index.php?rest_route=%2Fwp%2Fv2%2Fproduct_tag&post=2767"}],"curies":[{"name":"wp","href":"https:\/\/api.w.org\/{rel}","templated":true}]}}