{"id":2754,"date":"2021-08-16T10:42:02","date_gmt":"2021-08-16T03:42:02","guid":{"rendered":"https:\/\/restekequipment.com\/?post_type=product&#038;p=2754"},"modified":"2021-08-16T10:59:34","modified_gmt":"2021-08-16T03:59:34","slug":"van-tiet-luu-smc-dong-as-series","status":"publish","type":"product","link":"https:\/\/restekequipment.com\/?product=van-tiet-luu-smc-dong-as-series","title":{"rendered":"Van ti\u1ebft l\u01b0u SMC d\u00f2ng AS series"},"content":{"rendered":"<h3 class=\"TieuDeSanPhamEditor\">\u0110\u1eb7c \u0111i\u1ec3m chung<\/h3>\n<p>&#8211; D\u1ea1ng nh\u1ea5n kh\u00f3a<\/p>\n<p>&#8211; D\u1ec5 g\u1eafn v\u00e0 th\u00e1o \u1ed1ng<\/p>\n<p>&#8211; \u0110\u1ea7u v\u1eb7n to h\u01a1n<\/p>\n<h3><span class=\"TieuDeSanPhamEditor\">Th\u00f4ng s\u00f4\u0301 k\u1ef9 thu\u00e2\u0323t<\/span><\/h3>\n<div>\n<div><\/div>\n<table border=\"1\" cellspacing=\"0\" cellpadding=\"0\">\n<tbody>\n<tr>\n<td>L\u01b0u ch\u1ea5t<\/td>\n<td valign=\"top\">Kh\u00ed n\u00e9n, n\u01b0\u1edbc<\/td>\n<\/tr>\n<tr>\n<td valign=\"top\">D\u1ea3i \u00e1p su\u1ea5t ho\u1ea1t \u0111\u1ed9ng<\/td>\n<td valign=\"top\">0.1 Mpa \u2013 1.0 MPa ( ti\u00eau chu\u1ea9n 0.7)<\/td>\n<\/tr>\n<tr>\n<td valign=\"top\">\u00c1p su\u1ea5t ph\u00e1 h\u1ee7y<\/td>\n<td valign=\"top\">1.5 MPa (1.05)<\/td>\n<\/tr>\n<tr>\n<td valign=\"top\">Nhi\u1ec7t \u0111\u1ed9 l\u01b0u ch\u1ea5t v\u00e0 m\u00f4i tr\u01b0\u1eddng<\/td>\n<td valign=\"top\">-5 \u2013 60<sup>0<\/sup>C (kh\u00f4ng \u0111\u00f3ng b\u0103ng)<\/td>\n<\/tr>\n<tr>\n<td valign=\"top\">Ch\u1ea5t li\u1ec7u \u1ed1ng ph\u00f9 h\u1ee3p<\/td>\n<td valign=\"top\">Nylon, Soft nylon, Polyurethane<\/td>\n<\/tr>\n<tr>\n<td valign=\"top\">C\u1ee1 th\u00e2n<\/td>\n<td valign=\"top\">M5x0.8, 10-32UNF, 1\/8 + 1\/4, 3\/8,1\/2<\/td>\n<\/tr>\n<tr>\n<td valign=\"top\">K\u00edch th\u01b0\u1edbc \u1ed1ng<\/td>\n<td valign=\"top\">H\u1ec7 m\u00e9t\u22052,\u22053.2,\u22054,\u22056,\u22058,\u220510,\u220512,\u220516, h\u1ec7 icnh\u22051\/8\u201d,\u22055\/32\u201d,\u22051\/4\u201d,\u22055\/16\u201d,\u22053\/8\u201d,\u22051\/2\u201d<\/td>\n<\/tr>\n<tr>\n<td valign=\"top\">K\u00edch th\u01b0\u1edbc c\u1ed5ng ren, \u1ed1ng<\/td>\n<td valign=\"top\">M5, 10-32UNF, R1\/8, R1\/4, R3\/8, R1\/2,<\/td>\n<\/tr>\n<tr>\n<td valign=\"top\">Ki\u1ec3u d\u00e1ng<\/td>\n<td valign=\"top\">Ki\u1ec3u ch\u1eef L, ki\u1ec3u ph\u1ed5 bi\u1ebfn, ki\u1ec3u \u0111\u01b0\u1eddng th\u1eb3ng<\/td>\n<\/tr>\n<tr>\n<td valign=\"top\">D\u1ea1ng \u0111i\u1ec1u khi\u1ec3n<\/td>\n<td valign=\"top\">Ti\u1ebft l\u01b0u \u0111\u1ea7u ra, ti\u1ebft l\u01b0u \u0111\u1ea7u v\u00e0o<\/td>\n<\/tr>\n<\/tbody>\n<\/table>\n<\/div>\n<h3 class=\"TieuDeSanPhamEditor\">S\u01a1 \u0111\u1ed3 ch\u1ecdn m\u00e3<\/h3>\n<p><a href=\"https:\/\/restekequipment.com\/wp-content\/uploads\/2021\/08\/z2687581502797_5c1df374e3c815dc913f5d806763553a.jpg\"><img loading=\"lazy\" decoding=\"async\" class=\"alignleft wp-image-2759\" src=\"https:\/\/restekequipment.com\/wp-content\/uploads\/2021\/08\/z2687581502797_5c1df374e3c815dc913f5d806763553a-231x300.jpg\" alt=\"\" width=\"735\" height=\"955\" srcset=\"https:\/\/restekequipment.com\/wp-content\/uploads\/2021\/08\/z2687581502797_5c1df374e3c815dc913f5d806763553a-231x300.jpg?v=1629085422 231w, https:\/\/restekequipment.com\/wp-content\/uploads\/2021\/08\/z2687581502797_5c1df374e3c815dc913f5d806763553a-510x662.jpg?v=1629085422 510w, https:\/\/restekequipment.com\/wp-content\/uploads\/2021\/08\/z2687581502797_5c1df374e3c815dc913f5d806763553a.jpg?v=1629085422 606w\" sizes=\"auto, (max-width: 735px) 100vw, 735px\" \/><\/a> <a href=\"https:\/\/restekequipment.com\/wp-content\/uploads\/2021\/08\/z2687581944485_46288ba9c2029299b51c3cd930695f5f.jpg\"><img loading=\"lazy\" decoding=\"async\" class=\"alignleft wp-image-2760\" src=\"https:\/\/restekequipment.com\/wp-content\/uploads\/2021\/08\/z2687581944485_46288ba9c2029299b51c3cd930695f5f-212x300.jpg\" alt=\"\" width=\"361\" height=\"511\" srcset=\"https:\/\/restekequipment.com\/wp-content\/uploads\/2021\/08\/z2687581944485_46288ba9c2029299b51c3cd930695f5f-212x300.jpg?v=1629085426 212w, https:\/\/restekequipment.com\/wp-content\/uploads\/2021\/08\/z2687581944485_46288ba9c2029299b51c3cd930695f5f-510x722.jpg?v=1629085426 510w, https:\/\/restekequipment.com\/wp-content\/uploads\/2021\/08\/z2687581944485_46288ba9c2029299b51c3cd930695f5f.jpg?v=1629085426 575w\" sizes=\"auto, (max-width: 361px) 100vw, 361px\" \/><\/a> <a href=\"https:\/\/restekequipment.com\/wp-content\/uploads\/2021\/08\/z2687582375832_644f4472f6e47df2f1058fc9524dd601.jpg\"><img loading=\"lazy\" decoding=\"async\" class=\"alignleft wp-image-2761\" src=\"https:\/\/restekequipment.com\/wp-content\/uploads\/2021\/08\/z2687582375832_644f4472f6e47df2f1058fc9524dd601-202x300.jpg\" alt=\"\" width=\"351\" height=\"522\" srcset=\"https:\/\/restekequipment.com\/wp-content\/uploads\/2021\/08\/z2687582375832_644f4472f6e47df2f1058fc9524dd601-202x300.jpg?v=1629085429 202w, https:\/\/restekequipment.com\/wp-content\/uploads\/2021\/08\/z2687582375832_644f4472f6e47df2f1058fc9524dd601-510x759.jpg?v=1629085429 510w, https:\/\/restekequipment.com\/wp-content\/uploads\/2021\/08\/z2687582375832_644f4472f6e47df2f1058fc9524dd601.jpg?v=1629085429 573w\" sizes=\"auto, (max-width: 351px) 100vw, 351px\" \/><\/a> <a href=\"https:\/\/restekequipment.com\/wp-content\/uploads\/2021\/08\/z2687582648856_04191017538955c109bf83d726f0445f.jpg\"><img loading=\"lazy\" decoding=\"async\" class=\"alignleft wp-image-2762\" src=\"https:\/\/restekequipment.com\/wp-content\/uploads\/2021\/08\/z2687582648856_04191017538955c109bf83d726f0445f-260x300.jpg\" alt=\"\" width=\"351\" height=\"405\" srcset=\"https:\/\/restekequipment.com\/wp-content\/uploads\/2021\/08\/z2687582648856_04191017538955c109bf83d726f0445f-260x300.jpg?v=1629085434 260w, https:\/\/restekequipment.com\/wp-content\/uploads\/2021\/08\/z2687582648856_04191017538955c109bf83d726f0445f-510x589.jpg?v=1629085434 510w, https:\/\/restekequipment.com\/wp-content\/uploads\/2021\/08\/z2687582648856_04191017538955c109bf83d726f0445f.jpg?v=1629085434 582w\" sizes=\"auto, (max-width: 351px) 100vw, 351px\" \/><\/a> <a href=\"https:\/\/restekequipment.com\/wp-content\/uploads\/2021\/08\/z2687583053417_1d9dc530584293c8840b50731381a5a8.jpg\"><img loading=\"lazy\" decoding=\"async\" class=\"alignleft wp-image-2763\" src=\"https:\/\/restekequipment.com\/wp-content\/uploads\/2021\/08\/z2687583053417_1d9dc530584293c8840b50731381a5a8-275x300.jpg\" alt=\"\" width=\"357\" height=\"389\" srcset=\"https:\/\/restekequipment.com\/wp-content\/uploads\/2021\/08\/z2687583053417_1d9dc530584293c8840b50731381a5a8-275x300.jpg?v=1629085440 275w, https:\/\/restekequipment.com\/wp-content\/uploads\/2021\/08\/z2687583053417_1d9dc530584293c8840b50731381a5a8-510x556.jpg?v=1629085440 510w, https:\/\/restekequipment.com\/wp-content\/uploads\/2021\/08\/z2687583053417_1d9dc530584293c8840b50731381a5a8.jpg?v=1629085440 583w\" sizes=\"auto, (max-width: 357px) 100vw, 357px\" \/><\/a><\/p>\n","protected":false},"excerpt":{"rendered":"<div class=\"product-short-description\">\n<div class=\"product-short-description\">\n<div class=\"product-short-description\">\n<div class=\"product-short-description\">\n<div class=\"product-short-description\">\n<div class=\"product-short-description\">\n<div class=\"product-short-description\">\n<div class=\"product-short-description\">\n<div class=\"product-short-description\">\n<div class=\"price-wrapper\">\n<h3 class=\"price product-page-price \"><span class=\"lien-he-price\">M\u00f4 t\u1ea3 s\u1ea3n ph\u1ea9m<\/span><\/h3>\n<\/div>\n<div class=\"product-short-description\">\n<ul>\n<li><strong>M\u00e3 s\u1ea3n ph\u1ea9m:\u00a0<\/strong>Van ti\u1ebft l\u01b0u khi\u0301 ne\u0301n SMC d\u00f2ng AS series<\/li>\n<li><strong>Th\u01b0\u01a1ng hi\u1ec7u:\u00a0<\/strong>SMC<\/li>\n<li><strong>N\u01a1i s\u1ea3n xu\u1ea5t:<\/strong> Nh\u1eadt B\u1ea3n<\/li>\n<li><strong>B\u1ea3o h\u00e0nh:<\/strong><\/li>\n<li><strong>T\u00ecnh tr\u1ea1ng:<\/strong>\u00a0m\u1edbi 100%<\/li>\n<\/ul>\n<\/div>\n<\/div>\n<\/div>\n<\/div>\n<\/div>\n<\/div>\n<\/div>\n<\/div>\n<\/div>\n<\/div>\n","protected":false},"featured_media":2764,"comment_status":"open","ping_status":"closed","template":"","meta":[],"product_brand":[],"product_cat":[435,427,441],"product_tag":[1285],"class_list":{"0":"post-2754","1":"product","2":"type-product","3":"status-publish","4":"has-post-thumbnail","6":"product_cat-dau-noi-ong-hoi","7":"product_cat-thiet-bi-khi-nen","8":"product_cat-van-khi-nen","9":"product_tag-van-tiet-luu-khi-nen-smc","10":"pa_nha-san-xuat-smc","12":"first","13":"instock","14":"shipping-taxable","15":"product-type-simple"},"_links":{"self":[{"href":"https:\/\/restekequipment.com\/index.php?rest_route=\/wp\/v2\/product\/2754","targetHints":{"allow":["GET"]}}],"collection":[{"href":"https:\/\/restekequipment.com\/index.php?rest_route=\/wp\/v2\/product"}],"about":[{"href":"https:\/\/restekequipment.com\/index.php?rest_route=\/wp\/v2\/types\/product"}],"replies":[{"embeddable":true,"href":"https:\/\/restekequipment.com\/index.php?rest_route=%2Fwp%2Fv2%2Fcomments&post=2754"}],"wp:featuredmedia":[{"embeddable":true,"href":"https:\/\/restekequipment.com\/index.php?rest_route=\/wp\/v2\/media\/2764"}],"wp:attachment":[{"href":"https:\/\/restekequipment.com\/index.php?rest_route=%2Fwp%2Fv2%2Fmedia&parent=2754"}],"wp:term":[{"taxonomy":"product_brand","embeddable":true,"href":"https:\/\/restekequipment.com\/index.php?rest_route=%2Fwp%2Fv2%2Fproduct_brand&post=2754"},{"taxonomy":"product_cat","embeddable":true,"href":"https:\/\/restekequipment.com\/index.php?rest_route=%2Fwp%2Fv2%2Fproduct_cat&post=2754"},{"taxonomy":"product_tag","embeddable":true,"href":"https:\/\/restekequipment.com\/index.php?rest_route=%2Fwp%2Fv2%2Fproduct_tag&post=2754"}],"curies":[{"name":"wp","href":"https:\/\/api.w.org\/{rel}","templated":true}]}}