{"id":2698,"date":"2021-08-12T15:24:58","date_gmt":"2021-08-12T08:24:58","guid":{"rendered":"https:\/\/restekequipment.com\/?post_type=product&#038;p=2697"},"modified":"2021-09-04T11:08:46","modified_gmt":"2021-09-04T04:08:46","slug":"2698","status":"publish","type":"product","link":"https:\/\/restekequipment.com\/?product=2698&lang=en","title":{"rendered":"\u00a0Air solenoid valve SMC 3\/2 &#8211; VT307 Series"},"content":{"rendered":"<p><span style=\"font-size: 20.16px;color: #333333\">Van \u0111i\u1ec7n t\u1eeb 3 C\u01b0\u0309a SMC d\u00f2ng VT307- 3\/2<\/span><\/p>\n<h3 class=\"TieuDeSanPhamEditor\">\u0110\u1eb7c \u0111i\u1ec3m chung<\/h3>\n<p>\u2013 C\u00f4ng su\u1ea5t ti\u00eau th\u1ee5 th\u1ea5p<\/p>\n<p>\u2013 M\u1ed9t van \u0111\u01a1n v\u1edbi nhi\u1ec1u ch\u1ee9c n\u0103ng \u2013 3\/2<\/p>\n<h3><span class=\"TieuDeSanPhamEditor\">Th\u00f4ng s\u00f4\u0301 k\u1ef9 thu\u00e2\u0323t<\/span><\/h3>\n<table border=\"1\" width=\"100%\" cellspacing=\"0\" cellpadding=\"0\">\n<tbody>\n<tr>\n<td valign=\"top\">L\u01b0u ch\u1ea5t<\/td>\n<td valign=\"top\">Kh\u00ed n\u00e9n<\/td>\n<\/tr>\n<tr>\n<td valign=\"top\">D\u1ea3i \u00e1p su\u1ea5t ho\u1ea1t \u0111\u1ed9ng<\/td>\n<td valign=\"top\">0-1.0 Mpa (lo\u1ea1i \u00e1p su\u1ea5t cao); 0-0.7 MPa lo\u1ea1i chu\u1ea9n<\/td>\n<\/tr>\n<tr>\n<td valign=\"top\">Nhi\u1ec7t \u0111\u1ed9 l\u01b0u ch\u1ea5t v\u00e0 m\u00f4i tr\u01b0\u1eddng<\/td>\n<td valign=\"top\">-10 ~ 50 ( kh\u00f4ng \u0111\u00f3ng b\u0103ng)<\/td>\n<\/tr>\n<tr>\n<td valign=\"top\">Th\u1eddi gian \u0111\u00e1p \u1ee9ng<\/td>\n<td valign=\"top\">20 ms ho\u1eb7c nh\u1ecf h\u01a1n (\u1edf \u00e1p su\u1ea5t 0.5 Mpa)<\/td>\n<\/tr>\n<tr>\n<td valign=\"top\">T\u1ea7n s\u1ed1 ho\u1ea1t \u0111\u1ed9ng t\u1ed1i \u0111a<\/td>\n<td valign=\"top\">10Hz<\/td>\n<\/tr>\n<tr>\n<td valign=\"top\">B\u00f4i tr\u01a1n<\/td>\n<td valign=\"top\">Kh\u00f4ng c\u1ea7n (c\u00f3 th\u1ec3 s\u1eed d\u1ee5ng d\u1ea7u ISO VG32 n\u1ebfu c\u1ea7n)<\/td>\n<\/tr>\n<tr>\n<td valign=\"top\">C\u00e1ch l\u1eafp \u0111\u1eb7t<\/td>\n<td valign=\"top\">Kh\u00f4ng h\u1ea1n ch\u1ebf<\/td>\n<\/tr>\n<tr>\n<td valign=\"top\">\u0110\u1ed9 ch\u1ed1ng va \u0111\u1eadp \/ ch\u1ed1ng rung (m\/s<sup>2<\/sup>)<\/td>\n<td valign=\"top\">150\/50 m\/s<sup>2<\/sup><\/td>\n<\/tr>\n<tr>\n<td valign=\"top\">D\u1ea1ng th\u00e2n<\/td>\n<td valign=\"top\">C\u1ed5ng tr\u00ean th\u00e2n, c\u1ed5ng tr\u00ean \u0111\u1ebf<\/td>\n<\/tr>\n<tr>\n<td valign=\"top\">T\u00f9y ch\u1ecdn van<\/td>\n<td valign=\"top\">D\u1ea1ng ti\u00eau chu\u1ea9n, d\u1ea1ng ho\u1ea1t \u0111\u1ed9ng li\u00ean t\u1ee5c, d\u1ea1ng ti\u1ebft ki\u1ec7m n\u0103ng l\u01b0\u1ee3ng, d\u00f9ng cho ch\u00e2n kh\u00f4ng, d\u1ea1ng ti\u1ebft ki\u1ec7m n\u0103ng l\u01b0\u1ee3ng cho ch\u00e2n kh\u00f4ng<\/td>\n<\/tr>\n<tr>\n<td valign=\"top\">\u0110i\u1ec7n \u00e1p<\/td>\n<td valign=\"top\">24VDC, 12VDC, 100VAC, 200VAC, 110 VAC, 220VAC, 240VAC<\/td>\n<\/tr>\n<tr>\n<td valign=\"top\">C\u1ed5ng c\u1ea5p \u0111i\u1ec7n<\/td>\n<td valign=\"top\">Grommet d\u00e2y 300 mm, d\u00e2y 600 mm, d\u1ea7u cu\u1ed1i DIN: c\u00f3 \u0111\u1ea7u c\u1eafm<\/td>\n<\/tr>\n<tr>\n<td valign=\"top\">T\u00f9y ch\u1ecdn \u0111\u00e8n v\u00e0 b\u1ed9 kh\u1eed qu\u00e1 \u00e1p<\/td>\n<td valign=\"top\">Kh\u00f4ng c\u00f3, c\u00f3 b\u1ed9 ch\u1ed1ng qu\u00e1 \u0111i\u1ec7n \u00e1p ( ch\u1ec9 c\u00f3 lo\u1ea1i c\u1ed5ng Grommet c\u00f3), c\u00f3 \u0111\u00e8n v\u00e0 b\u1ed9 ch\u00f4ng qu\u00e1 \u0111i\u1ec7n \u00e1p ngo\u1ea1i tr\u1eeb lo\u1ea1i Grommet<\/td>\n<\/tr>\n<tr>\n<td valign=\"top\">K\u00edch th\u01b0\u1edbc c\u1ed5ng<\/td>\n<td valign=\"top\">1\/8\u201d, 1\/4\u2033<\/td>\n<\/tr>\n<tr>\n<td valign=\"top\">Ki\u1ec3u Ren<\/td>\n<td valign=\"top\">Rc, G, NPT, NPTF<\/td>\n<\/tr>\n<tr>\n<td valign=\"top\">G\u00e1 \u0111\u1eb7t<\/td>\n<td valign=\"top\">Kh\u00f4ng c\u00f3, c\u00f3 g\u00e1<\/td>\n<\/tr>\n<tr>\n<td valign=\"top\">Chu\u1ea9n CE<\/td>\n<td valign=\"top\">Kh\u00f4ng c\u00f3, Chu\u1ea9n CE<\/td>\n<\/tr>\n<\/tbody>\n<\/table>\n<h3>S\u01a1 \u0111\u1ed3 ch\u1ecdn m\u00e3 :<\/h3>\n<p><a href=\"https:\/\/restekequipment.com\/wp-content\/uploads\/2021\/08\/z2679252899745_8ee2a60fdae2dd1c2cefd0e9df9ece7b.jpg\"><img loading=\"lazy\" decoding=\"async\" class=\"alignleft wp-image-2699\" src=\"https:\/\/restekequipment.com\/wp-content\/uploads\/2021\/08\/z2679252899745_8ee2a60fdae2dd1c2cefd0e9df9ece7b-210x300.jpg\" alt=\"\" width=\"962\" height=\"1374\" \/><\/a> <a href=\"https:\/\/restekequipment.com\/wp-content\/uploads\/2021\/08\/z2679253604722_2c9b0be6e428ce808ea0d0333d921bbe.jpg\"><img loading=\"lazy\" decoding=\"async\" class=\"alignleft wp-image-2701\" src=\"https:\/\/restekequipment.com\/wp-content\/uploads\/2021\/08\/z2679253604722_2c9b0be6e428ce808ea0d0333d921bbe-206x300.jpg\" alt=\"\" width=\"964\" height=\"1404\" srcset=\"https:\/\/restekequipment.com\/wp-content\/uploads\/2021\/08\/z2679253604722_2c9b0be6e428ce808ea0d0333d921bbe-206x300.jpg?v=1628757208 206w, https:\/\/restekequipment.com\/wp-content\/uploads\/2021\/08\/z2679253604722_2c9b0be6e428ce808ea0d0333d921bbe-510x743.jpg?v=1628757208 510w, https:\/\/restekequipment.com\/wp-content\/uploads\/2021\/08\/z2679253604722_2c9b0be6e428ce808ea0d0333d921bbe.jpg?v=1628757208 587w\" sizes=\"auto, (max-width: 964px) 100vw, 964px\" \/><\/a><\/p>\n","protected":false},"excerpt":{"rendered":"<div class=\"product-short-description\">\n<div class=\"product-short-description\">\n<div class=\"product-short-description\">\n<div class=\"product-short-description\">\n<div class=\"product-short-description\">\n<div class=\"product-short-description\">\n<div class=\"price-wrapper\">\n<div class=\"price-wrapper\">\n<h3 class=\"price product-page-price \"><span class=\"lien-he-price\">M\u00f4 t\u1ea3 s\u1ea3n ph\u1ea9m<\/span><\/h3>\n<\/div>\n<div class=\"product-short-description\">\n<ul>\n<li><strong>M\u00e3 s\u1ea3n ph\u1ea9m:\u00a0<\/strong>Van \u0111i\u00ea\u0323n t\u01b0\u0300 3 c\u00f4\u0309ng 2 vi\u0323 tri\u0301 d\u00f2ng VT307<\/li>\n<li><strong>Th\u01b0\u01a1ng hi\u1ec7u:\u00a0<\/strong>SMC<\/li>\n<li><strong>N\u01a1i s\u1ea3n xu\u1ea5t:<\/strong>\u00a0Nh\u1eadt B\u1ea3n<\/li>\n<li><strong>B\u1ea3o h\u00e0nh:<\/strong>\u00a012 th\u00e1ng<\/li>\n<li><strong>T\u00ecnh tr\u1ea1ng:<\/strong>\u00a0m\u1edbi 100%<\/li>\n<\/ul>\n<\/div>\n<\/div>\n<\/div>\n<\/div>\n<\/div>\n<\/div>\n<\/div>\n<\/div>\n","protected":false},"featured_media":2704,"comment_status":"open","ping_status":"closed","template":"","meta":[],"product_brand":[],"product_cat":[449,429],"product_tag":[1225],"class_list":{"0":"post-2698","1":"product","2":"type-product","3":"status-publish","4":"has-post-thumbnail","6":"product_cat-air-solenoid-control-valve","7":"product_cat-pneumatic-equipment-parts","8":"product_tag-air-solenoid-valve-smc-3-2","10":"first","11":"instock","12":"shipping-taxable","13":"product-type-simple"},"_links":{"self":[{"href":"https:\/\/restekequipment.com\/index.php?rest_route=\/wp\/v2\/product\/2698","targetHints":{"allow":["GET"]}}],"collection":[{"href":"https:\/\/restekequipment.com\/index.php?rest_route=\/wp\/v2\/product"}],"about":[{"href":"https:\/\/restekequipment.com\/index.php?rest_route=\/wp\/v2\/types\/product"}],"replies":[{"embeddable":true,"href":"https:\/\/restekequipment.com\/index.php?rest_route=%2Fwp%2Fv2%2Fcomments&post=2698"}],"wp:featuredmedia":[{"embeddable":true,"href":"https:\/\/restekequipment.com\/index.php?rest_route=\/wp\/v2\/media\/2704"}],"wp:attachment":[{"href":"https:\/\/restekequipment.com\/index.php?rest_route=%2Fwp%2Fv2%2Fmedia&parent=2698"}],"wp:term":[{"taxonomy":"product_brand","embeddable":true,"href":"https:\/\/restekequipment.com\/index.php?rest_route=%2Fwp%2Fv2%2Fproduct_brand&post=2698"},{"taxonomy":"product_cat","embeddable":true,"href":"https:\/\/restekequipment.com\/index.php?rest_route=%2Fwp%2Fv2%2Fproduct_cat&post=2698"},{"taxonomy":"product_tag","embeddable":true,"href":"https:\/\/restekequipment.com\/index.php?rest_route=%2Fwp%2Fv2%2Fproduct_tag&post=2698"}],"curies":[{"name":"wp","href":"https:\/\/api.w.org\/{rel}","templated":true}]}}