{"id":2653,"date":"2021-08-10T15:34:20","date_gmt":"2021-08-10T08:34:20","guid":{"rendered":"https:\/\/restekequipment.com\/?post_type=product&#038;p=2643"},"modified":"2021-08-10T15:57:54","modified_gmt":"2021-08-10T08:57:54","slug":"xy-khi-smc-dong-cj2-cdj2","status":"publish","type":"product","link":"https:\/\/restekequipment.com\/?product=xy-khi-smc-dong-cj2-cdj2&lang=en","title":{"rendered":"Air cylinder SMC CJ2\/CDJ2 Series"},"content":{"rendered":"<h3><strong>Product information:<\/strong><\/h3>\n<p>&#8211; Production: SMC &#8211; Japan<\/p>\n<p>Superior characteristics of SMC &#8211; CJ2 series of gas cylinders<\/p>\n<p>&#8211; Easily adjust the position of the sensor:<\/p>\n<p>Adjusting the position of the sensor by simply loosening the sensor mounted fasteners<\/p>\n<p>&#8211; Improved LED display sensor frame<\/p>\n<p>&#8211; The shaft head deviation is improved by attaching an additional guide ring to the standard Piston.<\/p>\n<p>CJ2 series gas cylinders are divided into 2 types:<\/p>\n<p>* CJ2 \u00f86 gas cylinder: standard, two impact, one shaft<\/p>\n<p>* * CJ2 gas cylinder \u00f86, \u00f810, \u00f816: two-impact type, one axis.<\/p>\n<h3><strong>Specifications:<\/strong><\/h3>\n<table border=\"1\" width=\"100%\" cellspacing=\"0\" cellpadding=\"0\">\n<tbody>\n<tr>\n<td>Barrel size<\/td>\n<td>10\/16 mm<\/td>\n<\/tr>\n<tr>\n<td>itinerary<\/td>\n<td>15\/30\/45\/60\/75\/100\/125\/150\/175\/200 mm<\/td>\n<\/tr>\n<tr>\n<td>Impact type<\/td>\n<td>Two effects, 1 axis<\/td>\n<\/tr>\n<tr>\n<td>Fluids<\/td>\n<td>Compressed air<\/td>\n<\/tr>\n<tr>\n<td>Bearings<\/td>\n<td>Basic, bossed sides, double clevis jigs, single leg jigs, double leg jigs, head flange jigs, flange jigs<\/td>\n<\/tr>\n<tr>\n<td>Destructive pressure<\/td>\n<td>1 Mpa<\/td>\n<\/tr>\n<tr>\n<td>Maximum operating pressure<\/td>\n<td>0.7 Mpa<\/td>\n<\/tr>\n<tr>\n<td>Minimum operating pressure<\/td>\n<td>0.06 Mpa<\/td>\n<\/tr>\n<tr>\n<td>Fluid temperature and environment<\/td>\n<td>-10~70<sup>0<\/sup>C (no freezing)<\/td>\n<\/tr>\n<tr>\n<td>Piston speed<\/td>\n<td>50~750 mm\/s<\/td>\n<\/tr>\n<tr>\n<td>Word ring options<\/td>\n<td>Option with word ring or no word ring<\/td>\n<\/tr>\n<\/tbody>\n<\/table>\n<h3><strong>Code selection diagram :<\/strong><\/h3>\n<p><a href=\"https:\/\/restekequipment.com\/wp-content\/uploads\/2021\/08\/z2674559893613_8e9f829d3b8ccc13b13a2fb9b63344d1.jpg\"><img loading=\"lazy\" decoding=\"async\" class=\"alignleft wp-image-2649\" src=\"https:\/\/restekequipment.com\/wp-content\/uploads\/2021\/08\/z2674559893613_8e9f829d3b8ccc13b13a2fb9b63344d1-243x300.jpg\" alt=\"\" width=\"369\" height=\"455\" srcset=\"https:\/\/restekequipment.com\/wp-content\/uploads\/2021\/08\/z2674559893613_8e9f829d3b8ccc13b13a2fb9b63344d1-243x300.jpg?v=1628584610 243w, https:\/\/restekequipment.com\/wp-content\/uploads\/2021\/08\/z2674559893613_8e9f829d3b8ccc13b13a2fb9b63344d1-510x629.jpg?v=1628584610 510w, https:\/\/restekequipment.com\/wp-content\/uploads\/2021\/08\/z2674559893613_8e9f829d3b8ccc13b13a2fb9b63344d1.jpg?v=1628584610 624w\" sizes=\"auto, (max-width: 369px) 100vw, 369px\" \/><\/a> <a href=\"https:\/\/restekequipment.com\/wp-content\/uploads\/2021\/08\/z2674558020419_de0ab696aff7d2c9fea7f8589dc36fdc.jpg\"><img loading=\"lazy\" decoding=\"async\" class=\"alignleft wp-image-2645\" src=\"https:\/\/restekequipment.com\/wp-content\/uploads\/2021\/08\/z2674558020419_de0ab696aff7d2c9fea7f8589dc36fdc-217x300.jpg\" alt=\"\" width=\"334\" height=\"462\" srcset=\"https:\/\/restekequipment.com\/wp-content\/uploads\/2021\/08\/z2674558020419_de0ab696aff7d2c9fea7f8589dc36fdc-217x300.jpg?v=1628584589 217w, https:\/\/restekequipment.com\/wp-content\/uploads\/2021\/08\/z2674558020419_de0ab696aff7d2c9fea7f8589dc36fdc-510x707.jpg?v=1628584589 510w, https:\/\/restekequipment.com\/wp-content\/uploads\/2021\/08\/z2674558020419_de0ab696aff7d2c9fea7f8589dc36fdc.jpg?v=1628584589 615w\" sizes=\"auto, (max-width: 334px) 100vw, 334px\" \/><\/a> <a href=\"https:\/\/restekequipment.com\/wp-content\/uploads\/2021\/08\/z2674558411461_18684df9fb8728ba1851a7bb5221fae0.jpg\"><img loading=\"lazy\" decoding=\"async\" class=\"alignleft wp-image-2646\" src=\"https:\/\/restekequipment.com\/wp-content\/uploads\/2021\/08\/z2674558411461_18684df9fb8728ba1851a7bb5221fae0-218x300.jpg\" alt=\"\" width=\"349\" height=\"480\" srcset=\"https:\/\/restekequipment.com\/wp-content\/uploads\/2021\/08\/z2674558411461_18684df9fb8728ba1851a7bb5221fae0-218x300.jpg?v=1628584593 218w, https:\/\/restekequipment.com\/wp-content\/uploads\/2021\/08\/z2674558411461_18684df9fb8728ba1851a7bb5221fae0-510x702.jpg?v=1628584593 510w, https:\/\/restekequipment.com\/wp-content\/uploads\/2021\/08\/z2674558411461_18684df9fb8728ba1851a7bb5221fae0.jpg?v=1628584593 615w\" sizes=\"auto, (max-width: 349px) 100vw, 349px\" \/><\/a> <a href=\"https:\/\/restekequipment.com\/wp-content\/uploads\/2021\/08\/z2674560724569_2504c441ee561305ff4e61b7e4c3f23b.jpg\"><img loading=\"lazy\" decoding=\"async\" class=\"alignleft wp-image-2651\" src=\"https:\/\/restekequipment.com\/wp-content\/uploads\/2021\/08\/z2674560724569_2504c441ee561305ff4e61b7e4c3f23b-220x300.jpg\" alt=\"\" width=\"349\" height=\"476\" srcset=\"https:\/\/restekequipment.com\/wp-content\/uploads\/2021\/08\/z2674560724569_2504c441ee561305ff4e61b7e4c3f23b-220x300.jpg?v=1628584624 220w, https:\/\/restekequipment.com\/wp-content\/uploads\/2021\/08\/z2674560724569_2504c441ee561305ff4e61b7e4c3f23b-510x695.jpg?v=1628584624 510w, https:\/\/restekequipment.com\/wp-content\/uploads\/2021\/08\/z2674560724569_2504c441ee561305ff4e61b7e4c3f23b.jpg?v=1628584624 615w\" sizes=\"auto, (max-width: 349px) 100vw, 349px\" \/><\/a><\/p>\n","protected":false},"excerpt":{"rendered":"<div class=\"product-short-description\">\n<div class=\"price-wrapper\">\n<h3 class=\"price product-page-price \"><span class=\"lien-he-price\">Product Description<\/span><\/h3>\n<\/div>\n<div class=\"product-short-description\">\n<ul>\n<li><strong>Product code: <\/strong> CJ2\/CDJ2<\/li>\n<li><strong>Brand:<\/strong> Smc<\/li>\n<li><strong>Place of manufacture:<\/strong> Japan<\/li>\n<li><strong>Warranty:<\/strong> 12 months<\/li>\n<li><strong>Status:<\/strong> 100% new<\/li>\n<\/ul>\n<\/div>\n<\/div>\n","protected":false},"featured_media":2644,"comment_status":"open","ping_status":"closed","template":"","meta":[],"product_brand":[],"product_cat":[443,429],"product_tag":[1183],"class_list":{"0":"post-2653","1":"product","2":"type-product","3":"status-publish","4":"has-post-thumbnail","6":"product_cat-air-cylinder","7":"product_cat-pneumatic-equipment-parts","8":"product_tag-air-cylinder-smc-cj2","10":"first","11":"instock","12":"shipping-taxable","13":"product-type-simple"},"_links":{"self":[{"href":"https:\/\/restekequipment.com\/index.php?rest_route=\/wp\/v2\/product\/2653","targetHints":{"allow":["GET"]}}],"collection":[{"href":"https:\/\/restekequipment.com\/index.php?rest_route=\/wp\/v2\/product"}],"about":[{"href":"https:\/\/restekequipment.com\/index.php?rest_route=\/wp\/v2\/types\/product"}],"replies":[{"embeddable":true,"href":"https:\/\/restekequipment.com\/index.php?rest_route=%2Fwp%2Fv2%2Fcomments&post=2653"}],"wp:featuredmedia":[{"embeddable":true,"href":"https:\/\/restekequipment.com\/index.php?rest_route=\/wp\/v2\/media\/2644"}],"wp:attachment":[{"href":"https:\/\/restekequipment.com\/index.php?rest_route=%2Fwp%2Fv2%2Fmedia&parent=2653"}],"wp:term":[{"taxonomy":"product_brand","embeddable":true,"href":"https:\/\/restekequipment.com\/index.php?rest_route=%2Fwp%2Fv2%2Fproduct_brand&post=2653"},{"taxonomy":"product_cat","embeddable":true,"href":"https:\/\/restekequipment.com\/index.php?rest_route=%2Fwp%2Fv2%2Fproduct_cat&post=2653"},{"taxonomy":"product_tag","embeddable":true,"href":"https:\/\/restekequipment.com\/index.php?rest_route=%2Fwp%2Fv2%2Fproduct_tag&post=2653"}],"curies":[{"name":"wp","href":"https:\/\/api.w.org\/{rel}","templated":true}]}}