{"id":2609,"date":"2021-08-07T20:09:01","date_gmt":"2021-08-07T13:09:01","guid":{"rendered":"https:\/\/restekequipment.com\/?post_type=product&#038;p=2609"},"modified":"2021-08-07T20:25:28","modified_gmt":"2021-08-07T13:25:28","slug":"xi-lanh-smc-ca2-z-series","status":"publish","type":"product","link":"https:\/\/restekequipment.com\/?product=xi-lanh-smc-ca2-z-series","title":{"rendered":"Xi lanh khi\u0301 SMC do\u0300ng CA2 series"},"content":{"rendered":"<h2>Xi lanh SMC CA2-Z series:<\/h2>\n<p><strong>CA2 \/ CDA2\u00a0 &#8211;\u00a0 CA2W \/ CDA2W\u00a0 &#8211;\u00a0 CA2K \/ CDA2K\u00a0 &#8211;\u00a0 CA2KW \/ CDA2KW\u00a0 &#8211;\u00a0 CBA2 \/ CDBA2<\/strong><\/p>\n<h3><span class=\"TieuDeSanPhamEditor\"><strong>\u0110\u1eb7c \u0111i\u1ec3m chung<br \/>\n<\/strong><\/span><\/h3>\n<div>\n<p>&#8211;\u00a0<strong>Xi lanh kh\u00ed n\u00e9n SMC d\u00f2ng CA2-Z <\/strong>l\u00e0 \u0111i\u1ec1u khi\u1ec3n \u0111\u1ec7m kh\u00f4ng kh\u00ed d\u1ec5 d\u00e0ng<\/p>\n<p>&#8211; K\u00edch th\u01b0\u1edbc n\u00f2ng 40, 50, 63, 80,100 mm<\/p>\n<p>&#8211; H\u00e0nh tr\u00ecnh 25 -700 mm<\/p>\n<div>&#8211;\u00a0<strong>Xi lanh kh\u00ed n\u00e9n SMC d\u00f2ng CA2-Z <\/strong>gi\u1ea3m tr\u1ecdng l\u01b0\u1ee3ng b\u1eb1ng c\u00e1ch thay \u0111\u1ed5i h\u00ecnh d\u1ea1ng thanh n\u1eafp v\u00e0 n\u1eafp \u0111\u1eady.<\/div>\n<div>&#8211; Khung l\u1eafp t\u00f9y ch\u1ecdn<\/div>\n<div>&#8211; <strong>\u1ee8ng d\u1ee5ng\u00a0<\/strong><strong>Xi lanh kh\u00ed n\u00e9n SMC d\u00f2ng CA2-Z<\/strong> th\u01b0\u1eddng \u0111\u01b0\u1ee3c s\u1eed d\u1ee5ng nhi\u1ec1u trong c\u00e1c nh\u00e0 m\u00e1ys\u1ea3n xu\u1ea5t, \u0111i\u1ec7n &#8211; \u0111i\u1ec7n t\u1eed, \u0111\u00f3ng g\u00f3i b\u00e1nh k\u1eb9o, th\u1ef1c ph\u1ea9m, s\u1ea3n xu\u1ea5t \u00f4 t\u00f4&#8230;<\/div>\n<\/div>\n<div>\n<h2><span class=\"TieuDeSanPhamEditor\"><strong>Th\u00f4ng s\u1ed1 k\u1ef9 thu\u1eadt<\/strong><\/span><\/h2>\n<div><strong><span class=\"TieuDeSanPhamEditor\">\u00a0<\/span><\/strong><\/div>\n<div>\n<table border=\"1\" cellspacing=\"0\" cellpadding=\"0\">\n<tbody>\n<tr>\n<td>K\u00edch th\u01b0\u1edbc n\u00f2ng<\/td>\n<td>40, 50, 63, 80, 100 mm<\/td>\n<\/tr>\n<tr>\n<td>H\u00e0nh tr\u00ecnh<\/td>\n<td>25, 50, 75, 100, 125, 150, 175, 200, 250, 300, 350, 400, 450, 500, 600, 700 mm (tr\u00ean 700 mm li\u00ean h\u1ec7)<\/td>\n<\/tr>\n<tr>\n<td>Ki\u1ec3u t\u00e1c \u0111\u1ed9ng<\/td>\n<td>Hai t\u00e1c \u0111\u00f4\u0323ng, 1 tr\u1ee5c<\/td>\n<\/tr>\n<tr>\n<td>L\u01b0u ch\u1ea5t<\/td>\n<td>Kh\u00ed n\u00e9n<\/td>\n<\/tr>\n<tr>\n<td>\u1ed4 tr\u1ee5c<\/td>\n<td>C\u01a1 b\u1ea3n, m\u1eb7t b\u00edch, ch\u00e2n \u0111\u1ebf, clevis \u0111\u00f4i, clevis \u0111\u01a1n, ch\u1ed1t quay<\/td>\n<\/tr>\n<tr>\n<td>\u00c1p su\u1ea5t ph\u00e1 h\u1ee7y<\/td>\n<td>1.5\u00a0Mpa<\/td>\n<\/tr>\n<tr>\n<td>\u00c1p su\u1ea5t ho\u1ea1t \u0111\u1ed9ng t\u1ed1i \u0111a<\/td>\n<td>1.0 Mpa (ti\u00eau chu\u1ea9n 0.7 Mpa)<\/td>\n<\/tr>\n<tr>\n<td>\u00c1p su\u1ea5t ho\u1ea1t \u0111\u1ed9ng t\u1ed1i thi\u1ec3u<\/td>\n<td>0.05 Mpa<\/td>\n<\/tr>\n<tr>\n<td>Nhi\u1ec7t \u0111\u1ed9 l\u01b0u ch\u1ea5t v\u00e0 m\u00f4i tr\u01b0\u1eddng<\/td>\n<td>-10 ~ 70C (kh\u00f4ng \u0111\u00f3ng b\u0103ng)<\/td>\n<\/tr>\n<tr>\n<td>T\u1ed1c \u0111\u1ed9 p\u00edt t\u00f4ng<\/td>\n<td>50\u00a0~\u00a0500 mm\/s<\/td>\n<\/tr>\n<tr>\n<td>T\u00f9y ch\u1ecdn v\u00f2ng t\u1eeb<\/td>\n<td>Kh\u00f4ng c\u00f3 v\u00f2ng t\u1eeb, c\u00f3 v\u00f2ng t\u1eeb.<\/td>\n<\/tr>\n<\/tbody>\n<\/table>\n<\/div>\n<\/div>\n<div>\n<h3><span class=\"TieuDeSanPhamEditor\">S\u01a1 \u0111\u1ed3 ch\u1ecdn m\u00e3<\/span><\/h3>\n<p><a href=\"https:\/\/restekequipment.com\/wp-content\/uploads\/2021\/08\/z2668420507140_626cf5983c143ae57bbd798c1b294105.jpg\"><img loading=\"lazy\" decoding=\"async\" class=\"alignleft size-medium wp-image-2614\" src=\"https:\/\/restekequipment.com\/wp-content\/uploads\/2021\/08\/z2668420507140_626cf5983c143ae57bbd798c1b294105-209x300.jpg\" alt=\"\" width=\"209\" height=\"300\" srcset=\"https:\/\/restekequipment.com\/wp-content\/uploads\/2021\/08\/z2668420507140_626cf5983c143ae57bbd798c1b294105-209x300.jpg 209w, https:\/\/restekequipment.com\/wp-content\/uploads\/2021\/08\/z2668420507140_626cf5983c143ae57bbd798c1b294105-510x732.jpg 510w, https:\/\/restekequipment.com\/wp-content\/uploads\/2021\/08\/z2668420507140_626cf5983c143ae57bbd798c1b294105.jpg 598w\" sizes=\"auto, (max-width: 209px) 100vw, 209px\" \/><\/a> <a href=\"https:\/\/restekequipment.com\/wp-content\/uploads\/2021\/08\/z2668421367346_adb03baefabc4be83385801e77484da6.jpg\"><img loading=\"lazy\" decoding=\"async\" class=\"alignleft size-medium wp-image-2616\" src=\"https:\/\/restekequipment.com\/wp-content\/uploads\/2021\/08\/z2668421367346_adb03baefabc4be83385801e77484da6-204x300.jpg\" alt=\"\" width=\"204\" height=\"300\" srcset=\"https:\/\/restekequipment.com\/wp-content\/uploads\/2021\/08\/z2668421367346_adb03baefabc4be83385801e77484da6-204x300.jpg 204w, https:\/\/restekequipment.com\/wp-content\/uploads\/2021\/08\/z2668421367346_adb03baefabc4be83385801e77484da6-510x750.jpg 510w, https:\/\/restekequipment.com\/wp-content\/uploads\/2021\/08\/z2668421367346_adb03baefabc4be83385801e77484da6.jpg 580w\" sizes=\"auto, (max-width: 204px) 100vw, 204px\" \/><\/a> <a href=\"https:\/\/restekequipment.com\/wp-content\/uploads\/2021\/08\/z2668420850901_560bbf12ec1885c1157a54272800646a.jpg\"><img loading=\"lazy\" decoding=\"async\" class=\"alignleft size-medium wp-image-2615\" src=\"https:\/\/restekequipment.com\/wp-content\/uploads\/2021\/08\/z2668420850901_560bbf12ec1885c1157a54272800646a-214x300.jpg\" alt=\"\" width=\"214\" height=\"300\" srcset=\"https:\/\/restekequipment.com\/wp-content\/uploads\/2021\/08\/z2668420850901_560bbf12ec1885c1157a54272800646a-214x300.jpg 214w, https:\/\/restekequipment.com\/wp-content\/uploads\/2021\/08\/z2668420850901_560bbf12ec1885c1157a54272800646a-510x716.jpg 510w, https:\/\/restekequipment.com\/wp-content\/uploads\/2021\/08\/z2668420850901_560bbf12ec1885c1157a54272800646a.jpg 598w\" sizes=\"auto, (max-width: 214px) 100vw, 214px\" \/><\/a> <a href=\"https:\/\/restekequipment.com\/wp-content\/uploads\/2021\/08\/z2668422143595_5a819efa52458c230ce4e97c1f6c454f.jpg\"><img loading=\"lazy\" decoding=\"async\" class=\"alignleft size-medium wp-image-2618\" src=\"https:\/\/restekequipment.com\/wp-content\/uploads\/2021\/08\/z2668422143595_5a819efa52458c230ce4e97c1f6c454f-222x300.jpg\" alt=\"\" width=\"222\" height=\"300\" srcset=\"https:\/\/restekequipment.com\/wp-content\/uploads\/2021\/08\/z2668422143595_5a819efa52458c230ce4e97c1f6c454f-222x300.jpg 222w, https:\/\/restekequipment.com\/wp-content\/uploads\/2021\/08\/z2668422143595_5a819efa52458c230ce4e97c1f6c454f-510x690.jpg 510w, https:\/\/restekequipment.com\/wp-content\/uploads\/2021\/08\/z2668422143595_5a819efa52458c230ce4e97c1f6c454f.jpg 568w\" sizes=\"auto, (max-width: 222px) 100vw, 222px\" \/><\/a> <a href=\"https:\/\/restekequipment.com\/wp-content\/uploads\/2021\/08\/z2668421791901_814c38ab596a513491135ed0fd250714.jpg\"><img loading=\"lazy\" decoding=\"async\" class=\"alignleft size-medium wp-image-2617\" src=\"https:\/\/restekequipment.com\/wp-content\/uploads\/2021\/08\/z2668421791901_814c38ab596a513491135ed0fd250714-295x300.jpg\" alt=\"\" width=\"295\" height=\"300\" srcset=\"https:\/\/restekequipment.com\/wp-content\/uploads\/2021\/08\/z2668421791901_814c38ab596a513491135ed0fd250714-295x300.jpg 295w, https:\/\/restekequipment.com\/wp-content\/uploads\/2021\/08\/z2668421791901_814c38ab596a513491135ed0fd250714-510x519.jpg 510w, https:\/\/restekequipment.com\/wp-content\/uploads\/2021\/08\/z2668421791901_814c38ab596a513491135ed0fd250714.jpg 572w\" sizes=\"auto, (max-width: 295px) 100vw, 295px\" \/><\/a><\/p>\n<p>&nbsp;<\/p>\n<\/div>\n<div><\/div>\n<div><\/div>\n","protected":false},"excerpt":{"rendered":"<div class=\"product-short-description\">\n<div class=\"price-wrapper\">\n<h3 class=\"price product-page-price \"><span class=\"lien-he-price\">M\u00f4 t\u1ea3 s\u1ea3n ph\u1ea9m<\/span><\/h3>\n<\/div>\n<div class=\"product-short-description\">\n<ul>\n<li><strong>M\u00e3 s\u1ea3n ph\u1ea9m:\u00a0<\/strong><strong>CA2 \/ CDA2\u00a0 &#8211;\u00a0 CA2W \/ CDA2W\u00a0 &#8211;\u00a0 CA2K \/ CDA2K\u00a0 &#8211;\u00a0 CA2KW \/ CDA2KW\u00a0 &#8211;\u00a0 CBA2 \/ CDBA2<\/strong><\/li>\n<li><strong>Th\u01b0\u01a1ng hi\u1ec7u:\u00a0<\/strong>SMC<\/li>\n<li><strong>N\u01a1i s\u1ea3n xu\u1ea5t:<\/strong> Nh\u1eadt B\u1ea3n<\/li>\n<li><strong>B\u1ea3o h\u00e0nh:<\/strong> 12 th\u00e1ng<\/li>\n<li><strong>T\u00ecnh tr\u1ea1ng:<\/strong>\u00a0m\u1edbi 100%<\/li>\n<\/ul>\n<\/div>\n<\/div>\n","protected":false},"featured_media":2612,"comment_status":"open","ping_status":"closed","template":"","meta":[],"product_brand":[],"product_cat":[427,431],"product_tag":[1164],"class_list":{"0":"post-2609","1":"product","2":"type-product","3":"status-publish","4":"has-post-thumbnail","6":"product_cat-thiet-bi-khi-nen","7":"product_cat-xylanh-khi","8":"product_tag-xi-lanh-khi-smc-dong-ca2-series","9":"pa_nha-san-xuat-smc","11":"first","12":"instock","13":"shipping-taxable","14":"product-type-simple"},"_links":{"self":[{"href":"https:\/\/restekequipment.com\/index.php?rest_route=\/wp\/v2\/product\/2609","targetHints":{"allow":["GET"]}}],"collection":[{"href":"https:\/\/restekequipment.com\/index.php?rest_route=\/wp\/v2\/product"}],"about":[{"href":"https:\/\/restekequipment.com\/index.php?rest_route=\/wp\/v2\/types\/product"}],"replies":[{"embeddable":true,"href":"https:\/\/restekequipment.com\/index.php?rest_route=%2Fwp%2Fv2%2Fcomments&post=2609"}],"wp:featuredmedia":[{"embeddable":true,"href":"https:\/\/restekequipment.com\/index.php?rest_route=\/wp\/v2\/media\/2612"}],"wp:attachment":[{"href":"https:\/\/restekequipment.com\/index.php?rest_route=%2Fwp%2Fv2%2Fmedia&parent=2609"}],"wp:term":[{"taxonomy":"product_brand","embeddable":true,"href":"https:\/\/restekequipment.com\/index.php?rest_route=%2Fwp%2Fv2%2Fproduct_brand&post=2609"},{"taxonomy":"product_cat","embeddable":true,"href":"https:\/\/restekequipment.com\/index.php?rest_route=%2Fwp%2Fv2%2Fproduct_cat&post=2609"},{"taxonomy":"product_tag","embeddable":true,"href":"https:\/\/restekequipment.com\/index.php?rest_route=%2Fwp%2Fv2%2Fproduct_tag&post=2609"}],"curies":[{"name":"wp","href":"https:\/\/api.w.org\/{rel}","templated":true}]}}