{"id":2586,"date":"2021-08-03T22:59:40","date_gmt":"2021-08-03T15:59:40","guid":{"rendered":"https:\/\/restekequipment.com\/?post_type=product&#038;p=2586"},"modified":"2021-08-03T23:24:37","modified_gmt":"2021-08-03T16:24:37","slug":"xy-lanh-hai-truc-smc-cxs-series","status":"publish","type":"product","link":"https:\/\/restekequipment.com\/?product=xy-lanh-hai-truc-smc-cxs-series","title":{"rendered":"Xy lanh hai tr\u1ee5c SMC CXS series"},"content":{"rendered":"<div>\n<h2 class=\"TieuDeSanPhamEditor\">\u0110\u1eb7c \u0111i\u1ec3m chung : CXS series<\/h2>\n<div>&#8211;\u00a0<a href=\"https:\/\/baoanjsc.com.vn\/vn\/sanpham-28743\/Thiet-bi-khi-nen\/SMC\/Xi%20lanh%20kh%C3%B4ng%20tr%E1%BB%A5c%20nam%20ch%C3%A2m%20SMC%20CY3R%20Series%20CY3R25-600\" target=\"_blank\" rel=\"noopener\">Xi lanh hai tr\u1ee5c SMC d\u00f2ng CXS<\/a>\u00a0c\u00f3 hai l\u1ea7n l\u1ef1c \u0111\u1ea9y ,\u0111\u1ed9 ch\u00ednh x\u00e1c kh\u00f4ng quay \u00b1 0,1 \u00b0<\/div>\n<div>&#8211;\u00a0<a href=\"https:\/\/baoanjsc.com.vn\/vn\/sanpham-28743\/Thiet-bi-khi-nen\/SMC\/Xi%20lanh%20kh%C3%B4ng%20tr%E1%BB%A5c%20nam%20ch%C3%A2m%20SMC%20CY3R%20Series\" target=\"_blank\" rel=\"noopener\">Xi lanh hai tr\u1ee5c SMC d\u00f2ng CXS<\/a>\u00a0c\u00f3 ph\u1ea1m vi h\u00e0nh tr\u00ecnh c\u00f3 th\u1ec3 \u0111i\u1ec1u ch\u1ec9nh: 0 \u0111\u1ebfn 5<\/div>\n<div>&#8211;\u00a0<a href=\"https:\/\/baoanjsc.com.vn\/vn\/sanpham-28743\/Thiet-bi-khi-nen\/SMC\/Xi%20lanh%20hai%20tr%E1%BB%A5c%20SMC%20CXS%20series\" target=\"_blank\" rel=\"noopener\">Xi lanh hai tr\u1ee5c SMC d\u00f2ng CXS<\/a>\u00a0c\u00f3 th\u1ec3 \u0111\u01b0\u1ee3c g\u1eafn tr\u00ean ba m\u1eb7t.<\/div>\n<div>&#8211;\u00a0<a href=\"https:\/\/baoanjsc.com.vn\/vn\/sanpham-28743\/Thiet-bi-khi-nen\/SMC\/Xi%20lanh%20kh%C3%B4ng%20tr%E1%BB%A5c%20nam%20ch%C3%A2m%20SMC%20CY3R%20Series\" target=\"_blank\" rel=\"noopener\">Xi lanh hai tr\u1ee5c SMC d\u00f2ng CXS<\/a>\u00a0v\u1edbi ch\u1ee9c n\u0103ng h\u01b0\u1edbng d\u1eabn ph\u00f9 h\u1ee3p cho c\u00e1c \u1ee9ng d\u1ee5ng ch\u1ecdn v\u00e0 \u0111\u1eb7t.<\/div>\n<\/div>\n<h3><span class=\"TieuDeSanPhamEditor\">T<\/span><span class=\"TieuDeSanPhamEditor\">h\u00f4ng s\u00f4\u0301 k\u1ef9 thu\u00e2\u0323t :<\/span><\/h3>\n<div>\n<table style=\"height: 494px\" border=\"1\" width=\"630\" cellspacing=\"0\" cellpadding=\"0\">\n<tbody>\n<tr>\n<td>K\u00edch th\u01b0\u1edbc n\u00f2ng (mm)<\/td>\n<td colspan=\"6\">6, 10, 15, 20, 25, 32 mm<\/td>\n<\/tr>\n<tr>\n<td>K\u00edch th\u01b0\u1edbc c\u1ed5ng<\/td>\n<td colspan=\"6\">M5 x 0.8,\u00a0Rc 1\/8<\/td>\n<\/tr>\n<tr>\n<td>H\u00e0nh tr\u00ecnh ti\u00eau chu\u1ea9n<\/td>\n<td colspan=\"6\">10, 15, 20, 25, 30, 35, 40, 45, 50, 60, 70, 75, 80, 90, 100 mm<\/td>\n<\/tr>\n<tr>\n<td>L\u01b0u ch\u1ea5t<\/td>\n<td colspan=\"6\">Kh\u00f4ng kh\u00ed (kh\u00f4ng c\u00f3 d\u1ea7u)<\/td>\n<\/tr>\n<tr>\n<td>T\u00e1c \u0111\u1ed9ng<\/td>\n<td colspan=\"6\">Hai t\u00e1c \u0111\u1ed9ng<\/td>\n<\/tr>\n<tr>\n<td>\u00c1p su\u1ea5t ho\u1ea1t \u0111\u1ed9ng<\/td>\n<td colspan=\"6\">0.15 \u0111\u1ebfn 0.7 MPa<\/td>\n<\/tr>\n<tr>\n<td>\u00c1p su\u1ea5t ph\u00e1 h\u1ee7y<\/td>\n<td colspan=\"6\">1.05 MPa<\/td>\n<\/tr>\n<tr>\n<td>Nhi\u1ec7t \u0111\u1ed9 m\u00f4i tr\u01b0\u1eddng xung quanh<\/td>\n<td colspan=\"6\">-10 \u0111\u1ebfn 60\u00b0C<\/td>\n<\/tr>\n<tr>\n<td>\n<div>C\u1ea3m bi\u1ebfn<\/div>\n<div><\/div>\n<\/td>\n<td colspan=\"6\">C\u00f3, kh\u00f4ng<\/td>\n<\/tr>\n<tr>\n<td>T\u1ed1c \u0111\u1ed9 piston<\/td>\n<td colspan=\"6\">30 to 800 mm\/s<\/td>\n<\/tr>\n<tr>\n<td>Gi\u1ea3m ch\u1ea5n<\/td>\n<td colspan=\"6\">Cao su<\/td>\n<\/tr>\n<tr>\n<td>D\u1ea1ng \u1ed5 tr\u1ee5c<\/td>\n<td colspan=\"6\">D\u1ea1ng tr\u01b0\u1ee3t, d\u1ea1ng \u1ed5 bi (C\u00f9ng k\u00edch th\u01b0\u1edbc)<\/td>\n<\/tr>\n<\/tbody>\n<\/table>\n<\/div>\n<h3>Danh m\u1ee5c ch\u1ee7ng lo\u1ea1i xy lanh CXS<\/h3>\n<p>CXSM15-10\u00a0 \/ CXSM15-15\u00a0 \/\u00a0 CXSM15-20\u00a0 \/ CXSM15-25 \u00a0\/ \u00a0CXSM15-30\u00a0 \/ CXSM15-35\u00a0 \/\u00a0 CXSM15-40\u00a0 \/\u00a0 CXSM15-45\u00a0 \/\u00a0 CXSM15-50\u00a0 \/\u00a0 CXSM15-60\u00a0 \/\u00a0 CXSM15-70\u00a0 \/ CXSM15-75 \/\u00a0 CXSM15-80\u00a0 \/\u00a0 CXSM15-90 \u00a0\u00a0CXSM15-100\u00a0 \/\u00a0 CXSM6-10\u00a0 \/ CXSM6-15-XC19\u00a0 \/\u00a0 CXSM6-20\u00a0 \/\u00a0 \u00a0CXSM6-20R\u00a0 \u00a0\/\u00a0 CXSM6-50\u00a0 \u00a0\/ \u00a0CXSM10-10\u00a0 \/\u00a0 CXSM10-100-XB11\u00a0 \/\u00a0 CXSM10-10R\u00a0 \/\u00a0 CXSM10-10-X742\u00a0 \/\u00a0 CXSM10-10-XB6\u00a0 \/ CXSM10-10-Z73L CXSM10-110-XB11<\/p>\n<h3>S\u01a1 \u0111\u1ed3 ch\u1ecdn m\u00e3 :<\/h3>\n<p><a href=\"https:\/\/restekequipment.com\/wp-content\/uploads\/2021\/08\/cxsm1-1024x939-1.jpg\"><img loading=\"lazy\" decoding=\"async\" class=\"alignleft wp-image-2587\" src=\"https:\/\/restekequipment.com\/wp-content\/uploads\/2021\/08\/cxsm1-1024x939-1-300x275.jpg\" alt=\"\" width=\"636\" height=\"583\" srcset=\"https:\/\/restekequipment.com\/wp-content\/uploads\/2021\/08\/cxsm1-1024x939-1-300x275.jpg 300w, https:\/\/restekequipment.com\/wp-content\/uploads\/2021\/08\/cxsm1-1024x939-1-768x704.jpg 768w, https:\/\/restekequipment.com\/wp-content\/uploads\/2021\/08\/cxsm1-1024x939-1-510x468.jpg 510w, https:\/\/restekequipment.com\/wp-content\/uploads\/2021\/08\/cxsm1-1024x939-1.jpg 1024w\" sizes=\"auto, (max-width: 636px) 100vw, 636px\" \/><\/a> <a href=\"https:\/\/restekequipment.com\/wp-content\/uploads\/2021\/08\/cxsm2.jpg\"><img loading=\"lazy\" decoding=\"async\" class=\"alignleft wp-image-2588\" src=\"https:\/\/restekequipment.com\/wp-content\/uploads\/2021\/08\/cxsm2-199x300.jpg\" alt=\"\" width=\"599\" height=\"903\" srcset=\"https:\/\/restekequipment.com\/wp-content\/uploads\/2021\/08\/cxsm2-199x300.jpg 199w, https:\/\/restekequipment.com\/wp-content\/uploads\/2021\/08\/cxsm2-680x1024.jpg 680w, https:\/\/restekequipment.com\/wp-content\/uploads\/2021\/08\/cxsm2-768x1157.jpg 768w, https:\/\/restekequipment.com\/wp-content\/uploads\/2021\/08\/cxsm2-1019x1536.jpg 1019w, https:\/\/restekequipment.com\/wp-content\/uploads\/2021\/08\/cxsm2-510x768.jpg 510w, https:\/\/restekequipment.com\/wp-content\/uploads\/2021\/08\/cxsm2.jpg 1192w\" sizes=\"auto, (max-width: 599px) 100vw, 599px\" \/><\/a><\/p>\n","protected":false},"excerpt":{"rendered":"<p>Xy lanh hai tr\u1ee5c SMC CXS series<\/p>\n<p>H\u00e3ng s\u1ea3n xu\u1ea5t : SMC<\/p>\n","protected":false},"featured_media":2590,"comment_status":"open","ping_status":"closed","template":"","meta":[],"product_brand":[],"product_cat":[427,431],"product_tag":[1149],"class_list":{"0":"post-2586","1":"product","2":"type-product","3":"status-publish","4":"has-post-thumbnail","6":"product_cat-thiet-bi-khi-nen","7":"product_cat-xylanh-khi","8":"product_tag-xy-lanh-hai-truc-smc-cxs-series","9":"pa_nha-san-xuat-smc","11":"first","12":"instock","13":"shipping-taxable","14":"product-type-simple"},"_links":{"self":[{"href":"https:\/\/restekequipment.com\/index.php?rest_route=\/wp\/v2\/product\/2586","targetHints":{"allow":["GET"]}}],"collection":[{"href":"https:\/\/restekequipment.com\/index.php?rest_route=\/wp\/v2\/product"}],"about":[{"href":"https:\/\/restekequipment.com\/index.php?rest_route=\/wp\/v2\/types\/product"}],"replies":[{"embeddable":true,"href":"https:\/\/restekequipment.com\/index.php?rest_route=%2Fwp%2Fv2%2Fcomments&post=2586"}],"wp:featuredmedia":[{"embeddable":true,"href":"https:\/\/restekequipment.com\/index.php?rest_route=\/wp\/v2\/media\/2590"}],"wp:attachment":[{"href":"https:\/\/restekequipment.com\/index.php?rest_route=%2Fwp%2Fv2%2Fmedia&parent=2586"}],"wp:term":[{"taxonomy":"product_brand","embeddable":true,"href":"https:\/\/restekequipment.com\/index.php?rest_route=%2Fwp%2Fv2%2Fproduct_brand&post=2586"},{"taxonomy":"product_cat","embeddable":true,"href":"https:\/\/restekequipment.com\/index.php?rest_route=%2Fwp%2Fv2%2Fproduct_cat&post=2586"},{"taxonomy":"product_tag","embeddable":true,"href":"https:\/\/restekequipment.com\/index.php?rest_route=%2Fwp%2Fv2%2Fproduct_tag&post=2586"}],"curies":[{"name":"wp","href":"https:\/\/api.w.org\/{rel}","templated":true}]}}