{"id":2563,"date":"2021-07-31T16:14:19","date_gmt":"2021-07-31T09:14:19","guid":{"rendered":"https:\/\/restekequipment.com\/?post_type=product&#038;p=2563"},"modified":"2021-07-31T17:00:15","modified_gmt":"2021-07-31T10:00:15","slug":"air-cylinder-smc-cq2-series","status":"publish","type":"product","link":"https:\/\/restekequipment.com\/?product=air-cylinder-smc-cq2-series","title":{"rendered":"Air Cylinder SMC CQ2 series"},"content":{"rendered":"<h3>M\u00f4 ta\u0309 : Cylinder SMC CQ2 series<\/h3>\n<p>SMC has redesigned the CQ2 compact cylinder with a new body, making it possible to mount auto switches on any of the 4 surfaces, depending on the installation conditions. Auto switch mounting grooves have replaced the CQ2s mounting rails, preventing projection of auto switches and improving ease and safety of work.<\/p>\n<p>Double acting, single rod, compact cylinder<br \/>\nBore sizes *: 12, 16, 20, 25, 32, 40, 50, 63, 80, 100<br \/>\nStandard stroke range *: 5 to 100<br \/>\nPort threads: M *; Rc, NPT or G *<br \/>\nAuto switch capable<br \/>\npreventing projection of auto switches and improving ease and safety of work.<\/p>\n<h3><strong>H\u01b0\u1edbng d\u1eabn ch\u1ecdn model s\u1ea3n ph\u1ea9m <a href=\"http:\/\/thietbicongnghiepgiaphu.com\/xylan-khi-nen-cq2a-series\/\" target=\"_blank\" rel=\"noopener\">xylanh kh\u00ed n\u00e9n SMC<\/a> CQ2 Series:<\/strong><\/h3>\n<p><a href=\"https:\/\/restekequipment.com\/wp-content\/uploads\/2021\/07\/cq2b.jpg\"><img loading=\"lazy\" decoding=\"async\" class=\"alignleft wp-image-2567\" src=\"https:\/\/restekequipment.com\/wp-content\/uploads\/2021\/07\/cq2b-300x238.jpg\" alt=\"\" width=\"716\" height=\"568\" srcset=\"https:\/\/restekequipment.com\/wp-content\/uploads\/2021\/07\/cq2b-300x238.jpg 300w, https:\/\/restekequipment.com\/wp-content\/uploads\/2021\/07\/cq2b-510x405.jpg 510w, https:\/\/restekequipment.com\/wp-content\/uploads\/2021\/07\/cq2b.jpg 711w\" sizes=\"auto, (max-width: 716px) 100vw, 716px\" \/><\/a><\/p>\n<p>&nbsp;<\/p>\n<p>&nbsp;<\/p>\n<p>&nbsp;<\/p>\n<p>&nbsp;<\/p>\n<p>&nbsp;<\/p>\n<p>&nbsp;<\/p>\n<p>&nbsp;<\/p>\n<p>&nbsp;<\/p>\n<p>&nbsp;<\/p>\n<p>&nbsp;<\/p>\n<p>&nbsp;<\/p>\n<p>&nbsp;<\/p>\n<p>&nbsp;<\/p>\n<p>&nbsp;<\/p>\n<p>&nbsp;<\/p>\n<p>&nbsp;<\/p>\n<h2><strong>B\u1ea3n v\u1ebd k\u00edch th\u01b0\u1edbc<\/strong><\/h2>\n<h2><a href=\"https:\/\/restekequipment.com\/wp-content\/uploads\/2021\/07\/d7cef1d3a043d55ee18974a8768a4bec_1.jpg\"><img loading=\"lazy\" decoding=\"async\" class=\"wp-image-2572 aligncenter\" src=\"https:\/\/restekequipment.com\/wp-content\/uploads\/2021\/07\/d7cef1d3a043d55ee18974a8768a4bec_1-300x300.jpg\" alt=\"\" width=\"637\" height=\"637\" srcset=\"https:\/\/restekequipment.com\/wp-content\/uploads\/2021\/07\/d7cef1d3a043d55ee18974a8768a4bec_1-300x300.jpg 300w, https:\/\/restekequipment.com\/wp-content\/uploads\/2021\/07\/d7cef1d3a043d55ee18974a8768a4bec_1-1024x1024.jpg 1024w, https:\/\/restekequipment.com\/wp-content\/uploads\/2021\/07\/d7cef1d3a043d55ee18974a8768a4bec_1-150x150.jpg 150w, https:\/\/restekequipment.com\/wp-content\/uploads\/2021\/07\/d7cef1d3a043d55ee18974a8768a4bec_1-768x768.jpg 768w, https:\/\/restekequipment.com\/wp-content\/uploads\/2021\/07\/d7cef1d3a043d55ee18974a8768a4bec_1-510x510.jpg 510w, https:\/\/restekequipment.com\/wp-content\/uploads\/2021\/07\/d7cef1d3a043d55ee18974a8768a4bec_1-100x100.jpg 100w, https:\/\/restekequipment.com\/wp-content\/uploads\/2021\/07\/d7cef1d3a043d55ee18974a8768a4bec_1.jpg 1200w\" sizes=\"auto, (max-width: 637px) 100vw, 637px\" \/><strong>Ca\u0301c loa\u0323i model CQ2 series va\u0300 th\u00f4ng s\u00f4\u0301 ky\u0303 thu\u00e2\u0323t<\/strong><\/a><\/h2>\n<table width=\"856\">\n<tbody>\n<tr>\n<td style=\"text-align: center\" colspan=\"5\" width=\"415\">SMC AIR CYLINDER MODEL : CQ2 SERIES<\/td>\n<td style=\"text-align: center\" colspan=\"2\" width=\"441\">BA\u0309NG TH\u00d4NG S\u00d4\u0301 KY\u0303 THU\u00c2\u0323T<\/td>\n<\/tr>\n<tr>\n<td>CQ2BH12<\/td>\n<td>CDQ2BH12<\/td>\n<td>CQ2AH12<\/td>\n<td>CQ2LH12<\/td>\n<td>CQ2FH12<\/td>\n<td width=\"174\">Ki\u0301ch th\u01b0\u1edbc n\u00f2ng (mm)<\/td>\n<td width=\"267\">12\/16\/20\/25\/32\/40\/50\/63\/80\/100mm<\/td>\n<\/tr>\n<tr>\n<td>CQ2BH16<\/td>\n<td>CDQ2BH16<\/td>\n<td>CQ2AH16<\/td>\n<td>CQ2LH16<\/td>\n<td>CQ2FH16<\/td>\n<td width=\"174\">H\u00e0nh tr\u00ecnh ti\u00eau chu\u1ea9n<\/td>\n<td width=\"267\">5\/10\/15\/20\/25\/30\/35\/40\/45\/50\/75\/100mm<\/td>\n<\/tr>\n<tr>\n<td>CQ2BH20<\/td>\n<td>CDQ2BH20<\/td>\n<td>CQ2AH20<\/td>\n<td>CQ2LH20<\/td>\n<td>CQ2FH20<\/td>\n<td width=\"174\">Ki\u1ec3u t\u00e1c \u0111\u1ed9ng<\/td>\n<td width=\"267\">Hai ki\u1ec3u t\u00e1c \u0111\u1ed9ng, m\u1ed9t tr\u1ee5c<\/td>\n<\/tr>\n<tr>\n<td>CQ2BH25<\/td>\n<td>CDQ2BH25<\/td>\n<td>CQ2AH25<\/td>\n<td>CQ2LH25<\/td>\n<td>CQ2FH25<\/td>\n<td width=\"174\">L\u01b0u ch\u1ea5t<\/td>\n<td width=\"267\">Kh\u00ed n\u00e9n<\/td>\n<\/tr>\n<tr>\n<td>CQ2BH32<\/td>\n<td>CDQ2BH32<\/td>\n<td>CQ2AH32<\/td>\n<td>CQ2LH32<\/td>\n<td>CQ2FH32<\/td>\n<td width=\"174\">\u00c1p su\u1ea5t ph\u00e1 h\u1ee7y<\/td>\n<td width=\"267\">1.5 MPa<\/td>\n<\/tr>\n<tr>\n<td>CQ2BH40<\/td>\n<td>CDQ2BH40<\/td>\n<td>CQ2AH40<\/td>\n<td>CQ2LH40<\/td>\n<td>CQ2FH40<\/td>\n<td width=\"174\">\u00c1p su\u1ea5t ho\u1ea1t \u0111\u1ed9ng t\u1ed1i \u0111a<\/td>\n<td width=\"267\">1.0 MPa<\/td>\n<\/tr>\n<tr>\n<td>CQ2BH50<\/td>\n<td>CDQ2BH50<\/td>\n<td>CQ2AH50<\/td>\n<td>CQ2LH50<\/td>\n<td>CQ2FH50<\/td>\n<td width=\"174\">\u00c1p su\u1ea5t ho\u1ea1t \u0111\u1ed9ng t\u1ed1i thi\u1ec3u<\/td>\n<td width=\"267\">0.05 ~ 0.07 MPa<\/td>\n<\/tr>\n<tr>\n<td>CQ2BH63<\/td>\n<td>CDQ2BH63<\/td>\n<td>CQ2AH63<\/td>\n<td>CQ2LH63<\/td>\n<td>CQ2FH63<\/td>\n<td width=\"174\">Nhi\u1ec7t \u0111\u1ed9 m\u00f4i tr\u01b0\u1eddng<\/td>\n<td width=\"267\">\u00a0-10 ~ 70<sup>0<\/sup>C<\/td>\n<\/tr>\n<tr>\n<td>CQ2BH80<\/td>\n<td>CDQ2BH80<\/td>\n<td>CQ2AH80<\/td>\n<td>CQ2LH80<\/td>\n<td>CQ2FH80<\/td>\n<td width=\"174\">T\u1ed1c \u0111\u1ed9 piston<\/td>\n<td width=\"267\">50 \u0111\u1ebfn 500 mm\/s<\/td>\n<\/tr>\n<tr>\n<td>CQ2BH100<\/td>\n<td>CDQ2BH100<\/td>\n<td>CQ2AH100<\/td>\n<td>CQ2LH100<\/td>\n<td>CQ2FH100<\/td>\n<td width=\"174\">D\u1ea7u b\u00f4i tr\u01a1n<\/td>\n<td width=\"267\">Kh\u00f4ng c\u1ea7n thi\u1ebft<\/td>\n<\/tr>\n<\/tbody>\n<\/table>\n<p>&nbsp;<\/p>\n<p>&nbsp;<\/p>\n<p>&nbsp;<\/p>\n<p>&nbsp;<\/p>\n","protected":false},"excerpt":{"rendered":"<p class=\"product-name\"><strong><span style=\"font-size: 100%\"><a>xylanh kh\u00ed n\u00e9n SMC CQ2 Series<\/a><\/span><\/strong><\/p>\n<p><strong><span style=\"font-size: 100%\">H\u00e3ng s\u1ea3n xu\u1ea5t: SMC &#8211; Japan<br \/>\n<\/span><\/strong><\/p>\n<ul>\n<li>L\u00e0 lo\u1ea1i xi lanh vu\u00f4ng, nh\u1ecf g\u1ecdn<\/li>\n<li>L\u00e0 lo\u1ea1i xi lanh 2 t\u00e1c \u0111\u1ed9ng<\/li>\n<li>L\u00e0 lo\u1ea1i xi lanh m\u1ed9t tr\u1ee5c<\/li>\n<\/ul>\n","protected":false},"featured_media":2570,"comment_status":"open","ping_status":"closed","template":"","meta":[],"product_brand":[],"product_cat":[427,431],"product_tag":[1135],"class_list":{"0":"post-2563","1":"product","2":"type-product","3":"status-publish","4":"has-post-thumbnail","6":"product_cat-thiet-bi-khi-nen","7":"product_cat-xylanh-khi","8":"product_tag-xy-lanh-khi-nen-smc-cq2-series","9":"pa_nha-san-xuat-smc","11":"first","12":"instock","13":"shipping-taxable","14":"product-type-simple"},"_links":{"self":[{"href":"https:\/\/restekequipment.com\/index.php?rest_route=\/wp\/v2\/product\/2563","targetHints":{"allow":["GET"]}}],"collection":[{"href":"https:\/\/restekequipment.com\/index.php?rest_route=\/wp\/v2\/product"}],"about":[{"href":"https:\/\/restekequipment.com\/index.php?rest_route=\/wp\/v2\/types\/product"}],"replies":[{"embeddable":true,"href":"https:\/\/restekequipment.com\/index.php?rest_route=%2Fwp%2Fv2%2Fcomments&post=2563"}],"wp:featuredmedia":[{"embeddable":true,"href":"https:\/\/restekequipment.com\/index.php?rest_route=\/wp\/v2\/media\/2570"}],"wp:attachment":[{"href":"https:\/\/restekequipment.com\/index.php?rest_route=%2Fwp%2Fv2%2Fmedia&parent=2563"}],"wp:term":[{"taxonomy":"product_brand","embeddable":true,"href":"https:\/\/restekequipment.com\/index.php?rest_route=%2Fwp%2Fv2%2Fproduct_brand&post=2563"},{"taxonomy":"product_cat","embeddable":true,"href":"https:\/\/restekequipment.com\/index.php?rest_route=%2Fwp%2Fv2%2Fproduct_cat&post=2563"},{"taxonomy":"product_tag","embeddable":true,"href":"https:\/\/restekequipment.com\/index.php?rest_route=%2Fwp%2Fv2%2Fproduct_tag&post=2563"}],"curies":[{"name":"wp","href":"https:\/\/api.w.org\/{rel}","templated":true}]}}