{"id":2552,"date":"2021-07-25T15:03:51","date_gmt":"2021-07-25T08:03:51","guid":{"rendered":"https:\/\/restekequipment.com\/?post_type=product&#038;p=2552"},"modified":"2021-07-25T15:12:20","modified_gmt":"2021-07-25T08:12:20","slug":"ong-khi-nen-festo","status":"publish","type":"product","link":"https:\/\/restekequipment.com\/?product=ong-khi-nen-festo","title":{"rendered":"\u1ed0ng Kh\u00ed N\u00e9n Festo"},"content":{"rendered":"<h2><strong>\u0110\u1ecbnh ngh\u0129a \u1ed1ng kh\u00ed n\u00e9n Festo \u2013\u00a0 \u1ed0ng d\u1eabn kh\u00ed \u2013 \u1ed0ng h\u01a1i \u2013 d\u00e2y h\u01a1i<\/strong><\/h2>\n<p>L\u00e0 lo\u1ea1i \u1ed1ng d\u1eabn \u0111\u01b0\u1ee3c l\u00e0m b\u1eb1ng ch\u1ea5t li\u1ec7u nh\u1ef1a (plastic), PE (Polyethylene), PU (Polyurathane) \u0111\u01b0\u1ee3c ch\u1ebf t\u1ea1o v\u1edbi nhi\u1ec1u \u0111\u01b0\u1eddng k\u00ednh kh\u00e1c nhau ph\u1ee5c v\u1ee5 cho vi\u1ec7c truy\u1ec1n, d\u1eabn h\u01a1i kh\u00ed n\u00e9n (c\u00f3 \u00e1p) t\u1eeb v\u1ecb tr\u00ed n\u00e0y \u0111\u1ebfn v\u1ecb tr\u00ed kh\u00e1c.<\/p>\n<h2><span style=\"font-size: 80%\"><strong>M\u00f4 t\u1ea3<\/strong><\/span><\/h2>\n<ul>\n<li>L\u00e0 lo\u1ea1i \u1ed1ng \u0111\u1ea1t ti\u00eau chu\u1ea9n ch\u00e2u \u00e2u ch\u1ea5t l\u01b0\u1ee3ng h\u00e0ng \u0111\u1ea7u th\u1ebf gi\u1edbi.<\/li>\n<li>V\u1edbi nhi\u1ec1u ch\u1ee7ng lo\u1ea1i \u1ed1ng kh\u00e1c nhau \u0111\u00e1p \u1ee9ng \u0111\u1ee7 c\u00e1c nhu c\u1ea7u s\u1eed d\u1ee5ng cho t\u1eebng v\u1ecb tr\u00ed kh\u00e1c nhau trong nh\u00e0 m\u00e1y s\u1ea3n xu\u1ea5t c\u0169ng nh\u01b0 trong c\u00e1c ng\u00e0nh c\u00f4ng nghi\u1ec7p khac nhau.<\/li>\n<li>K\u00edch th\u01b0\u1edbc \u0111\u01b0\u1ee3c s\u1ea3n xu\u1ea5t theo ti\u00eau chu\u1ea9n chung c\u1ee7a to\u00e0n th\u1ebf gi\u1edbi.<\/li>\n<li>Ch\u1ea5t l\u01b0\u1ee3ng v\u01b0\u1ee3t tr\u1ed9i h\u01a1n so v\u1edbi c\u00e1c h\u00e0ng kh\u00e1c v\u00e0 \u0111\u01b0\u1ee3c s\u1eed d\u1ee5ng nhi\u1ec1u trong c\u00e1c m\u00f4i tr\u01b0\u1eddng kh\u1eafc nghi\u1ec7t v\u00e0 ho\u00e1 ch\u1ea5t.<\/li>\n<\/ul>\n<h2>Ph\u00e2n lo\u1ea1i<\/h2>\n<ol>\n<li>\n<h3>\u0110\u01b0\u1ee3c ph\u1ea7n ra theo 2 d\u00f2ng s\u1ea3n ph\u1ea9m theo ch\u1ea5t li\u1ec7u \u1ed1ng.<\/h3>\n<\/li>\n<\/ol>\n<ul>\n<li>\u1ed0ng kh\u00ed n\u00e9n Festo ch\u1ea5t li\u1ec7u b\u1eb1ng nh\u1ef1a PE<\/li>\n<li>\u1ed0ng kh\u00ed n\u00e9n Festo ch\u1ea5t li\u1ec7u b\u1eb1ng nh\u1ef1a PU<\/li>\n<\/ul>\n<ol start=\"2\">\n<li>\n<h3>\u0110\u01b0\u1ee3c ph\u00e2n lo\u1ea1i theo d\u00f2ng s\u1ea3n ph\u1ea9m \u0111\u01b0\u1eddng k\u00ednh (k\u00edch th\u01b0\u1edbc \u1ed1ng)<\/h3>\n<\/li>\n<\/ol>\n<ul>\n<li>Lo\u1ea1i \u1ed1ng theo ti\u00eau chu\u1ea9n \u0111\u01b0\u1eddng k\u00ednh trong.<\/li>\n<li>Lo\u1ea1i \u1ed1ng theo ti\u00eau chu\u1ea9n \u0111\u01b0\u1eddng k\u00ednh ngo\u00e0i.<\/li>\n<li>Lo\u1ea1i \u1ed1ng theo ti\u00eau chu\u1ea9n \u0111o h\u1ec7 m\u00e9t<\/li>\n<li>Lo\u1ea1i \u1ed1ng theo ti\u00eau chu\u1ea9n \u0111o h\u1ec7 inch<\/li>\n<\/ul>\n<ol start=\"3\">\n<li>\n<h3>\u0110\u01b0\u1ee3c ph\u00e2n lo\u1ea1i theo \u1ee9ng d\u1ee5ng c\u1ee7a t\u1eebng lo\u1ea1i \u1ed1ng.<\/h3>\n<\/li>\n<\/ol>\n<ul>\n<li>\u1ed0ng \u0111\u01b0\u1ee3c dung cho \u1ee9ng d\u1ee5ng th\u00f4ng th\u01b0\u1eddng: PUN-H; PAN; PEN<\/li>\n<li>\u1ed0ng \u0111\u01b0\u1ee3c dung v\u1edbi \u00e1p su\u1ea5t cao: PAN-MF; PAN-R<\/li>\n<li>\u1ed0ng \u0111\u01b0\u1ee3c dung trong m\u00f4i tr\u01b0\u1eddng ho\u00e1 ch\u1ea5t an to\u00e0n th\u1ef1c ph\u1ea9m v\u00e0 hydrolysis-resistant: PLN, PUN-H, PFAN\/PTFEN<\/li>\n<li>D\u00f9ng cho n\u01a1i ch\u1ed1ng t\u0129nh \u0111i\u1ec7n: PUN-CM<\/li>\n<li>D\u00f9ng n\u01a1i v\u1ecb tr\u00ed ch\u1ed1ng ch\u00e1y: PUN-V0<\/li>\n<li style=\"text-align: left\">D\u00f9ng trong m\u00f4i tr\u01b0\u1eddng ch\u1ed1ng tia l\u1eeda h\u00e0n: PUN-V0-C<\/li>\n<\/ul>\n<p><strong>C\u00e1c lo\u1ea1i \u1ed1ng Festo th\u00f4ng d\u1ee5ng, kinh t\u1ebf, hi\u1ec7u qu\u1ea3 s\u1eed d\u1ee5ng cao: PEN, PUN, PAN, PLN, PFAN<\/strong><\/p>\n<table border=\"1\">\n<tbody>\n<tr>\n<td>C\u00e1c \u1ee9ng d\u1ee5ng<\/td>\n<td>Lo\u1ea1i \u1ed1ng Festo<\/td>\n<td>K\u1ebft n\u1ed1i<\/td>\n<\/tr>\n<tr>\n<td rowspan=\"3\">Ti\u00eau chu\u1ea9n<\/td>\n<td>PEN<\/td>\n<td>QS<\/td>\n<\/tr>\n<tr>\n<td>PUN<\/td>\n<td>QS<\/td>\n<\/tr>\n<tr>\n<td>PAN<\/td>\n<td>QS<\/td>\n<\/tr>\n<tr>\n<td rowspan=\"2\">\u00c1p l\u1ef1c cao<\/td>\n<td>PAN-MF<\/td>\n<td>NPQM<\/td>\n<\/tr>\n<tr>\n<td>PAN-R<\/td>\n<td>NPQH<\/td>\n<\/tr>\n<tr>\n<td rowspan=\"3\">Kh\u00e1ng h\u00f3a ch\u1ea5t,th\u1ef1c ph\u1ea9m an to\u00e0n v\u00e0 th\u1ee7y ph\u00e2n kh\u00e1ng.<\/td>\n<td>PLN<\/td>\n<td>NPQP<\/td>\n<\/tr>\n<tr>\n<td>PFAN\/PTFEN<\/td>\n<td>NPQH<\/td>\n<\/tr>\n<tr>\n<td>PFAN\/PTFEN<\/td>\n<td>NPCK\/CRQS<\/td>\n<\/tr>\n<\/tbody>\n<\/table>\n<h2><span style=\"font-size: 85%\"><strong>\u00a0B\u1ea3ng h\u01b0\u1edbng d\u1eabn ch\u1ecdn m\u00e3 \u1ed1ng kh\u00ed n\u00e9n Festo<\/strong><\/span><\/h2>\n<p>&#8211; Th\u00f4ng tin th\u00eam v\u1ec1 \u00f4ng kh\u00ed n\u00e9n Festo<\/p>\n<ul>\n<li>\u00a0\u0110\u01b0\u1eddng k\u00ednh ngo\u00e0i 2, 3, 4, 6, 8, 10, 12, 14, 16, 22, 28 mm<\/li>\n<li>\u00a0Nguy\u00ean v\u1eadt li\u1ec7u Polyamide, Polyvinyl clorua, Perfluoroalkoxy ankan, Polyetylen, Polyurethane<\/li>\n<li>\u00a0Nhi\u1ec7t \u0111\u1ed9 m\u00f4i tr\u01b0\u1eddng: -60 &#8230; 150 \u00b0 C<\/li>\n<li>\u00a0Ph\u01b0\u01a1ng ti\u1ec7n ho\u1ea1t \u0111\u1ed9ng: Kh\u00ed n\u00e9n, Kho\u1ea3ng ch\u00e2n kh\u00f4ng, D\u1ea7u kho\u00e1ng<\/li>\n<li>\u00a0\u00c1p su\u1ea5t ho\u1ea1t \u0111\u1ed9ng ph\u1ee5 thu\u1ed9c v\u00e0o nhi\u1ec7t \u0111\u1ed9: -0,95 &#8230; 16 bar<\/li>\n<li>\u00a0\u0110\u1ed9 d\u00e0i ri\u00eang: \u0110\u01b0\u1ee3c ph\u00e2n ph\u1ed1i theo \u0111\u01a1n v\u1ecb 25, 50, 100, 200 &#8230; 500 m<\/li>\n<li>Ch\u1ecdn t\u1eeb 9 m\u00e0u c\u01a1 b\u1ea3n: \u0111\u1ecf, xanh n\u01b0\u1edbc bi\u1ec3n, v\u00e0ng, b\u1ea1c, \u0111en&#8230;<\/li>\n<\/ul>\n<p><a href=\"https:\/\/restekequipment.com\/wp-content\/uploads\/2021\/07\/images.png\"><img loading=\"lazy\" decoding=\"async\" class=\"alignleft  wp-image-2556\" src=\"https:\/\/restekequipment.com\/wp-content\/uploads\/2021\/07\/images.png\" alt=\"\" width=\"671\" height=\"633\" \/><\/a><\/p>\n<p>&nbsp;<\/p>\n<p>&nbsp;<\/p>\n<p>&nbsp;<\/p>\n<p>&nbsp;<\/p>\n<p>&nbsp;<\/p>\n<p>&nbsp;<\/p>\n<p>&nbsp;<\/p>\n<p>&nbsp;<\/p>\n<p>&nbsp;<\/p>\n<p>&nbsp;<\/p>\n<p>&nbsp;<\/p>\n<p>&nbsp;<\/p>\n<p>&nbsp;<\/p>\n<p>&nbsp;<\/p>\n<p>&nbsp;<\/p>\n<p>&nbsp;<\/p>\n<p><a href=\"https:\/\/restekequipment.com\/wp-content\/uploads\/2021\/07\/ong-khi-norgren.jpg\"><img loading=\"lazy\" decoding=\"async\" class=\"alignleft size-full wp-image-2560\" src=\"https:\/\/restekequipment.com\/wp-content\/uploads\/2021\/07\/ong-khi-norgren.jpg\" alt=\"\" width=\"220\" height=\"220\" srcset=\"https:\/\/restekequipment.com\/wp-content\/uploads\/2021\/07\/ong-khi-norgren.jpg 220w, https:\/\/restekequipment.com\/wp-content\/uploads\/2021\/07\/ong-khi-norgren-150x150.jpg 150w, https:\/\/restekequipment.com\/wp-content\/uploads\/2021\/07\/ong-khi-norgren-100x100.jpg 100w\" sizes=\"auto, (max-width: 220px) 100vw, 220px\" \/><\/a> <a href=\"https:\/\/restekequipment.com\/wp-content\/uploads\/2021\/07\/festo-pu-tube-pipe-coil-500x500-1.png\"><img loading=\"lazy\" decoding=\"async\" class=\"alignleft size-medium wp-image-2555\" src=\"https:\/\/restekequipment.com\/wp-content\/uploads\/2021\/07\/festo-pu-tube-pipe-coil-500x500-1-300x300.png\" alt=\"\" width=\"300\" height=\"300\" srcset=\"https:\/\/restekequipment.com\/wp-content\/uploads\/2021\/07\/festo-pu-tube-pipe-coil-500x500-1-300x300.png 300w, https:\/\/restekequipment.com\/wp-content\/uploads\/2021\/07\/festo-pu-tube-pipe-coil-500x500-1-150x150.png 150w, https:\/\/restekequipment.com\/wp-content\/uploads\/2021\/07\/festo-pu-tube-pipe-coil-500x500-1-100x100.png 100w, https:\/\/restekequipment.com\/wp-content\/uploads\/2021\/07\/festo-pu-tube-pipe-coil-500x500-1.png 500w\" sizes=\"auto, (max-width: 300px) 100vw, 300px\" \/><\/a><\/p>\n<p>&nbsp;<\/p>\n<p>&nbsp;<\/p>\n<p>&nbsp;<\/p>\n<p>&nbsp;<\/p>\n<p>&nbsp;<\/p>\n<p>&nbsp;<\/p>\n<p>&nbsp;<\/p>\n<p>&nbsp;<\/p>\n<p>&nbsp;<\/p>\n","protected":false},"excerpt":{"rendered":"<table border=\"0\" cellspacing=\"0\" cellpadding=\"0\">\n<tbody>\n<tr>\n<td><strong>T\u00ean s\u1ea3n ph\u1ea9m<\/strong>:<\/td>\n<td>\u00d4\u0301ng khi\u0301 ne\u0301n FESTO<\/td>\n<\/tr>\n<tr>\n<td><strong>Model:<\/strong><\/td>\n<td><strong>PEN, PUN, PAN, PLN, PFAN<\/strong><\/td>\n<\/tr>\n<tr>\n<td>Th\u01b0\u01a1ng hi\u1ec7u:<\/td>\n<td>FESTO &#8211; GERMANY<\/td>\n<\/tr>\n<tr>\n<td>\u0110\u01a1n v\u1ecb t\u00ednh:<\/td>\n<td>Cu\u1ed9n<\/td>\n<\/tr>\n<tr>\n<td>K\u00edch th\u01b0\u1edbc :<\/td>\n<td>\u0110\u01b0\u1eddng k\u00ednh ngo\u00e0i 2, 3, 4, 6, 8, 10, 12, 14, 16, 22, 28 mm<\/td>\n<\/tr>\n<tr>\n<td>Quy c\u00e1ch:<\/td>\n<td>\u0110\u1ed9 d\u00e0i ri\u00eang: \u0110\u01b0\u1ee3c ph\u00e2n ph\u1ed1i theo \u0111\u01a1n v\u1ecb 25, 50, 100, 200 &#8230; 500 m<\/td>\n<\/tr>\n<tr>\n<td>M\u00e0u s\u1eafc:<\/td>\n<td>Ch\u1ecdn t\u1eeb 9 m\u00e0u c\u01a1 b\u1ea3n: \u0111\u1ecf, xanh n\u01b0\u1edbc bi\u1ec3n, v\u00e0ng, b\u1ea1c, \u0111en&#8230;<\/td>\n<\/tr>\n<\/tbody>\n<\/table>\n","protected":false},"featured_media":2559,"comment_status":"open","ping_status":"closed","template":"","meta":[],"product_brand":[],"product_cat":[433,427],"product_tag":[1128],"class_list":{"0":"post-2552","1":"product","2":"type-product","3":"status-publish","4":"has-post-thumbnail","6":"product_cat-ong-hoi","7":"product_cat-thiet-bi-khi-nen","8":"product_tag-ong-khi-nen-festo","10":"first","11":"instock","12":"shipping-taxable","13":"product-type-simple"},"_links":{"self":[{"href":"https:\/\/restekequipment.com\/index.php?rest_route=\/wp\/v2\/product\/2552","targetHints":{"allow":["GET"]}}],"collection":[{"href":"https:\/\/restekequipment.com\/index.php?rest_route=\/wp\/v2\/product"}],"about":[{"href":"https:\/\/restekequipment.com\/index.php?rest_route=\/wp\/v2\/types\/product"}],"replies":[{"embeddable":true,"href":"https:\/\/restekequipment.com\/index.php?rest_route=%2Fwp%2Fv2%2Fcomments&post=2552"}],"wp:featuredmedia":[{"embeddable":true,"href":"https:\/\/restekequipment.com\/index.php?rest_route=\/wp\/v2\/media\/2559"}],"wp:attachment":[{"href":"https:\/\/restekequipment.com\/index.php?rest_route=%2Fwp%2Fv2%2Fmedia&parent=2552"}],"wp:term":[{"taxonomy":"product_brand","embeddable":true,"href":"https:\/\/restekequipment.com\/index.php?rest_route=%2Fwp%2Fv2%2Fproduct_brand&post=2552"},{"taxonomy":"product_cat","embeddable":true,"href":"https:\/\/restekequipment.com\/index.php?rest_route=%2Fwp%2Fv2%2Fproduct_cat&post=2552"},{"taxonomy":"product_tag","embeddable":true,"href":"https:\/\/restekequipment.com\/index.php?rest_route=%2Fwp%2Fv2%2Fproduct_tag&post=2552"}],"curies":[{"name":"wp","href":"https:\/\/api.w.org\/{rel}","templated":true}]}}