{"id":2336,"date":"2021-06-02T17:11:22","date_gmt":"2021-06-02T10:11:22","guid":{"rendered":"https:\/\/restekequipment.com\/?post_type=product&#038;p=2336"},"modified":"2021-06-02T17:12:13","modified_gmt":"2021-06-02T10:12:13","slug":"xich-nhua-ruiao-chinh-hang-gia-re","status":"publish","type":"product","link":"https:\/\/restekequipment.com\/?product=xich-nhua-ruiao-chinh-hang-gia-re","title":{"rendered":"X\u00cdCH NH\u1ef0A RUIAO CH\u00cdNH H\u00c3NG GI\u00c1 R\u1eba"},"content":{"rendered":"<p>X\u00cdCH NH\u1ef0A RUIAO CH\u00cdNH H\u00c3NG GI\u00c1 R\u1eba<\/p>\n<p><a href=\"https:\/\/restekequipment.com\/wp-content\/uploads\/2021\/06\/XICH-NHUA-RUIAO-1.jpg\"><img loading=\"lazy\" decoding=\"async\" class=\"alignnone size-full wp-image-2337\" src=\"https:\/\/restekequipment.com\/wp-content\/uploads\/2021\/06\/XICH-NHUA-RUIAO-1.jpg\" alt=\"\" width=\"373\" height=\"284\" srcset=\"https:\/\/restekequipment.com\/wp-content\/uploads\/2021\/06\/XICH-NHUA-RUIAO-1.jpg 373w, https:\/\/restekequipment.com\/wp-content\/uploads\/2021\/06\/XICH-NHUA-RUIAO-1-300x228.jpg 300w\" sizes=\"auto, (max-width: 373px) 100vw, 373px\" \/><\/a> <a href=\"https:\/\/restekequipment.com\/wp-content\/uploads\/2021\/06\/XICH-NHUA-RUIAO.jpg\"><img loading=\"lazy\" decoding=\"async\" class=\"alignnone size-full wp-image-2338\" src=\"https:\/\/restekequipment.com\/wp-content\/uploads\/2021\/06\/XICH-NHUA-RUIAO.jpg\" alt=\"\" width=\"477\" height=\"389\" srcset=\"https:\/\/restekequipment.com\/wp-content\/uploads\/2021\/06\/XICH-NHUA-RUIAO.jpg 477w, https:\/\/restekequipment.com\/wp-content\/uploads\/2021\/06\/XICH-NHUA-RUIAO-300x245.jpg 300w\" sizes=\"auto, (max-width: 477px) 100vw, 477px\" \/><\/a><\/p>\n","protected":false},"excerpt":{"rendered":"<p>X\u00cdCH NH\u1ef0A RUIAO CH\u00cdNH H\u00c3NG GI\u00c1 R\u1eba<\/p>\n","protected":false},"featured_media":2338,"comment_status":"open","ping_status":"closed","template":"","meta":[],"product_brand":[],"product_cat":[413],"product_tag":[],"class_list":{"0":"post-2336","1":"product","2":"type-product","3":"status-publish","4":"has-post-thumbnail","6":"product_cat-mang-cap-dien","7":"pa_nha-san-xuat-ruiao","9":"first","10":"instock","11":"shipping-taxable","12":"product-type-simple"},"_links":{"self":[{"href":"https:\/\/restekequipment.com\/index.php?rest_route=\/wp\/v2\/product\/2336","targetHints":{"allow":["GET"]}}],"collection":[{"href":"https:\/\/restekequipment.com\/index.php?rest_route=\/wp\/v2\/product"}],"about":[{"href":"https:\/\/restekequipment.com\/index.php?rest_route=\/wp\/v2\/types\/product"}],"replies":[{"embeddable":true,"href":"https:\/\/restekequipment.com\/index.php?rest_route=%2Fwp%2Fv2%2Fcomments&post=2336"}],"wp:featuredmedia":[{"embeddable":true,"href":"https:\/\/restekequipment.com\/index.php?rest_route=\/wp\/v2\/media\/2338"}],"wp:attachment":[{"href":"https:\/\/restekequipment.com\/index.php?rest_route=%2Fwp%2Fv2%2Fmedia&parent=2336"}],"wp:term":[{"taxonomy":"product_brand","embeddable":true,"href":"https:\/\/restekequipment.com\/index.php?rest_route=%2Fwp%2Fv2%2Fproduct_brand&post=2336"},{"taxonomy":"product_cat","embeddable":true,"href":"https:\/\/restekequipment.com\/index.php?rest_route=%2Fwp%2Fv2%2Fproduct_cat&post=2336"},{"taxonomy":"product_tag","embeddable":true,"href":"https:\/\/restekequipment.com\/index.php?rest_route=%2Fwp%2Fv2%2Fproduct_tag&post=2336"}],"curies":[{"name":"wp","href":"https:\/\/api.w.org\/{rel}","templated":true}]}}