{"id":2329,"date":"2021-06-02T16:42:36","date_gmt":"2021-06-02T09:42:36","guid":{"rendered":"https:\/\/restekequipment.com\/?post_type=product&#038;p=2329"},"modified":"2021-06-02T16:43:44","modified_gmt":"2021-06-02T09:43:44","slug":"xich-nhua-cuon-day-dien-chinh-hang","status":"publish","type":"product","link":"https:\/\/restekequipment.com\/?product=xich-nhua-cuon-day-dien-chinh-hang","title":{"rendered":"X\u00cdCH NH\u1ef0A CU\u1ed0N D\u00c2Y \u0110I\u1ec6N CH\u00cdNH H\u00c3NG"},"content":{"rendered":"<p>X\u00cdCH NH\u1ef0A CU\u1ed0N D\u00c2Y \u0110I\u1ec6N<br \/>\nX\u00cdCH NH\u1ef0A CU\u1ed0N D\u00c2Y C\u00c1P \u0110I\u1ec6N, \u1ed0NG TH\u1ee6Y L\u1ef0C, KH\u00cd N\u00c9N, H\u00c0NG CH\u1ea4T L\u01af\u1ee2NG<br \/>\nGi\u00fap h\u1ea1n ch\u1ebf r\u1ed1i, \u0111\u1ee9t.<\/p>\n<table border=\"0\" width=\"425\" cellspacing=\"0\" cellpadding=\"0\">\n<tbody>\n<tr>\n<td height=\"63\">\n<h1>STT<\/h1>\n<\/td>\n<td>T\u00ean h\u00e0ng h\u00f3a<br \/>\nK\u00edch th\u01b0\u1edbc b\u00ean trong<br \/>\nCao x R\u1ed9ng<\/td>\n<td>K\u00edch th\u01b0\u1edbc<br \/>\nB\u00ean ngo\u00e0i<br \/>\nCao x r\u1ed9ng<\/td>\n<\/tr>\n<tr>\n<td height=\"21\">1<\/td>\n<td>\u00a0X\u00edch Nh\u1ef1a 10x10R28<\/td>\n<td>14&#215;17<\/td>\n<\/tr>\n<tr>\n<td height=\"21\">2<\/td>\n<td>\u00a0X\u00edch Nh\u1ef1a 10x15R28<\/td>\n<td>14&#215;22<\/td>\n<\/tr>\n<tr>\n<td height=\"21\">3<\/td>\n<td>\u00a0X\u00edch Nh\u1ef1a 10x20R28<\/td>\n<td>14&#215;27<\/td>\n<\/tr>\n<tr>\n<td height=\"21\">4<\/td>\n<td>\u00a0X\u00edch Nh\u1ef1a 15x20R38<\/td>\n<td>23&#215;31<\/td>\n<\/tr>\n<tr>\n<td height=\"21\">5<\/td>\n<td>\u00a0X\u00edch Nh\u1ef1a 15x30R38<\/td>\n<td>23&#215;43<\/td>\n<\/tr>\n<tr>\n<td height=\"21\">6<\/td>\n<td>\u00a0X\u00edch Nh\u1ef1a 18x18R38<\/td>\n<td>23&#215;31<\/td>\n<\/tr>\n<tr>\n<td height=\"21\">7<\/td>\n<td>\u00a0X\u00edch Nh\u1ef1a 18x25R48<\/td>\n<td>23&#215;38<\/td>\n<\/tr>\n<tr>\n<td height=\"21\">8<\/td>\n<td>\u00a0X\u00edch Nh\u1ef1a 18x35R55<\/td>\n<td>23&#215;47<\/td>\n<\/tr>\n<tr>\n<td height=\"21\">9<\/td>\n<td>\u00a0X\u00edch Nh\u1ef1a 25x25R55<\/td>\n<td>35&#215;42<\/td>\n<\/tr>\n<tr>\n<td height=\"21\">10<\/td>\n<td>\u00a0X\u00edch Nh\u1ef1a 25x38R55<\/td>\n<td>35&#215;55<\/td>\n<\/tr>\n<tr>\n<td height=\"21\">11<\/td>\n<td>\u00a0X\u00edch Nh\u1ef1a 25x57R75<\/td>\n<td>35&#215;74<\/td>\n<\/tr>\n<tr>\n<td height=\"21\">12<\/td>\n<td>\u00a0X\u00edch Nh\u1ef1a 25x75R75<\/td>\n<td>35&#215;92<\/td>\n<\/tr>\n<tr>\n<td height=\"21\">13<\/td>\n<td>\u00a0X\u00edch Nh\u1ef1a 35x50R75<\/td>\n<td>58&#215;77<\/td>\n<\/tr>\n<tr>\n<td height=\"21\">14<\/td>\n<td>\u00a0X\u00edch Nh\u1ef1a 35x75R75<\/td>\n<td>58&#215;108<\/td>\n<\/tr>\n<tr>\n<td height=\"21\">15<\/td>\n<td>\u00a0X\u00edch Nh\u1ef1a 35x100R100<\/td>\n<td>58&#215;127<\/td>\n<\/tr>\n<tr>\n<td height=\"21\">16<\/td>\n<td>\u00a0X\u00edch Nh\u1ef1a 45x75R75<\/td>\n<td>68&#215;104<\/td>\n<\/tr>\n<tr>\n<td height=\"21\">17<\/td>\n<td>\u00a0X\u00edch Nh\u1ef1a 45x100R100<\/td>\n<td>68&#215;129<\/td>\n<\/tr>\n<tr>\n<td height=\"21\">18<\/td>\n<td>\u00a0X\u00edch Nh\u1ef1a 45x125R100<\/td>\n<td>68&#215;154<\/td>\n<\/tr>\n<tr>\n<td height=\"21\">19<\/td>\n<td>\u00a0X\u00edch Nh\u1ef1a 45x150R100<\/td>\n<td>68&#215;179<\/td>\n<\/tr>\n<tr>\n<td height=\"21\">20<\/td>\n<td>\u00a0X\u00edch Nh\u1ef1a 45x200R100<\/td>\n<td>68&#215;229<\/td>\n<\/tr>\n<tr>\n<td height=\"21\">21<\/td>\n<td>\u00a0X\u00edch Nh\u1ef1a 56x150R250<\/td>\n<td>83&#215;189<\/td>\n<\/tr>\n<tr>\n<td height=\"21\">22<\/td>\n<td>\u00a0X\u00edch Nh\u1ef1a 56x250R250<\/td>\n<td>83&#215;239<\/td>\n<\/tr>\n<tr>\n<td height=\"21\">23<\/td>\n<td>\u00a0X\u00edch Nh\u1ef1a 80x250R250<\/td>\n<td>111&#215;301<\/td>\n<\/tr>\n<tr>\n<td height=\"21\">24<\/td>\n<td>\u00a0X\u00edch Th\u00e9p TL65xBi200R115-III<\/td>\n<td>44 x Bi+16<\/td>\n<\/tr>\n<tr>\n<td height=\"21\">25<\/td>\n<td>\u00a0X\u00edch Th\u00e9p TL80xBi200R200-III<\/td>\n<td>56 x Bi+16<\/td>\n<\/tr>\n<tr>\n<td height=\"20\">26<\/td>\n<td>\u00a0X\u00edch Th\u00e9p TL95xBi400R200-III<\/td>\n<td>70 x Bi+20<\/td>\n<\/tr>\n<tr>\n<td height=\"21\">27<\/td>\n<td>\u00a0X\u00edch Th\u00e9p TL115xBi200R200-III<\/td>\n<td>86 x Bi+22<\/td>\n<\/tr>\n<tr>\n<td height=\"21\">27<\/td>\n<td>\u00a0X\u00edch Th\u00e9p TL115xBi400R200-III<\/td>\n<td>86 x Bi+22<\/td>\n<\/tr>\n<tr>\n<td height=\"21\">28<\/td>\n<td>\u00a0X\u00edch Th\u00e9p TL125xBi600R300-III<\/td>\n<td>100 x Bi+24<\/td>\n<\/tr>\n<tr>\n<td height=\"21\">29<\/td>\n<td>\u00a0X\u00edch Th\u00e9p TL95xBi400R200-II<\/td>\n<td>70 x Bi+20<\/td>\n<\/tr>\n<tr>\n<td height=\"21\">30<\/td>\n<td>\u00a0X\u00edch Th\u00e9p TL125xBi600R300-II<\/td>\n<td>100 x Bi+2<\/td>\n<\/tr>\n<\/tbody>\n<\/table>\n<p><a href=\"https:\/\/restekequipment.com\/wp-content\/uploads\/2021\/06\/xich-nhua-cuon-day-dien.jpg\"><img loading=\"lazy\" decoding=\"async\" class=\"alignnone size-full wp-image-2331\" src=\"https:\/\/restekequipment.com\/wp-content\/uploads\/2021\/06\/xich-nhua-cuon-day-dien.jpg\" alt=\"\" width=\"403\" height=\"316\" srcset=\"https:\/\/restekequipment.com\/wp-content\/uploads\/2021\/06\/xich-nhua-cuon-day-dien.jpg 403w, https:\/\/restekequipment.com\/wp-content\/uploads\/2021\/06\/xich-nhua-cuon-day-dien-300x235.jpg 300w\" sizes=\"auto, (max-width: 403px) 100vw, 403px\" \/><\/a><\/p>\n","protected":false},"excerpt":{"rendered":"<p>X\u00cdCH NH\u1ef0A CU\u1ed0N D\u00c2Y \u0110I\u1ec6N<br \/>\nX\u00cdCH NH\u1ef0A CU\u1ed0N D\u00c2Y C\u00c1P \u0110I\u1ec6N, \u1ed0NG TH\u1ee6Y L\u1ef0C, KH\u00cd N\u00c9N, H\u00c0NG CH\u1ea4T L\u01af\u1ee2NG<br \/>\nGi\u00fap h\u1ea1n ch\u1ebf r\u1ed1i, \u0111\u1ee9t.<\/p>\n<p>&nbsp;<\/p>\n","protected":false},"featured_media":2331,"comment_status":"open","ping_status":"closed","template":"","meta":[],"product_brand":[],"product_cat":[413],"product_tag":[],"class_list":{"0":"post-2329","1":"product","2":"type-product","3":"status-publish","4":"has-post-thumbnail","6":"product_cat-mang-cap-dien","7":"pa_nha-san-xuat-ruiao","9":"first","10":"instock","11":"shipping-taxable","12":"product-type-simple"},"_links":{"self":[{"href":"https:\/\/restekequipment.com\/index.php?rest_route=\/wp\/v2\/product\/2329","targetHints":{"allow":["GET"]}}],"collection":[{"href":"https:\/\/restekequipment.com\/index.php?rest_route=\/wp\/v2\/product"}],"about":[{"href":"https:\/\/restekequipment.com\/index.php?rest_route=\/wp\/v2\/types\/product"}],"replies":[{"embeddable":true,"href":"https:\/\/restekequipment.com\/index.php?rest_route=%2Fwp%2Fv2%2Fcomments&post=2329"}],"wp:featuredmedia":[{"embeddable":true,"href":"https:\/\/restekequipment.com\/index.php?rest_route=\/wp\/v2\/media\/2331"}],"wp:attachment":[{"href":"https:\/\/restekequipment.com\/index.php?rest_route=%2Fwp%2Fv2%2Fmedia&parent=2329"}],"wp:term":[{"taxonomy":"product_brand","embeddable":true,"href":"https:\/\/restekequipment.com\/index.php?rest_route=%2Fwp%2Fv2%2Fproduct_brand&post=2329"},{"taxonomy":"product_cat","embeddable":true,"href":"https:\/\/restekequipment.com\/index.php?rest_route=%2Fwp%2Fv2%2Fproduct_cat&post=2329"},{"taxonomy":"product_tag","embeddable":true,"href":"https:\/\/restekequipment.com\/index.php?rest_route=%2Fwp%2Fv2%2Fproduct_tag&post=2329"}],"curies":[{"name":"wp","href":"https:\/\/api.w.org\/{rel}","templated":true}]}}