{"id":2326,"date":"2021-06-02T16:33:34","date_gmt":"2021-06-02T09:33:34","guid":{"rendered":"https:\/\/restekequipment.com\/?post_type=product&#038;p=2326"},"modified":"2021-06-02T16:35:47","modified_gmt":"2021-06-02T09:35:47","slug":"xich-nhua-luon-day-dien-chinh-hang","status":"publish","type":"product","link":"https:\/\/restekequipment.com\/?product=xich-nhua-luon-day-dien-chinh-hang","title":{"rendered":"X\u00cdCH NH\u1ef0A LU\u1ed2N D\u00c2Y \u0110I\u1ec6N CH\u00cdNH H\u00c3NG"},"content":{"rendered":"<p>X\u00cdCH NH\u1ef0A LU\u1ed2N D\u00c2Y \u0110I\u1ec6N RUIAO<br \/>\nH\u00e0ng ch\u1ea5t l\u01b0\u1ee3ng, thanh ngang c\u1ee9ng ch\u1eafc, b\u1ec1n<\/p>\n<table border=\"0\" width=\"425\" cellspacing=\"0\" cellpadding=\"0\">\n<colgroup>\n<col \/>\n<col \/>\n<col \/><\/colgroup>\n<tbody>\n<tr>\n<td height=\"63\"><strong>STT<\/strong><\/td>\n<td><strong>T\u00ean h\u00e0ng h\u00f3a<br \/>\nK\u00edch th\u01b0\u1edbc b\u00ean trong<br \/>\nCao x R\u1ed9ng-b\u00e1n k\u00ednh cong R<\/strong><\/td>\n<td><strong>K\u00edch th\u01b0\u1edbc<br \/>\nB\u00ean ngo\u00e0i<br \/>\nCao x r\u1ed9ng<\/strong><\/td>\n<\/tr>\n<tr>\n<td height=\"21\">1<\/td>\n<td>\u00a0X\u00edch Nh\u1ef1a 10x10R28<\/td>\n<td>14&#215;17<\/td>\n<\/tr>\n<tr>\n<td height=\"21\">2<\/td>\n<td>\u00a0X\u00edch Nh\u1ef1a 10x15R28<\/td>\n<td>14&#215;22<\/td>\n<\/tr>\n<tr>\n<td height=\"21\">3<\/td>\n<td>\u00a0X\u00edch Nh\u1ef1a 10x20R28<\/td>\n<td>14&#215;27<\/td>\n<\/tr>\n<tr>\n<td height=\"21\">4<\/td>\n<td>\u00a0X\u00edch Nh\u1ef1a 15x20R38<\/td>\n<td>23&#215;31<\/td>\n<\/tr>\n<tr>\n<td height=\"21\">5<\/td>\n<td>\u00a0X\u00edch Nh\u1ef1a 15x30R38<\/td>\n<td>23&#215;43<\/td>\n<\/tr>\n<tr>\n<td height=\"21\">6<\/td>\n<td>\u00a0X\u00edch Nh\u1ef1a 18x18R38<\/td>\n<td>23&#215;31<\/td>\n<\/tr>\n<tr>\n<td height=\"21\">7<\/td>\n<td>\u00a0X\u00edch Nh\u1ef1a 18x25R48<\/td>\n<td>23&#215;38<\/td>\n<\/tr>\n<tr>\n<td height=\"21\">8<\/td>\n<td>\u00a0X\u00edch Nh\u1ef1a 18x35R55<\/td>\n<td>23&#215;47<\/td>\n<\/tr>\n<tr>\n<td height=\"21\">9<\/td>\n<td>\u00a0X\u00edch Nh\u1ef1a 25x25R55<\/td>\n<td>35&#215;42<\/td>\n<\/tr>\n<tr>\n<td height=\"21\">10<\/td>\n<td>\u00a0X\u00edch Nh\u1ef1a 25x38R55<\/td>\n<td>35&#215;55<\/td>\n<\/tr>\n<tr>\n<td height=\"21\">11<\/td>\n<td>\u00a0X\u00edch Nh\u1ef1a 25x57R75<\/td>\n<td>35&#215;74<\/td>\n<\/tr>\n<tr>\n<td height=\"21\">12<\/td>\n<td>\u00a0X\u00edch Nh\u1ef1a 25x75R75<\/td>\n<td>35&#215;92<\/td>\n<\/tr>\n<tr>\n<td height=\"21\">13<\/td>\n<td>\u00a0X\u00edch Nh\u1ef1a 35x50R75<\/td>\n<td>58&#215;77<\/td>\n<\/tr>\n<tr>\n<td height=\"21\">14<\/td>\n<td>\u00a0X\u00edch Nh\u1ef1a 35x75R75<\/td>\n<td>58&#215;108<\/td>\n<\/tr>\n<tr>\n<td height=\"21\">15<\/td>\n<td>\u00a0X\u00edch Nh\u1ef1a 35x100R100<\/td>\n<td>58&#215;127<\/td>\n<\/tr>\n<tr>\n<td height=\"21\">16<\/td>\n<td>\u00a0X\u00edch Nh\u1ef1a 45x75R75<\/td>\n<td>68&#215;104<\/td>\n<\/tr>\n<tr>\n<td height=\"21\">17<\/td>\n<td>\u00a0X\u00edch Nh\u1ef1a 45x100R100<\/td>\n<td>68&#215;129<\/td>\n<\/tr>\n<tr>\n<td height=\"21\">18<\/td>\n<td>\u00a0X\u00edch Nh\u1ef1a 45x125R100<\/td>\n<td>68&#215;154<\/td>\n<\/tr>\n<tr>\n<td height=\"21\">19<\/td>\n<td>\u00a0X\u00edch Nh\u1ef1a 45x150R100<\/td>\n<td>68&#215;179<\/td>\n<\/tr>\n<tr>\n<td height=\"21\">20<\/td>\n<td>\u00a0X\u00edch Nh\u1ef1a 45x200R100<\/td>\n<td>68&#215;229<\/td>\n<\/tr>\n<tr>\n<td height=\"21\">21<\/td>\n<td>\u00a0X\u00edch Nh\u1ef1a 56x150R250<\/td>\n<td>83&#215;189<\/td>\n<\/tr>\n<tr>\n<td height=\"21\">22<\/td>\n<td>\u00a0X\u00edch Nh\u1ef1a 56x250R250<\/td>\n<td>83&#215;239<\/td>\n<\/tr>\n<tr>\n<td height=\"21\">23<\/td>\n<td>\u00a0X\u00edch Nh\u1ef1a 80x250R250<\/td>\n<td>111&#215;301<\/td>\n<\/tr>\n<\/tbody>\n<\/table>\n<div><\/div>\n<figure id=\"attachment_2327\" aria-describedby=\"caption-attachment-2327\" style=\"width: 477px\" class=\"wp-caption alignnone\"><a href=\"https:\/\/restekequipment.com\/wp-content\/uploads\/2021\/06\/xich-nhua-luon-day-dien.jpg\"><img loading=\"lazy\" decoding=\"async\" class=\"size-full wp-image-2327\" src=\"https:\/\/restekequipment.com\/wp-content\/uploads\/2021\/06\/xich-nhua-luon-day-dien.jpg\" alt=\"\" width=\"477\" height=\"414\" srcset=\"https:\/\/restekequipment.com\/wp-content\/uploads\/2021\/06\/xich-nhua-luon-day-dien.jpg 477w, https:\/\/restekequipment.com\/wp-content\/uploads\/2021\/06\/xich-nhua-luon-day-dien-300x260.jpg 300w\" sizes=\"auto, (max-width: 477px) 100vw, 477px\" \/><\/a><figcaption id=\"caption-attachment-2327\" class=\"wp-caption-text\">X\u00cdCH NH\u1ef0A LU\u1ed2N D\u00c2Y \u0110I\u1ec6N<\/figcaption><\/figure>\n","protected":false},"excerpt":{"rendered":"<p>CHUY\u00caN PH\u00c2N PH\u1ed0I X\u00cdCH NH\u1ef0A LU\u1ed2N D\u00c2Y \u0110I\u1ec6N RUIAO<br \/>\nH\u00e0ng ch\u1ea5t l\u01b0\u1ee3ng, thanh ngang c\u1ee9ng ch\u1eafc, b\u1ec1n<\/p>\n","protected":false},"featured_media":0,"comment_status":"open","ping_status":"closed","template":"","meta":[],"product_brand":[],"product_cat":[413],"product_tag":[],"class_list":{"0":"post-2326","1":"product","2":"type-product","3":"status-publish","5":"product_cat-mang-cap-dien","6":"pa_nha-san-xuat-ruiao","8":"first","9":"instock","10":"shipping-taxable","11":"product-type-simple"},"_links":{"self":[{"href":"https:\/\/restekequipment.com\/index.php?rest_route=\/wp\/v2\/product\/2326","targetHints":{"allow":["GET"]}}],"collection":[{"href":"https:\/\/restekequipment.com\/index.php?rest_route=\/wp\/v2\/product"}],"about":[{"href":"https:\/\/restekequipment.com\/index.php?rest_route=\/wp\/v2\/types\/product"}],"replies":[{"embeddable":true,"href":"https:\/\/restekequipment.com\/index.php?rest_route=%2Fwp%2Fv2%2Fcomments&post=2326"}],"wp:attachment":[{"href":"https:\/\/restekequipment.com\/index.php?rest_route=%2Fwp%2Fv2%2Fmedia&parent=2326"}],"wp:term":[{"taxonomy":"product_brand","embeddable":true,"href":"https:\/\/restekequipment.com\/index.php?rest_route=%2Fwp%2Fv2%2Fproduct_brand&post=2326"},{"taxonomy":"product_cat","embeddable":true,"href":"https:\/\/restekequipment.com\/index.php?rest_route=%2Fwp%2Fv2%2Fproduct_cat&post=2326"},{"taxonomy":"product_tag","embeddable":true,"href":"https:\/\/restekequipment.com\/index.php?rest_route=%2Fwp%2Fv2%2Fproduct_tag&post=2326"}],"curies":[{"name":"wp","href":"https:\/\/api.w.org\/{rel}","templated":true}]}}