{"id":2321,"date":"2021-06-01T15:13:22","date_gmt":"2021-06-01T08:13:22","guid":{"rendered":"https:\/\/restekequipment.com\/?post_type=product&#038;p=2321"},"modified":"2021-06-01T15:14:21","modified_gmt":"2021-06-01T08:14:21","slug":"xich-ek-sen-ek-cac-loai-chinh-hang-gia-re","status":"publish","type":"product","link":"https:\/\/restekequipment.com\/?product=xich-ek-sen-ek-cac-loai-chinh-hang-gia-re","title":{"rendered":"X\u00edch EK &#8211; s\u00ean EK c\u00e1c lo\u1ea1i ch\u00ednh h\u00e3ng gi\u00e1 r\u1ebb"},"content":{"rendered":"<p>X\u00edch EK &#8211; s\u00ean EK c\u00e1c lo\u1ea1i ch\u00ednh h\u00e3ng gi\u00e1 r\u1ebb<\/p>\n<p><a href=\"https:\/\/restekequipment.com\/wp-content\/uploads\/2021\/06\/sen-EK-chinh-hang-cac-loai.jpg\"><img loading=\"lazy\" decoding=\"async\" class=\"alignnone size-full wp-image-2323\" src=\"https:\/\/restekequipment.com\/wp-content\/uploads\/2021\/06\/sen-EK-chinh-hang-cac-loai.jpg\" alt=\"\" width=\"328\" height=\"433\" srcset=\"https:\/\/restekequipment.com\/wp-content\/uploads\/2021\/06\/sen-EK-chinh-hang-cac-loai.jpg 328w, https:\/\/restekequipment.com\/wp-content\/uploads\/2021\/06\/sen-EK-chinh-hang-cac-loai-227x300.jpg 227w\" sizes=\"auto, (max-width: 328px) 100vw, 328px\" \/><\/a><\/p>\n<div>X\u00cdCH EK 40-1, X\u00cdCH EK 50-1, X\u00cdCH EK 60-1,X\u00cdCH EK 80-1,<\/div>\n<div>X\u00cdCH EK 100-1, X\u00cdCH EK 120-1, X\u00cdCH EK 140-1, X\u00cdCH EK 160-1<\/div>\n<div><\/div>\n<div>X\u00cdCH EK 40-2, X\u00cdCH EK 50-2, X\u00cdCH EK 60-2,X\u00cdCH EK 80-2,<\/div>\n<div>X\u00cdCH EK 100-2, X\u00cdCH EK 120-2, X\u00cdCH EK 140-2, X\u00cdCH EK 160-2<\/div>\n<div><\/div>\n<div>S\u00caN EK 40-1, S\u00caN EK 50-1, S\u00caN EK 60-1,S\u00caN EK 80-1,<\/div>\n<div>S\u00caN EK 100-1, S\u00caN EK 120-1, S\u00caN EK 140-1, S\u00caN EK 160-1<\/div>\n<div><\/div>\n<div>S\u00caN EK 40-2, S\u00caN EK 50-2, S\u00caN EK 60-2,S\u00caN EK 80-2,<\/div>\n<div>S\u00caN EK 100-2, S\u00caN EK 120-2, S\u00caN EK 140-2, S\u00caN EK 160-2<\/div>\n<p><a href=\"https:\/\/restekequipment.com\/wp-content\/uploads\/2021\/06\/XICH-EK-sen-EK-chinh-hang.jpg\"><img loading=\"lazy\" decoding=\"async\" class=\"alignnone wp-image-2322\" src=\"https:\/\/restekequipment.com\/wp-content\/uploads\/2021\/06\/XICH-EK-sen-EK-chinh-hang.jpg\" alt=\"\" width=\"537\" height=\"480\" srcset=\"https:\/\/restekequipment.com\/wp-content\/uploads\/2021\/06\/XICH-EK-sen-EK-chinh-hang.jpg 749w, https:\/\/restekequipment.com\/wp-content\/uploads\/2021\/06\/XICH-EK-sen-EK-chinh-hang-300x268.jpg 300w, https:\/\/restekequipment.com\/wp-content\/uploads\/2021\/06\/XICH-EK-sen-EK-chinh-hang-510x456.jpg 510w\" sizes=\"auto, (max-width: 537px) 100vw, 537px\" \/><\/a><\/p>\n<p>Qu\u00fd kh\u00e1ch c\u00f3 nhu c\u1ea7u <strong>X\u00edch EK &#8211; s\u00ean EK c\u00e1c lo\u1ea1i ch\u00ednh h\u00e3ng<\/strong>\u00a0h\u00e3y li\u00ean h\u1ec7 v\u1edbi ch\u00fang t\u00f4i, h\u00e2n h\u1ea1nh ph\u1ee5c v\u1ee5 Qu\u00fd kh\u00e1ch v\u1edbi gi\u00e1 s\u1ea3n ph\u1ea9m t\u1ed1t nh\u1ea5t.<\/p>\n<p>&nbsp;<\/p>\n","protected":false},"excerpt":{"rendered":"<p>X\u00edch EK &#8211; s\u00ean EK c\u00e1c lo\u1ea1i ch\u00ednh h\u00e3ng gi\u00e1 r\u1ebb<\/p>\n","protected":false},"featured_media":2322,"comment_status":"open","ping_status":"closed","template":"","meta":[],"product_brand":[],"product_cat":[409],"product_tag":[],"class_list":{"0":"post-2321","1":"product","2":"type-product","3":"status-publish","4":"has-post-thumbnail","6":"product_cat-xich-tai-con-lan","7":"pa_nha-san-xuat-ek","9":"first","10":"instock","11":"shipping-taxable","12":"product-type-simple"},"_links":{"self":[{"href":"https:\/\/restekequipment.com\/index.php?rest_route=\/wp\/v2\/product\/2321","targetHints":{"allow":["GET"]}}],"collection":[{"href":"https:\/\/restekequipment.com\/index.php?rest_route=\/wp\/v2\/product"}],"about":[{"href":"https:\/\/restekequipment.com\/index.php?rest_route=\/wp\/v2\/types\/product"}],"replies":[{"embeddable":true,"href":"https:\/\/restekequipment.com\/index.php?rest_route=%2Fwp%2Fv2%2Fcomments&post=2321"}],"wp:featuredmedia":[{"embeddable":true,"href":"https:\/\/restekequipment.com\/index.php?rest_route=\/wp\/v2\/media\/2322"}],"wp:attachment":[{"href":"https:\/\/restekequipment.com\/index.php?rest_route=%2Fwp%2Fv2%2Fmedia&parent=2321"}],"wp:term":[{"taxonomy":"product_brand","embeddable":true,"href":"https:\/\/restekequipment.com\/index.php?rest_route=%2Fwp%2Fv2%2Fproduct_brand&post=2321"},{"taxonomy":"product_cat","embeddable":true,"href":"https:\/\/restekequipment.com\/index.php?rest_route=%2Fwp%2Fv2%2Fproduct_cat&post=2321"},{"taxonomy":"product_tag","embeddable":true,"href":"https:\/\/restekequipment.com\/index.php?rest_route=%2Fwp%2Fv2%2Fproduct_tag&post=2321"}],"curies":[{"name":"wp","href":"https:\/\/api.w.org\/{rel}","templated":true}]}}