{"id":2314,"date":"2021-06-01T14:46:44","date_gmt":"2021-06-01T07:46:44","guid":{"rendered":"https:\/\/restekequipment.com\/?post_type=product&#038;p=2314"},"modified":"2021-06-01T14:47:20","modified_gmt":"2021-06-01T07:47:20","slug":"sen-did-xich-tai-thuong-hieu-did-chinh-hang","status":"publish","type":"product","link":"https:\/\/restekequipment.com\/?product=sen-did-xich-tai-thuong-hieu-did-chinh-hang","title":{"rendered":"S\u00caN DID, x\u00edch t\u1ea3i th\u01b0\u01a1ng hi\u1ec7u DID ch\u00ednh h\u00e3ng"},"content":{"rendered":"<p>S\u00caN DID X\u00edch t\u1ea3i th\u01b0\u01a1ng hi\u1ec7u DID ch\u00ednh h\u00e3ng<\/p>\n<p><a href=\"https:\/\/restekequipment.com\/wp-content\/uploads\/2021\/06\/SEN-DID-Xich-tai-DID-chinh-hang.jpg\"><img loading=\"lazy\" decoding=\"async\" class=\"alignnone wp-image-2316\" src=\"https:\/\/restekequipment.com\/wp-content\/uploads\/2021\/06\/SEN-DID-Xich-tai-DID-chinh-hang.jpg\" alt=\"\" width=\"528\" height=\"397\" srcset=\"https:\/\/restekequipment.com\/wp-content\/uploads\/2021\/06\/SEN-DID-Xich-tai-DID-chinh-hang.jpg 746w, https:\/\/restekequipment.com\/wp-content\/uploads\/2021\/06\/SEN-DID-Xich-tai-DID-chinh-hang-300x226.jpg 300w, https:\/\/restekequipment.com\/wp-content\/uploads\/2021\/06\/SEN-DID-Xich-tai-DID-chinh-hang-510x384.jpg 510w\" sizes=\"auto, (max-width: 528px) 100vw, 528px\" \/><\/a><\/p>\n<p>Qu\u00fd kh\u00e1ch c\u00f3 nhu c\u1ea7u <strong>S\u00caN DID X\u00edch t\u1ea3i th\u01b0\u01a1ng hi\u1ec7u DID ch\u00ednh h\u00e3ng<\/strong>\u00a0 h\u00e3y li\u00ean h\u1ec7 v\u1edbi ch\u00fang t\u00f4i, h\u00e2n h\u1ea1nh ph\u1ee5c v\u1ee5 Qu\u00fd kh\u00e1ch v\u1edbi gi\u00e1 s\u1ea3n ph\u1ea9m t\u1ed1t nh\u1ea5t.<\/p>\n","protected":false},"excerpt":{"rendered":"<p>S\u00caN DID X\u00edch t\u1ea3i th\u01b0\u01a1ng hi\u1ec7u DID ch\u00ednh h\u00e3ng c\u00e1c lo\u1ea1i, gi\u00e1 t\u1ed1t<\/p>\n","protected":false},"featured_media":2316,"comment_status":"open","ping_status":"closed","template":"","meta":[],"product_brand":[],"product_cat":[409],"product_tag":[],"class_list":{"0":"post-2314","1":"product","2":"type-product","3":"status-publish","4":"has-post-thumbnail","6":"product_cat-xich-tai-con-lan","7":"pa_nha-san-xuat-d-i-d","9":"first","10":"instock","11":"shipping-taxable","12":"product-type-simple"},"_links":{"self":[{"href":"https:\/\/restekequipment.com\/index.php?rest_route=\/wp\/v2\/product\/2314","targetHints":{"allow":["GET"]}}],"collection":[{"href":"https:\/\/restekequipment.com\/index.php?rest_route=\/wp\/v2\/product"}],"about":[{"href":"https:\/\/restekequipment.com\/index.php?rest_route=\/wp\/v2\/types\/product"}],"replies":[{"embeddable":true,"href":"https:\/\/restekequipment.com\/index.php?rest_route=%2Fwp%2Fv2%2Fcomments&post=2314"}],"wp:featuredmedia":[{"embeddable":true,"href":"https:\/\/restekequipment.com\/index.php?rest_route=\/wp\/v2\/media\/2316"}],"wp:attachment":[{"href":"https:\/\/restekequipment.com\/index.php?rest_route=%2Fwp%2Fv2%2Fmedia&parent=2314"}],"wp:term":[{"taxonomy":"product_brand","embeddable":true,"href":"https:\/\/restekequipment.com\/index.php?rest_route=%2Fwp%2Fv2%2Fproduct_brand&post=2314"},{"taxonomy":"product_cat","embeddable":true,"href":"https:\/\/restekequipment.com\/index.php?rest_route=%2Fwp%2Fv2%2Fproduct_cat&post=2314"},{"taxonomy":"product_tag","embeddable":true,"href":"https:\/\/restekequipment.com\/index.php?rest_route=%2Fwp%2Fv2%2Fproduct_tag&post=2314"}],"curies":[{"name":"wp","href":"https:\/\/api.w.org\/{rel}","templated":true}]}}