{"id":2283,"date":"2021-05-20T15:36:45","date_gmt":"2021-05-20T08:36:45","guid":{"rendered":"https:\/\/restekequipment.com\/?post_type=product&#038;p=2283"},"modified":"2021-05-20T15:37:57","modified_gmt":"2021-05-20T08:37:57","slug":"vong-bi-con-30215-skf-chinh-hang","status":"publish","type":"product","link":"https:\/\/restekequipment.com\/?product=vong-bi-con-30215-skf-chinh-hang","title":{"rendered":"V\u00d2NG BI C\u00d4N 30215 SKF CH\u00cdNH H\u00c3NG"},"content":{"rendered":"<div class=\"tt \">\n<h2>Th\u00f4ng tin\u00a0<span class=\"product_name\">V\u00f2ng bi c\u00f4n 30215 SKF<\/span><\/h2>\n<\/div>\n<div class=\"well\">\n<div class=\"row\">\n<div class=\"item dynamic col-md-12\" style=\"padding-left: 40px;\">\u0110\u01b0\u1eddng k\u00ednh trong (d):\u00a075 mm<\/div>\n<div class=\"item dynamic col-md-12\" style=\"padding-left: 40px;\">\u0110\u01b0\u1eddng k\u00ednh ngo\u00e0i (D):\u00a0115 mm<\/div>\n<div class=\"item dynamic col-md-12\" style=\"padding-left: 40px;\">\u0110\u1ed9 d\u00e0y (B):\u00a025 mm<\/div>\n<div class=\"item dynamic last col-md-12\" style=\"padding-left: 40px;\">\u0110\u1ed9 d\u00e0y (T):\u00a025 mm<\/div>\n<div class=\"item col-md-6 col-sm-6 col-xs-6\" style=\"padding-left: 40px;\">Th\u01b0\u01a1ng hi\u1ec7u:\u00a0<span style=\"color: #0000ff;\">SKF<\/span><\/div>\n<div class=\"item col-md-6 col-sm-6 col-xs-6\" style=\"padding-left: 40px;\">T\u00ecnh tr\u1ea1ng:\u00a0M\u1edbi 100%<\/div>\n<div class=\"item col-md-6 col-sm-6 col-xs-6\" style=\"padding-left: 40px;\">B\u1ea3o h\u00e0nh:\u00a012 th\u00e1ng<\/div>\n<div class=\"item col-md-6 col-sm-6 col-xs-6\" style=\"padding-left: 40px;\">Tr\u1ea1ng th\u00e1i:\u00a0C\u00f2n h\u00e0ng<\/div>\n<div class=\"item col-md-6 col-sm-6 col-xs-6\" style=\"padding-left: 40px;\">Giao h\u00e0ng:\u00a0To\u00e0n Qu\u1ed1c<\/div>\n<div class=\"item col-md-6 col-sm-6 col-xs-6\" style=\"padding-left: 40px;\">H\u1ed7 tr\u1ee3 k\u1ef9 thu\u1eadt:\u00a024\/7<\/div>\n<\/div>\n<div>\n<div><\/div>\n<div><span style=\"color: #0000ff;\">V\u00f2ng bi b\u1ea1c \u0111\u1ea1n 30215 SKF ch\u00ednh h\u00e3ng &#8211; V\u00f2ng bi b\u1ea1c \u0111\u1ea1n c\u00f4n 30215 SKF<\/span><\/div>\n<div>V\u00f2ng bi 30215 thu\u1ed9c ch\u1ee7ng lo\u1ea1i bi c\u00f4n SKF (Tapered roller bearings) c\u00f3 tu\u1ed5i th\u1ecd b\u1ec1n b\u1ec9 v\u00e0 kh\u1ea3 n\u0103ng l\u00e0m vi\u1ec7c trong \u0111i\u1ec1u ki\u1ec7n v\u1eadn h\u00e0nh cao. V\u00f2ng bi SKF 30215 \u0111\u01b0\u1ee3c ng\u01b0\u1eddi ti\u00eau d\u00f9ng tr\u00ean to\u00e0n th\u1ebf gi\u1edbi tin t\u01b0\u1edfng v\u1ec1 ch\u1ea5t l\u01b0\u1ee3ng v\u00e0 kh\u1ea3 n\u0103ng v\u1eadn h\u00e0nh.<\/div>\n<div><a href=\"https:\/\/restekequipment.com\/wp-content\/uploads\/2021\/05\/vong-bi-con-30215-skf-chinh-hang.jpg\"><img loading=\"lazy\" decoding=\"async\" class=\"alignnone size-full wp-image-2284\" src=\"https:\/\/restekequipment.com\/wp-content\/uploads\/2021\/05\/vong-bi-con-30215-skf-chinh-hang.jpg\" alt=\"\" width=\"781\" height=\"687\" srcset=\"https:\/\/restekequipment.com\/wp-content\/uploads\/2021\/05\/vong-bi-con-30215-skf-chinh-hang.jpg 781w, https:\/\/restekequipment.com\/wp-content\/uploads\/2021\/05\/vong-bi-con-30215-skf-chinh-hang-300x264.jpg 300w, https:\/\/restekequipment.com\/wp-content\/uploads\/2021\/05\/vong-bi-con-30215-skf-chinh-hang-768x676.jpg 768w, https:\/\/restekequipment.com\/wp-content\/uploads\/2021\/05\/vong-bi-con-30215-skf-chinh-hang-510x449.jpg 510w\" sizes=\"auto, (max-width: 781px) 100vw, 781px\" \/><\/a><\/div>\n<div><span style=\"color: #0000ff;\">Th\u00f4ng s\u1ed1 k\u1ef9 thu\u1eadt v\u00f2ng bi b\u1ea1c \u0111\u1ea1n c\u00f4n 30215<\/span><\/div>\n<div>d= 75mm<\/div>\n<div>D= 115mm<\/div>\n<div>T= 25mm<\/div>\n<div>B= 25mm<\/div>\n<div><\/div>\n<\/div>\n<div class=\"row\">\n<div><\/div>\n<\/div>\n<\/div>\n","protected":false},"excerpt":{"rendered":"<div><span style=\"color: #0000ff;\">V\u00f2ng bi b\u1ea1c \u0111\u1ea1n 30215 SKF ch\u00ednh h\u00e3ng &#8211; V\u00f2ng bi b\u1ea1c \u0111\u1ea1n c\u00f4n 30215 SKF<\/span><\/div>\n<div>V\u00f2ng bi 30215 thu\u1ed9c ch\u1ee7ng lo\u1ea1i bi c\u00f4n SKF (Tapered roller bearings) c\u00f3 tu\u1ed5i th\u1ecd b\u1ec1n b\u1ec9 v\u00e0 kh\u1ea3 n\u0103ng l\u00e0m vi\u1ec7c trong \u0111i\u1ec1u ki\u1ec7n v\u1eadn h\u00e0nh cao. V\u00f2ng bi SKF 30215 \u0111\u01b0\u1ee3c ng\u01b0\u1eddi ti\u00eau d\u00f9ng tr\u00ean to\u00e0n th\u1ebf gi\u1edbi tin t\u01b0\u1edfng v\u1ec1 ch\u1ea5t l\u01b0\u1ee3ng v\u00e0 kh\u1ea3 n\u0103ng v\u1eadn h\u00e0nh.<\/div>\n","protected":false},"featured_media":2284,"comment_status":"open","ping_status":"closed","template":"","meta":[],"product_brand":[],"product_cat":[300],"product_tag":[],"class_list":{"0":"post-2283","1":"product","2":"type-product","3":"status-publish","4":"has-post-thumbnail","6":"product_cat-vong-bi-con","8":"first","9":"instock","10":"shipping-taxable","11":"product-type-simple"},"_links":{"self":[{"href":"https:\/\/restekequipment.com\/index.php?rest_route=\/wp\/v2\/product\/2283","targetHints":{"allow":["GET"]}}],"collection":[{"href":"https:\/\/restekequipment.com\/index.php?rest_route=\/wp\/v2\/product"}],"about":[{"href":"https:\/\/restekequipment.com\/index.php?rest_route=\/wp\/v2\/types\/product"}],"replies":[{"embeddable":true,"href":"https:\/\/restekequipment.com\/index.php?rest_route=%2Fwp%2Fv2%2Fcomments&post=2283"}],"wp:featuredmedia":[{"embeddable":true,"href":"https:\/\/restekequipment.com\/index.php?rest_route=\/wp\/v2\/media\/2284"}],"wp:attachment":[{"href":"https:\/\/restekequipment.com\/index.php?rest_route=%2Fwp%2Fv2%2Fmedia&parent=2283"}],"wp:term":[{"taxonomy":"product_brand","embeddable":true,"href":"https:\/\/restekequipment.com\/index.php?rest_route=%2Fwp%2Fv2%2Fproduct_brand&post=2283"},{"taxonomy":"product_cat","embeddable":true,"href":"https:\/\/restekequipment.com\/index.php?rest_route=%2Fwp%2Fv2%2Fproduct_cat&post=2283"},{"taxonomy":"product_tag","embeddable":true,"href":"https:\/\/restekequipment.com\/index.php?rest_route=%2Fwp%2Fv2%2Fproduct_tag&post=2283"}],"curies":[{"name":"wp","href":"https:\/\/api.w.org\/{rel}","templated":true}]}}