{"id":2279,"date":"2021-05-20T15:02:51","date_gmt":"2021-05-20T08:02:51","guid":{"rendered":"https:\/\/restekequipment.com\/?post_type=product&#038;p=2279"},"modified":"2021-06-01T14:32:03","modified_gmt":"2021-06-01T07:32:03","slug":"vong-bi-con-32024-skf-chinh-hang","status":"publish","type":"product","link":"https:\/\/restekequipment.com\/?product=vong-bi-con-32024-skf-chinh-hang","title":{"rendered":"V\u00d2NG BI C\u00d4N 32024 SKF CH\u00cdNH H\u00c3NG"},"content":{"rendered":"<p><strong>V\u00d2NG BI C\u00d4N 32024 SKF CH\u00cdNH H\u00c3NG<\/strong><\/p>\n<div><span style=\"color: #0000ff; font-size: 120%;\">V\u00f2ng bi b\u1ea1c \u0111\u1ea1n 32024 SKF ch\u00ednh h\u00e3ng &#8211; V\u00f2ng bi b\u1ea1c \u0111\u1ea1n c\u00f4n<\/span><\/div>\n<div><span style=\"font-size: 120%;\">V\u00f2ng bi 32024 thu\u1ed9c ch\u1ee7ng lo\u1ea1i bi c\u00f4n SKF (Tapered roller bearings) c\u00f3 tu\u1ed5i th\u1ecd b\u1ec1n b\u1ec9 v\u00e0 kh\u1ea3 n\u0103ng l\u00e0m vi\u1ec7c trong \u0111i\u1ec1u ki\u1ec7n v\u1eadn h\u00e0nh cao. V\u00f2ng bi SKF 32024 \u0111\u01b0\u1ee3c ng\u01b0\u1eddi ti\u00eau d\u00f9ng tr\u00ean to\u00e0n th\u1ebf gi\u1edbi tin t\u01b0\u1edfng v\u1ec1 ch\u1ea5t l\u01b0\u1ee3ng v\u00e0 kh\u1ea3 n\u0103ng v\u1eadn h\u00e0nh.<\/span><\/div>\n<div><\/div>\n<div><span style=\"color: #0000ff; font-size: 120%;\">Th\u00f4ng s\u1ed1 k\u1ef9 thu\u1eadt v\u00f2ng bi b\u1ea1c \u0111\u1ea1n c\u00f4n 32024<\/span><\/div>\n<div><span style=\"font-size: 120%;\">d= 120mm<\/span><\/div>\n<div><span style=\"font-size: 120%;\">D= 180mm<\/span><\/div>\n<div><span style=\"font-size: 120%;\">T= 38mm<\/span><\/div>\n<div><span style=\"font-size: 120%;\">C= 299kN<\/span><\/div>\n<div><span style=\"font-size: 120%;\">C0= 415kN<\/span><\/div>\n<div><\/div>\n<div><a href=\"https:\/\/restekequipment.com\/wp-content\/uploads\/2021\/05\/VONG-BI-CON-32024-SKF-CHINH-HANG.jpg\"><img loading=\"lazy\" decoding=\"async\" class=\"alignnone size-full wp-image-2280\" src=\"https:\/\/restekequipment.com\/wp-content\/uploads\/2021\/05\/VONG-BI-CON-32024-SKF-CHINH-HANG.jpg\" alt=\"\" width=\"782\" height=\"687\" srcset=\"https:\/\/restekequipment.com\/wp-content\/uploads\/2021\/05\/VONG-BI-CON-32024-SKF-CHINH-HANG.jpg 782w, https:\/\/restekequipment.com\/wp-content\/uploads\/2021\/05\/VONG-BI-CON-32024-SKF-CHINH-HANG-300x264.jpg 300w, https:\/\/restekequipment.com\/wp-content\/uploads\/2021\/05\/VONG-BI-CON-32024-SKF-CHINH-HANG-768x675.jpg 768w, https:\/\/restekequipment.com\/wp-content\/uploads\/2021\/05\/VONG-BI-CON-32024-SKF-CHINH-HANG-510x448.jpg 510w\" sizes=\"auto, (max-width: 782px) 100vw, 782px\" \/><\/a><\/div>\n<div><\/div>\n<div>Qu\u00fd kh\u00e1ch c\u00f3 nhu c\u1ea7u mua <strong>V\u00d2NG BI C\u00d4N 32024 SKF\u00a0<\/strong>vui l\u00f2ng li\u00ean h\u1ec7 v\u1edbi ch\u00fang t\u00f4i theo th\u00f4ng tin sau<\/div>\n<div>\n<div><\/div>\n<div>NGH\u0128 \u0110\u1ebeN AN TO\u00c0N \u2013 NGH\u0128 \u0110\u1ebeN CH\u1ea4T L\u01af\u1ee2NG<\/div>\n<div>H\u00c3Y NGH\u0128 \u0110\u1ebeN <span style=\"color: #ed1c24;\">RESTEK EQUIPMENT TECHNICAL CO.,LTD<\/span><\/div>\n<div><span style=\"color: #0000ff;\">\u0110.C : 26 \u2013 L\u00f4 G8- \u0111\u01b0\u1eddng N12-LH \u2013 T\u1ed5 7 \u2013 K.P \u0110\u1ed3ng S\u1ed5 \u2013 T.T Lai Uy\u00ean, Huy\u1ec7n B\u00e0u B\u00e0ng, T\u1ec9nh B\u00ecnh D\u01b0\u01a1ng.<\/span><\/div>\n<div><span style=\"color: #0000ff;\">Hotline: 0708.979.686 Mr Minh \u2013 090.808.4212 Mr Vi\u00ean<\/span><\/div>\n<div><span style=\"color: #0000ff;\">Email: restek.equipment@gmail.com Website: restekequipment.com<\/span><\/div>\n<\/div>\n<div><\/div>\n","protected":false},"excerpt":{"rendered":"<p>V\u00d2NG BI C\u00d4N 32024 SKF CH\u00cdNH H\u00c3NG V\u00f2ng bi b\u1ea1c \u0111\u1ea1n 32024 SKF ch\u00ednh h\u00e3ng &#8211; V\u00f2ng bi b\u1ea1c \u0111\u1ea1n c\u00f4n V\u00f2ng bi 32024 thu\u1ed9c ch\u1ee7ng lo\u1ea1i bi c\u00f4n SKF (Tapered roller bearings) c\u00f3 tu\u1ed5i th\u1ecd b\u1ec1n b\u1ec9 v\u00e0 kh\u1ea3 n\u0103ng l\u00e0m vi\u1ec7c trong \u0111i\u1ec1u ki\u1ec7n v\u1eadn h\u00e0nh cao. V\u00f2ng bi SKF 32024 \u0111\u01b0\u1ee3c ng\u01b0\u1eddi [&#8230;]\n","protected":false},"featured_media":2280,"comment_status":"open","ping_status":"closed","template":"","meta":[],"product_brand":[],"product_cat":[300],"product_tag":[],"class_list":{"0":"post-2279","1":"product","2":"type-product","3":"status-publish","4":"has-post-thumbnail","6":"product_cat-vong-bi-con","7":"pa_nha-san-xuat-skf","9":"first","10":"instock","11":"shipping-taxable","12":"product-type-simple"},"_links":{"self":[{"href":"https:\/\/restekequipment.com\/index.php?rest_route=\/wp\/v2\/product\/2279","targetHints":{"allow":["GET"]}}],"collection":[{"href":"https:\/\/restekequipment.com\/index.php?rest_route=\/wp\/v2\/product"}],"about":[{"href":"https:\/\/restekequipment.com\/index.php?rest_route=\/wp\/v2\/types\/product"}],"replies":[{"embeddable":true,"href":"https:\/\/restekequipment.com\/index.php?rest_route=%2Fwp%2Fv2%2Fcomments&post=2279"}],"wp:featuredmedia":[{"embeddable":true,"href":"https:\/\/restekequipment.com\/index.php?rest_route=\/wp\/v2\/media\/2280"}],"wp:attachment":[{"href":"https:\/\/restekequipment.com\/index.php?rest_route=%2Fwp%2Fv2%2Fmedia&parent=2279"}],"wp:term":[{"taxonomy":"product_brand","embeddable":true,"href":"https:\/\/restekequipment.com\/index.php?rest_route=%2Fwp%2Fv2%2Fproduct_brand&post=2279"},{"taxonomy":"product_cat","embeddable":true,"href":"https:\/\/restekequipment.com\/index.php?rest_route=%2Fwp%2Fv2%2Fproduct_cat&post=2279"},{"taxonomy":"product_tag","embeddable":true,"href":"https:\/\/restekequipment.com\/index.php?rest_route=%2Fwp%2Fv2%2Fproduct_tag&post=2279"}],"curies":[{"name":"wp","href":"https:\/\/api.w.org\/{rel}","templated":true}]}}