{"id":2246,"date":"2021-05-11T19:10:35","date_gmt":"2021-05-11T12:10:35","guid":{"rendered":"https:\/\/restekequipment.com\/?post_type=product&#038;p=2246"},"modified":"2021-05-11T19:11:01","modified_gmt":"2021-05-11T12:11:01","slug":"vong-bi-7319-becbm-skf-chinh-hang","status":"publish","type":"product","link":"https:\/\/restekequipment.com\/?product=vong-bi-7319-becbm-skf-chinh-hang","title":{"rendered":"V\u00d2NG BI 7319 BECBM SKF CH\u00cdNH H\u00c3NG"},"content":{"rendered":"<p><span style=\"font-size: 130%; color: #008080;\">Th\u00f4ng tin V\u00f2ng bi 7319 BECBM<\/span><br \/>\n\u0110\u01b0\u1eddng k\u00ednh trong (d): 95 mm<br \/>\n\u0110\u01b0\u1eddng k\u00ednh ngo\u00e0i (D): 200 mm<br \/>\n\u0110\u1ed9 d\u00e0y (B): 45 mm<br \/>\nTh\u01b0\u01a1ng hi\u1ec7u: <span style=\"color: #008080;\">SKF<\/span><br \/>\nT\u00ecnh tr\u1ea1ng: M\u1edbi 100%<br \/>\nB\u1ea3o h\u00e0nh: 12 th\u00e1ng<br \/>\nTr\u1ea1ng th\u00e1i: C\u00f2n h\u00e0ng<br \/>\nGiao h\u00e0ng: <span style=\"color: #008080;\">To\u00e0n Qu\u1ed1c<\/span><br \/>\nH\u1ed7 tr\u1ee3 k\u1ef9 thu\u1eadt: 24\/7<\/p>\n<div><a href=\"https:\/\/restekequipment.com\/wp-content\/uploads\/2021\/05\/VONG-BI-7319-BECBM-SKF-CHINH-HANG.jpg\"><img loading=\"lazy\" decoding=\"async\" class=\"alignnone size-full wp-image-2247\" src=\"https:\/\/restekequipment.com\/wp-content\/uploads\/2021\/05\/VONG-BI-7319-BECBM-SKF-CHINH-HANG.jpg\" alt=\"\" width=\"784\" height=\"607\" srcset=\"https:\/\/restekequipment.com\/wp-content\/uploads\/2021\/05\/VONG-BI-7319-BECBM-SKF-CHINH-HANG.jpg 784w, https:\/\/restekequipment.com\/wp-content\/uploads\/2021\/05\/VONG-BI-7319-BECBM-SKF-CHINH-HANG-300x232.jpg 300w, https:\/\/restekequipment.com\/wp-content\/uploads\/2021\/05\/VONG-BI-7319-BECBM-SKF-CHINH-HANG-768x595.jpg 768w, https:\/\/restekequipment.com\/wp-content\/uploads\/2021\/05\/VONG-BI-7319-BECBM-SKF-CHINH-HANG-510x395.jpg 510w\" sizes=\"auto, (max-width: 784px) 100vw, 784px\" \/><\/a><\/div>\n<div><span style=\"color: #008080; font-size: 140%;\">V\u00f2ng bi b\u1ea1c \u0111\u1ea1n \u0111\u1ee1 ch\u1eb7n 7319 BECBM SKF ch\u00ednh h\u00e3ng<\/span><\/div>\n<div>V\u00f2ng bi b\u1ea1c \u0111\u1ea1n ti\u1ebfp x\u00fac g\u00f3c SKF<\/div>\n<div>V\u00f2ng bi \u0111\u1ee1 ch\u1eb7n SKF \u0111\u01b0\u1ee3c thi\u1ebft k\u1ebf v\u1edbi r\u00e3nh l\u0103n c\u1ee7a v\u00f2ng trong v\u00e0 v\u00f2ng ngo\u00e0i c\u00f3 th\u1ec3 d\u1ecbch chuy\u1ec3n t\u01b0\u01a1ng \u0111\u1ed1i v\u1edbi nhau theo ph\u01b0\u01a1ng d\u1ecdc tr\u1ee5c. Thi\u1ebft k\u1ebf n\u00e0y ph\u00f9 h\u1ee3p cho c\u00e1c \u1ed5 l\u0103n ch\u1ecbu t\u1ea3i tr\u1ecdng h\u1ed7n h\u1ee3p (ngh\u0129a l\u00e0 c\u00e1c \u1ed5 l\u0103n ch\u1ecbu \u0111\u1ed3ng th\u1eddi t\u1ea3i tr\u1ecdng h\u01b0\u1edbng k\u00ednh v\u00e0 t\u1ea3i tr\u1ecdng d\u1ecdc tr\u1ee5c).<\/div>\n<div><\/div>\n<div>V\u00f2ng bi 7319 BECBM thu\u1ed9c ch\u1ee7ng lo\u1ea1i bi \u0111\u1ee1 ch\u1eb7n SKF (Angular contact ball bearings), c\u00f3 tu\u1ed5i th\u1ecd b\u1ec1n b\u1ec9 v\u00e0 kh\u1ea3 n\u0103ng l\u00e0m vi\u1ec7c trong \u0111i\u1ec1u ki\u1ec7n v\u1eadn h\u00e0nh cao. V\u00f2ng bi SKF 7319 BECBM \u0111\u01b0\u1ee3c ng\u01b0\u1eddi ti\u00eau d\u00f9ng tr\u00ean to\u00e0n th\u1ebf gi\u1edbi tin t\u01b0\u1edfng v\u1ec1 ch\u1ea5t l\u01b0\u1ee3ng v\u00e0 kh\u1ea3 n\u0103ng v\u1eadn h\u00e0nh.<\/div>\n<div><\/div>\n<div><\/div>\n<div><span style=\"color: #008080; font-size: 120%;\">Th\u00f4ng s\u1ed1 k\u1ef9 thu\u1eadt v\u00f2ng bi b\u1ea1c \u0111\u1ea1n 7319 BECBM<\/span><\/div>\n<div>d= 95mm<\/div>\n<div>D= 200mm<\/div>\n<div>B= 45mm<\/div>\n<div>C= 180kN<\/div>\n<div>C0= 163kN\u200b<\/div>\n","protected":false},"excerpt":{"rendered":"<p>Th\u00f4ng tin V\u00f2ng bi 7319 BECBM \u0110\u01b0\u1eddng k\u00ednh trong (d): 95 mm \u0110\u01b0\u1eddng k\u00ednh ngo\u00e0i (D): 200 mm \u0110\u1ed9 d\u00e0y (B): 45 mm Th\u01b0\u01a1ng hi\u1ec7u: SKF T\u00ecnh tr\u1ea1ng: M\u1edbi 100% B\u1ea3o h\u00e0nh: 12 th\u00e1ng Tr\u1ea1ng th\u00e1i: C\u00f2n h\u00e0ng Giao h\u00e0ng: To\u00e0n Qu\u1ed1c H\u1ed7 tr\u1ee3 k\u1ef9 thu\u1eadt: 24\/7 V\u00f2ng bi b\u1ea1c \u0111\u1ea1n \u0111\u1ee1 ch\u1eb7n 7319 BECBM [&#8230;]\n","protected":false},"featured_media":2247,"comment_status":"open","ping_status":"closed","template":"","meta":[],"product_brand":[],"product_cat":[302],"product_tag":[],"class_list":{"0":"post-2246","1":"product","2":"type-product","3":"status-publish","4":"has-post-thumbnail","6":"product_cat-vong-bi-do-chan","7":"pa_nha-san-xuat-skf","9":"first","10":"instock","11":"shipping-taxable","12":"product-type-simple"},"_links":{"self":[{"href":"https:\/\/restekequipment.com\/index.php?rest_route=\/wp\/v2\/product\/2246","targetHints":{"allow":["GET"]}}],"collection":[{"href":"https:\/\/restekequipment.com\/index.php?rest_route=\/wp\/v2\/product"}],"about":[{"href":"https:\/\/restekequipment.com\/index.php?rest_route=\/wp\/v2\/types\/product"}],"replies":[{"embeddable":true,"href":"https:\/\/restekequipment.com\/index.php?rest_route=%2Fwp%2Fv2%2Fcomments&post=2246"}],"wp:featuredmedia":[{"embeddable":true,"href":"https:\/\/restekequipment.com\/index.php?rest_route=\/wp\/v2\/media\/2247"}],"wp:attachment":[{"href":"https:\/\/restekequipment.com\/index.php?rest_route=%2Fwp%2Fv2%2Fmedia&parent=2246"}],"wp:term":[{"taxonomy":"product_brand","embeddable":true,"href":"https:\/\/restekequipment.com\/index.php?rest_route=%2Fwp%2Fv2%2Fproduct_brand&post=2246"},{"taxonomy":"product_cat","embeddable":true,"href":"https:\/\/restekequipment.com\/index.php?rest_route=%2Fwp%2Fv2%2Fproduct_cat&post=2246"},{"taxonomy":"product_tag","embeddable":true,"href":"https:\/\/restekequipment.com\/index.php?rest_route=%2Fwp%2Fv2%2Fproduct_tag&post=2246"}],"curies":[{"name":"wp","href":"https:\/\/api.w.org\/{rel}","templated":true}]}}