{"id":2222,"date":"2021-05-11T17:55:53","date_gmt":"2021-05-11T10:55:53","guid":{"rendered":"https:\/\/restekequipment.com\/?post_type=product&#038;p=2222"},"modified":"2021-05-11T18:30:57","modified_gmt":"2021-05-11T11:30:57","slug":"vong-bi-3207-atn9-skf-chinh-hang","status":"publish","type":"product","link":"https:\/\/restekequipment.com\/?product=vong-bi-3207-atn9-skf-chinh-hang","title":{"rendered":"V\u00d2NG BI 3207 ATN9 SKF CH\u00cdNH H\u00c3NG"},"content":{"rendered":"<div class=\"tt \">\n<h2 style=\"text-align: left;\">Th\u00f4ng tin <span class=\"product_name\">V\u00f2ng bi 3207 ATN9<\/span><\/h2>\n<\/div>\n<div class=\"well\">\n<div class=\"row\" style=\"text-align: left;\">\n<div class=\"item dynamic col-md-12\" style=\"padding-left: 40px;\">\u0110\u01b0\u1eddng k\u00ednh trong (d):\u00a035 mm<\/div>\n<div class=\"item dynamic col-md-12\" style=\"padding-left: 40px;\">\u0110\u01b0\u1eddng k\u00ednh ngo\u00e0i (D):\u00a072 mm<\/div>\n<div class=\"item dynamic last col-md-12\" style=\"padding-left: 40px;\">\u0110\u1ed9 d\u00e0y (B):\u00a027 mm<\/div>\n<div class=\"item col-md-6 col-sm-6 col-xs-6\" style=\"padding-left: 40px;\">Th\u01b0\u01a1ng hi\u1ec7u:\u00a0SKF<\/div>\n<div class=\"item col-md-6 col-sm-6 col-xs-6\" style=\"padding-left: 40px;\">T\u00ecnh tr\u1ea1ng:\u00a0M\u1edbi 100%<\/div>\n<div class=\"item col-md-6 col-sm-6 col-xs-6\" style=\"padding-left: 40px;\">B\u1ea3o h\u00e0nh:\u00a012 th\u00e1ng<\/div>\n<div class=\"item col-md-6 col-sm-6 col-xs-6\" style=\"padding-left: 40px;\">Tr\u1ea1ng th\u00e1i:\u00a0C\u00f2n h\u00e0ng<\/div>\n<div class=\"item col-md-6 col-sm-6 col-xs-6\" style=\"padding-left: 40px;\">Giao h\u00e0ng:\u00a0To\u00e0n Qu\u1ed1c<\/div>\n<div class=\"item col-md-6 col-sm-6 col-xs-6\" style=\"padding-left: 40px;\">H\u1ed7 tr\u1ee3 k\u1ef9 thu\u1eadt:\u00a024\/7<\/div>\n<\/div>\n<div><\/div>\n<div style=\"text-align: left;\"><a href=\"https:\/\/restekequipment.com\/wp-content\/uploads\/2021\/05\/VoNG-BI-3207-ATN9-SKF.jpg\"><img class=\"alignnone size-medium wp-image-2232\" alt=\"\" \/><\/a><img loading=\"lazy\" decoding=\"async\" class=\"alignnone size-medium\" src=\"https:\/\/restekequipment.com\/wp-content\/uploads\/2021\/05\/VoNG-BI-3207-ATN9-SKF.jpg\" width=\"640\" height=\"480\" \/><\/div>\n<div>\n<div><\/div>\n<div style=\"text-align: left;\"><strong>V\u00f2ng bi 3207 ATN9 SKF<\/strong> &#8211; V\u00f2ng bi b\u1ea1c \u0111\u1ea1n \u0111\u1ee1 ch\u1eb7n 2 d\u00e3y SKF ch\u00ednh h\u00e3ng<\/div>\n<div style=\"text-align: left;\">V\u00f2ng bi \u0111\u1ee1 ch\u1eb7n SKF (Angular contact ball bearings) \u0111\u01b0\u1ee3c thi\u1ebft k\u1ebf v\u1edbi r\u00e3nh l\u0103n c\u1ee7a v\u00f2ng trong v\u00e0 v\u00f2ng ngo\u00e0i c\u00f3 th\u1ec3 d\u1ecbch chuy\u1ec3n t\u01b0\u01a1ng \u0111\u1ed1i v\u1edbi nhau theo ph\u01b0\u01a1ng d\u1ecdc tr\u1ee5c. Thi\u1ebft k\u1ebf n\u00e0y ph\u00f9 h\u1ee3p cho c\u00e1c \u1ed5 l\u0103n ch\u1ecbu t\u1ea3i tr\u1ecdng h\u1ed7n h\u1ee3p (ngh\u0129a l\u00e0 c\u00e1c \u1ed5 l\u0103n ch\u1ecbu \u0111\u1ed3ng th\u1eddi t\u1ea3i tr\u1ecdng h\u01b0\u1edbng k\u00ednh v\u00e0 t\u1ea3i tr\u1ecdng d\u1ecdc tr\u1ee5c).<\/div>\n<div style=\"text-align: left;\"><\/div>\n<div style=\"text-align: left;\">V\u00f2ng bi V\u00f2ng bi 3207 ATN9 thu\u1ed9c ch\u1ee7ng lo\u1ea1i v\u00f2ng bi \u0111\u1ee1 ch\u1eb7n hai d\u00e3y, c\u00f3 tu\u1ed5i th\u1ecd b\u1ec1n b\u1ec9 v\u00e0 kh\u1ea3 n\u0103ng l\u00e0m vi\u1ec7c trong \u0111i\u1ec1u ki\u1ec7n v\u1eadn h\u00e0nh cao. V\u00f2ng bi SKF 3205 \u0111\u01b0\u1ee3c ng\u01b0\u1eddi ti\u00eau d\u00f9ng tr\u00ean to\u00e0n th\u1ebf gi\u1edbi tin t\u01b0\u1edfng v\u1ec1 ch\u1ea5t l\u01b0\u1ee3ng v\u00e0 kh\u1ea3 n\u0103ng v\u1eadn h\u00e0nh.<\/div>\n<div style=\"text-align: left;\"><\/div>\n<div style=\"text-align: left;\">Th\u00f4ng s\u1ed1 k\u1ef9 thu\u1eadt v\u00f2ng bi b\u1ea1c \u0111\u1ea1n V\u00f2ng bi 3207 ATN9<\/div>\n<div style=\"text-align: left;\">d= 35mm<\/div>\n<div style=\"text-align: left;\">D= 72mm<\/div>\n<div style=\"text-align: left;\">B= 27mm\u200b<\/div>\n<div style=\"text-align: left;\"><\/div>\n<div style=\"text-align: left;\"><strong>Mua v\u00f2ng bi b\u1ea1c \u0111\u1ea1n SKF &#8211; V\u00f2ng bi 3207 ATN9 ch\u00ednh h\u00e3ng \u1edf \u0111\u00e2u uy t\u00edn?<\/strong><br \/>\nLi\u00ean h\u1ec7 v\u1edbi <span class=\"has-inline-color has-vivid-cyan-blue-color\">C\u00d4NG TY TNHH THI\u1ebeT B\u1eca K\u1ef8 THU\u1eacT RESTEK<\/span>\u00a0\u0111\u1ecba ch\u1ec9 t\u1ea1i 26 &#8211; L\u00f4 G8- \u0111\u01b0\u1eddng N12-LH &#8211; T\u1ed5 7 &#8211; K.P \u0110\u1ed3ng S\u1ed5 &#8211; T.T Lai Uy\u00ean, Huy\u1ec7n B\u00e0u B\u00e0ng, T\u1ec9nh B\u00ecnh D\u01b0\u01a1ng thu\u1ed9c khu c\u00f4ng nghi\u1ec7p B\u00e0u B\u00e0ng B\u00ecnh Ph\u01b0\u1edbc<\/div>\n<div style=\"text-align: left;\"><\/div>\n<\/div>\n<\/div>\n","protected":false},"excerpt":{"rendered":"<div><strong>V\u00f2ng bi 3207 ATN9 SKF<\/strong> &#8211; V\u00f2ng bi b\u1ea1c \u0111\u1ea1n \u0111\u1ee1 ch\u1eb7n 2 d\u00e3y SKF ch\u00ednh h\u00e3ng<\/div>\n<div>V\u00f2ng bi \u0111\u1ee1 ch\u1eb7n SKF (Angular contact ball bearings) \u0111\u01b0\u1ee3c thi\u1ebft k\u1ebf v\u1edbi r\u00e3nh l\u0103n c\u1ee7a v\u00f2ng trong v\u00e0 v\u00f2ng ngo\u00e0i c\u00f3 th\u1ec3 d\u1ecbch chuy\u1ec3n t\u01b0\u01a1ng \u0111\u1ed1i v\u1edbi nhau theo ph\u01b0\u01a1ng d\u1ecdc tr\u1ee5c. Thi\u1ebft k\u1ebf n\u00e0y ph\u00f9 h\u1ee3p cho c\u00e1c \u1ed5 l\u0103n ch\u1ecbu t\u1ea3i tr\u1ecdng h\u1ed7n h\u1ee3p (ngh\u0129a l\u00e0 c\u00e1c \u1ed5 l\u0103n ch\u1ecbu \u0111\u1ed3ng th\u1eddi t\u1ea3i tr\u1ecdng h\u01b0\u1edbng k\u00ednh v\u00e0 t\u1ea3i tr\u1ecdng d\u1ecdc tr\u1ee5c).<\/div>\n","protected":false},"featured_media":1952,"comment_status":"open","ping_status":"closed","template":"","meta":[],"product_brand":[],"product_cat":[302],"product_tag":[],"class_list":{"0":"post-2222","1":"product","2":"type-product","3":"status-publish","4":"has-post-thumbnail","6":"product_cat-vong-bi-do-chan","7":"pa_nha-san-xuat-skf","9":"first","10":"instock","11":"shipping-taxable","12":"product-type-simple"},"_links":{"self":[{"href":"https:\/\/restekequipment.com\/index.php?rest_route=\/wp\/v2\/product\/2222","targetHints":{"allow":["GET"]}}],"collection":[{"href":"https:\/\/restekequipment.com\/index.php?rest_route=\/wp\/v2\/product"}],"about":[{"href":"https:\/\/restekequipment.com\/index.php?rest_route=\/wp\/v2\/types\/product"}],"replies":[{"embeddable":true,"href":"https:\/\/restekequipment.com\/index.php?rest_route=%2Fwp%2Fv2%2Fcomments&post=2222"}],"wp:featuredmedia":[{"embeddable":true,"href":"https:\/\/restekequipment.com\/index.php?rest_route=\/wp\/v2\/media\/1952"}],"wp:attachment":[{"href":"https:\/\/restekequipment.com\/index.php?rest_route=%2Fwp%2Fv2%2Fmedia&parent=2222"}],"wp:term":[{"taxonomy":"product_brand","embeddable":true,"href":"https:\/\/restekequipment.com\/index.php?rest_route=%2Fwp%2Fv2%2Fproduct_brand&post=2222"},{"taxonomy":"product_cat","embeddable":true,"href":"https:\/\/restekequipment.com\/index.php?rest_route=%2Fwp%2Fv2%2Fproduct_cat&post=2222"},{"taxonomy":"product_tag","embeddable":true,"href":"https:\/\/restekequipment.com\/index.php?rest_route=%2Fwp%2Fv2%2Fproduct_tag&post=2222"}],"curies":[{"name":"wp","href":"https:\/\/api.w.org\/{rel}","templated":true}]}}