{"id":2152,"date":"2021-05-07T15:25:59","date_gmt":"2021-05-07T08:25:59","guid":{"rendered":"https:\/\/restekequipment.com\/?post_type=product&#038;p=2152"},"modified":"2021-05-07T15:27:19","modified_gmt":"2021-05-07T08:27:19","slug":"bang-tai-pvc","status":"publish","type":"product","link":"https:\/\/restekequipment.com\/?product=bang-tai-pvc","title":{"rendered":"B\u0102NG T\u1ea2I PVC"},"content":{"rendered":"<div class=\"ct-tit\">\n<h2><span style=\"font-size: 14.4px;\">Chuy\u00ean cung c\u1ea5p b\u0103ng t\u1ea3i PVC c\u00e1c lo\u1ea1i: <\/span><span style=\"font-size: 14.4px;\">B\u0103ng t\u1ea3i nghi\u00eang &#8211; B\u0103ng t\u1ea3i cong &#8211; B\u0103ng t\u1ea3i c\u1ea5p li\u1ec7u &#8211; B\u0103ng t\u1ea3i indate &#8211; B\u0103ng t\u1ea3i khung nh\u00f4m &#8211; B\u0103ng t\u1ea3i c\u00f3 b\u00e0n thao t\u00e1c &#8211; B\u0103ng t\u1ea3i ngang<\/span><\/h2>\n<h4><u><strong>C\u00e1c lo\u1ea1i b\u0103ng t\u1ea3i PVC<\/strong><\/u><\/h4>\n<div class=\"entry-content\">\n<p>M\u00e0u s\u1eafc\u00a0: xanh, tr\u1eafng, \u0111en<br \/>\n\u0110\u1ed9 d\u00e0y\u00a0: 2mm ~ 6mm<br \/>\nC\u00e1c l\u1edbp\u00a0: t\u1eeb 2 l\u1edbp ~ 4 l\u1edbp T\u00f9y theo c\u1ea5u t\u1ea1o c\u1ee7a t\u1eebng lo\u1ea1i d\u00e2y PVC m\u00e0 ch\u00fang ta c\u00f3 th\u1ec3 l\u1ef1a ch\u1ecdn th\u00edch h\u1ee3p.<\/p>\n<\/div>\n<\/div>\n","protected":false},"excerpt":{"rendered":"<h2><span style=\"font-size: 14.4px;\">Chuy\u00ean cung c\u1ea5p b\u0103ng t\u1ea3i PVC c\u00e1c lo\u1ea1i: <\/span><span style=\"font-size: 14.4px;\">B\u0103ng t\u1ea3i nghi\u00eang &#8211; B\u0103ng t\u1ea3i cong &#8211; B\u0103ng t\u1ea3i c\u1ea5p li\u1ec7u &#8211; B\u0103ng t\u1ea3i indate &#8211; B\u0103ng t\u1ea3i khung nh\u00f4m &#8211; B\u0103ng t\u1ea3i c\u00f3 b\u00e0n thao t\u00e1c &#8211; B\u0103ng t\u1ea3i ngang<\/span><\/h2>\n<h4><u><strong>C\u00e1c lo\u1ea1i b\u0103ng t\u1ea3i PVC<\/strong><\/u><\/h4>\n<div class=\"entry-content\">\n<p>M\u00e0u s\u1eafc\u00a0: xanh, tr\u1eafng, \u0111en<br \/>\n\u0110\u1ed9 d\u00e0y\u00a0: 2mm ~ 6mm<br \/>\nC\u00e1c l\u1edbp\u00a0: t\u1eeb 2 l\u1edbp ~ 4 l\u1edbp T\u00f9y theo c\u1ea5u t\u1ea1o c\u1ee7a t\u1eebng lo\u1ea1i d\u00e2y PVC m\u00e0 ch\u00fang ta c\u00f3 th\u1ec3 l\u1ef1a ch\u1ecdn th\u00edch h\u1ee3p.<\/p>\n<\/div>\n","protected":false},"featured_media":2153,"comment_status":"open","ping_status":"closed","template":"","meta":[],"product_brand":[],"product_cat":[418],"product_tag":[],"class_list":{"0":"post-2152","1":"product","2":"type-product","3":"status-publish","4":"has-post-thumbnail","6":"product_cat-bang-tai","7":"pa_nha-san-xuat-esbelt","8":"pa_nha-san-xuat-habasit","10":"first","11":"instock","12":"shipping-taxable","13":"product-type-simple"},"_links":{"self":[{"href":"https:\/\/restekequipment.com\/index.php?rest_route=\/wp\/v2\/product\/2152","targetHints":{"allow":["GET"]}}],"collection":[{"href":"https:\/\/restekequipment.com\/index.php?rest_route=\/wp\/v2\/product"}],"about":[{"href":"https:\/\/restekequipment.com\/index.php?rest_route=\/wp\/v2\/types\/product"}],"replies":[{"embeddable":true,"href":"https:\/\/restekequipment.com\/index.php?rest_route=%2Fwp%2Fv2%2Fcomments&post=2152"}],"wp:featuredmedia":[{"embeddable":true,"href":"https:\/\/restekequipment.com\/index.php?rest_route=\/wp\/v2\/media\/2153"}],"wp:attachment":[{"href":"https:\/\/restekequipment.com\/index.php?rest_route=%2Fwp%2Fv2%2Fmedia&parent=2152"}],"wp:term":[{"taxonomy":"product_brand","embeddable":true,"href":"https:\/\/restekequipment.com\/index.php?rest_route=%2Fwp%2Fv2%2Fproduct_brand&post=2152"},{"taxonomy":"product_cat","embeddable":true,"href":"https:\/\/restekequipment.com\/index.php?rest_route=%2Fwp%2Fv2%2Fproduct_cat&post=2152"},{"taxonomy":"product_tag","embeddable":true,"href":"https:\/\/restekequipment.com\/index.php?rest_route=%2Fwp%2Fv2%2Fproduct_tag&post=2152"}],"curies":[{"name":"wp","href":"https:\/\/api.w.org\/{rel}","templated":true}]}}