{"id":4621,"date":"2025-08-14T14:36:23","date_gmt":"2025-08-14T07:36:23","guid":{"rendered":"https:\/\/restekequipment.com\/?page_id=4621"},"modified":"2025-08-14T14:42:13","modified_gmt":"2025-08-14T07:42:13","slug":"gioi-thieu2","status":"publish","type":"page","link":"https:\/\/restekequipment.com\/?page_id=4621","title":{"rendered":"Gi\u1edbi thi\u1ec7u2"},"content":{"rendered":"  <div id=\"page-header-2080612775\" class=\"page-header-wrapper\">\n  <div class=\"page-title dark featured-title\">\n\n        <div class=\"page-title-bg\">\n      <div class=\"title-bg fill bg-fill\"\n        data-parallax-container=\".page-title\"\n        data-parallax-background\n        data-parallax=\"-\">\n      <\/div>\n      <div class=\"title-overlay fill\"><\/div>\n    <\/div>\n    \n    <div class=\"page-title-inner container align-center flex-row medium-flex-wrap\" >\n              <div class=\"title-wrapper flex-col text-left medium-text-center\">\n          <h1 class=\"entry-title mb-0\">\n            Gi\u1edbi thi\u1ec7u2          <\/h1>\n        <\/div>\n                    <div class=\"title-content flex-col flex-right text-right medium-text-center\">\n        <div class=\"title-breadcrumbs pb-half pt-half\"><nav class=\"woocommerce-breadcrumb breadcrumbs uppercase\">Trang ch\u1ee7<\/nav><\/div>      <\/div>\n    <\/div>\n\n     \n<style>\n#page-header-2080612775 .title-bg {\n  background-image: url(https:\/\/restekequipment.com\/wp-content\/uploads\/2021\/05\/cropped-logo-restek-khong-ten.jpg);\n}\n<\/style>\n  <\/div>\n    <\/div>\n  \n<p>&nbsp;<\/p>\n<p>&nbsp;<\/p>\n<p>&nbsp;<\/p>\n<h1>Gi\u1edbi Thi\u1ec7u V\u1ec1 C\u00f4ng Ty TNHH Thi\u1ebft B\u1ecb K\u1ef9 Thu\u1eadt RESTEK<\/h1>\n<p>K\u00ednh g\u1eedi Qu\u00fd kh\u00e1ch h\u00e0ng v\u00e0 \u0111\u1ed1i t\u00e1c,<\/p>\n<p>Ch\u00fang t\u00f4i, <strong>C\u00f4ng Ty TNHH Thi\u1ebft B\u1ecb K\u1ef9 Thu\u1eadt RESTEK<\/strong>, xin g\u1eedi \u0111\u1ebfn Qu\u00fd v\u1ecb l\u1eddi ch\u00e0o th\u00e2n \u00e1i v\u00e0 ch\u00fac s\u1ee9c kh\u1ecfe, th\u1ecbnh v\u01b0\u1ee3ng!<\/p>\n<p><strong>RESTEK EQUIPMENT TECHNICAL CO.,LTD<\/strong> l\u00e0 c\u00f4ng ty chuy\u00ean cung c\u1ea5p v\u1eadt t\u01b0 v\u00e0 thi\u1ebft b\u1ecb trong l\u0129nh v\u1ef1c c\u01a1 \u2013 \u0111i\u1ec7n \u2013 t\u1ef1 \u0111\u1ed9ng h\u00f3a c\u00f4ng nghi\u1ec7p. Ch\u00fang t\u00f4i ho\u1ea1t \u0111\u1ed9ng ch\u1ee7 y\u1ebfu t\u1ea1i KCN B\u00e0u B\u00e0ng, B\u00ecnh Ph\u01b0\u1edbc v\u00e0 M\u1ef9 Ph\u01b0\u1edbc 3, B\u00ecnh D\u01b0\u01a1ng. Ngo\u00e0i vi\u1ec7c cung c\u1ea5p s\u1ea3n ph\u1ea9m ch\u00ednh h\u00e3ng, ch\u00fang t\u00f4i c\u00f2n cung c\u1ea5p d\u1ecbch v\u1ee5 k\u1ef9 thu\u1eadt chuy\u00ean nghi\u1ec7p, bao g\u1ed3m s\u1eeda ch\u1eefa, c\u1ea3i ti\u1ebfn v\u00e0 l\u1eafp \u0111\u1eb7t m\u00e1y m\u00f3c, h\u1ec7 th\u1ed1ng d\u00e2y chuy\u1ec1n s\u1ea3n xu\u1ea5t.<\/p>\n<h2>\u00dd Ngh\u0129a T\u00ean C\u00f4ng Ty RESTEK:<\/h2>\n<p><strong>Real \u2013 Engineering \u2013 Solution \u2013 Technology<\/strong> (Gi\u1ea3i ph\u00e1p k\u1ef9 thu\u1eadt c\u00f4ng ngh\u1ec7 thi\u1ebft th\u1ef1c)<\/p>\n<p>V\u1edbi ti\u00eau ch\u00ed tr\u00ean, <strong>C\u00f4ng Ty TNHH Thi\u1ebft B\u1ecb K\u1ef9 Thu\u1eadt RESTEK<\/strong> lu\u00f4n cam k\u1ebft cung c\u1ea5p thi\u1ebft b\u1ecb v\u00e0 d\u1ecbch v\u1ee5 k\u1ef9 thu\u1eadt ch\u00ednh x\u00e1c, \u0111\u00e1p \u1ee9ng y\u00eau c\u1ea7u th\u1ef1c ti\u1ec5n c\u1ee7a qu\u00fd kh\u00e1ch h\u00e0ng, nh\u1eb1m mang l\u1ea1i s\u1ef1 h\u00e0i l\u00f2ng v\u00e0 an t\u00e2m khi s\u1eed d\u1ee5ng s\u1ea3n ph\u1ea9m v\u00e0 d\u1ecbch v\u1ee5 c\u1ee7a ch\u00fang t\u00f4i. S\u1ef1 h\u00e0i l\u00f2ng v\u00e0 th\u00e0nh c\u00f4ng c\u1ee7a kh\u00e1ch h\u00e0ng l\u00e0 \u01b0u ti\u00ean h\u00e0ng \u0111\u1ea7u c\u1ee7a ch\u00fang t\u00f4i.<\/p>\n<h2>S\u1ea3n Ph\u1ea9m Ch\u1ee7 Y\u1ebfu C\u1ee7a Ch\u00fang T\u00f4i Bao G\u1ed3m:<\/h2>\n<h3>I. Thi\u1ebft B\u1ecb C\u01a1 (Mechanical Equipment Parts)<\/h3>\n<ul>\n<li>V\u00f2ng bi c\u00f4ng nghi\u1ec7p: SKF, NSK, FAG, ASAHI, NACHI, KOYO, IKO.<\/li>\n<li>H\u1ed9p gi\u1ea3m t\u1ed1c (Reducer): ABM, CHENTA, DOLIN, SEW, GUOMAO.<\/li>\n<li>\u0110\u1ed9ng c\u01a1 (Motor): BMG, ABB, TECO, SIEMENS.<\/li>\n<li>B\u01a1m n\u01b0\u1edbc \u2013 h\u00f3a ch\u1ea5t: GRUNDFOS, FENTAX, TECO, EBARA, WIDEN, HUSKY, ARO.<\/li>\n<li>B\u01a1m d\u1ea7u \u2013 h\u00f3a ch\u1ea5t: MAGRUS, SEEMSAN, VIKING, VARISCO.<\/li>\n<li>Kh\u1edbp n\u1ed1i tr\u1ee5c (Shaft Coupling): KANA, KCP, TSUBAKI, NBK, MIKKI PULLEY, YUNIKA.<\/li>\n<li>X\u00edch t\u1ea3i con l\u0103n (Roller Chain): KANA, TSUBAKI, EK, D.I.D.<\/li>\n<li>M\u00e1ng c\u00e1p \u0111i\u1ec7n (Flexible Cable Tray Chain).<\/li>\n<li>B\u0103ng t\u1ea3i (Belt Conveyor): HABASIT, ESBELT.<\/li>\n<li>D\u00e2y curoa (Timing Belt \u2013 V-Belt): MITSUBOSHI, GATES, BANDO, OPTIBELT.<\/li>\n<li>Thi\u1ebft b\u1ecb kh\u00ed n\u00e9n (Pneumatic Equipment Parts): SMC, FESTO, AIRTAC, STNC.<\/li>\n<li>Thi\u1ebft b\u1ecb th\u1ee7y l\u1ef1c (Hydraulic Equipment Parts): PARKER, YUKEN, ALFAGOMMA, MANULI, REXROTH, MP FILTRI, DONALDSON, HYDAC, WIKA, WISE.<\/li>\n<li>C\u00e1c lo\u1ea1i: OIL SEAL, ROD SEAL, PISTON SEAL, MECHANICAL SEAL, O-RING, GASKET.<\/li>\n<li>Van tay \u0111\u00f3ng m\u1edf (Manual Valve): VAN C\u1ea6U, VAN C\u1eecA, VAN B\u01af\u1edaM, VAN BI, VAN 1 CHI\u1ec0U, R\u1ecc B\u01a0M CH\u00ccM, Y L\u1eccC, B\u1eaaY H\u01a0I, VAN PHAO.<\/li>\n<li>Thi\u1ebft b\u1ecb \u0111o l\u01b0\u1eddng (Measuring Device): Thi\u1ebft b\u1ecb \u0111o \u0111i\u1ec7n t\u1eed, thi\u1ebft b\u1ecb \u0111o c\u01a1 kh\u00ed.<\/li>\n<li>C\u00f4ng c\u1ee5 s\u1eeda ch\u1eefa v\u00e0 v\u1eadt t\u01b0 ph\u1ee5 tr\u1ee3 (Tools \u2013 Auxiliary Parts): D\u1ee5ng c\u1ee5 tay, d\u1ee5ng c\u1ee5 kh\u00ed n\u00e9n, d\u1ee5ng c\u1ee5 \u0111i\u1ec7n.<\/li>\n<\/ul>\n<h3>II. Thi\u1ebft B\u1ecb \u0110i\u1ec7n (Electronic Equipment Parts)<\/h3>\n<ul>\n<li>Thi\u1ebft b\u1ecb \u0111\u00f3ng c\u1eaft (Switchgear): ABB, SCHNEIDER, OMRON, MITSUBISHI, SIEMENS.<\/li>\n<li>C\u1ea3m bi\u1ebfn (Sensor): SCHNEIDER, OMRON.<\/li>\n<li>B\u1ed9 c\u1ea5p ngu\u1ed3n (Power Source): ABB, SCHNEIDER, OMRON, SIEMENS.<\/li>\n<li>Bi\u1ebfn t\u1ea7n (Inverter): ABB, SCHNEIDER, OMRON, MITSUBISHI, SIEMENS, ALLEN BRADLEY.<\/li>\n<li>M\u00e0n h\u00ecnh HMI (Display Control Panel HMI): OMRON, MITSUBISHI, SIEMENS, ALLEN BRADLEY.<\/li>\n<\/ul>\n<h3>III. D\u1ecbch V\u1ee5 K\u1ef9 Thu\u1eadt \u0110i\u1ec7n<\/h3>\n<ul>\n<li>S\u1eeda ch\u1eefa, b\u1ea3o tr\u00ec v\u00e0 kh\u1eafc ph\u1ee5c s\u1ef1 c\u1ed1 nh\u00e0 m\u00e1y: Chuy\u00ean s\u1eeda ch\u1eefa l\u1eadp tr\u00ecnh PLC, kh\u1eafc ph\u1ee5c s\u1ef1 c\u1ed1 cho h\u1ec7 th\u1ed1ng s\u1ea3n xu\u1ea5t, t\u1ef1 \u0111\u1ed9ng h\u00f3a.<\/li>\n<li>Thi\u1ebft k\u1ebf t\u1ee7 \u0111i\u1ec7n v\u00e0 n\u00e2ng c\u1ea5p h\u1ec7 th\u1ed1ng t\u1ef1 \u0111\u1ed9ng: Chuy\u00ean thi\u1ebft k\u1ebf, thi c\u00f4ng t\u1ee7 \u0111i\u1ec7n \u0111i\u1ec1u khi\u1ec3n t\u1ef1 \u0111\u1ed9ng, n\u00e2ng c\u1ea5p s\u1eeda ch\u1eefa h\u1ec7 th\u1ed1ng \u0111i\u1ec7n, h\u1ec7 th\u1ed1ng \u0111i\u1ec1u khi\u1ec3n PLC.<\/li>\n<\/ul>\n<h3>IV. D\u1ecbch V\u1ee5 K\u1ef9 Thu\u1eadt C\u01a1 Kh\u00ed S\u1eeda Ch\u1eefa \u2013 L\u1eafp \u0110\u1eb7t<\/h3>\n<ul>\n<li>S\u1eeda ch\u1eefa m\u00e1y m\u00f3c c\u00f4ng nghi\u1ec7p: S\u1eeda ch\u1eefa m\u00e1y m\u00f3c thi\u1ebft b\u1ecb c\u00f4ng nghi\u1ec7p, s\u1eeda ch\u1eefa \u2013 c\u1ea3i ti\u1ebfn d\u00e2y chuy\u1ec1n s\u1ea3n xu\u1ea5t.<\/li>\n<li>B\u1ea3o tr\u00ec c\u00f4ng nghi\u1ec7p: S\u01a1n m\u00e1y m\u00f3c \u2013 thi\u1ebft b\u1ecb c\u00f4ng nghi\u1ec7p, b\u1ea3o tr\u00ec m\u00e1y m\u00f3c \u2013 d\u00e2y chuy\u1ec1n s\u1ea3n xu\u1ea5t.<\/li>\n<li>V\u1eadn chuy\u1ec3n l\u1eafp \u0111\u1eb7t m\u00e1y: L\u1eafp \u0111\u1eb7t m\u00e1y \u2013 d\u00e2y chuy\u1ec1n s\u1ea3n xu\u1ea5t, v\u1eadn chuy\u1ec3n m\u00e1y m\u00f3c \u2013 nh\u00e0 x\u01b0\u1edfng.<\/li>\n<li>Thi\u1ebft k\u1ebf \u2013 thi c\u00f4ng \u0111\u01b0\u1eddng \u1ed1ng: L\u1eafp \u0111\u1eb7t \u0111\u01b0\u1eddng \u1ed1ng c\u00f4ng nghi\u1ec7p, l\u1eafp \u0111\u1eb7t \u0111\u01b0\u1eddng \u1ed1ng h\u00f3a ch\u1ea5t.<\/li>\n<li>Gia c\u00f4ng \u2013 ch\u1ebf t\u1ea1o c\u01a1 kh\u00ed: Gia c\u00f4ng c\u01a1 kh\u00ed, ch\u1ebf t\u1ea1o k\u1ebft c\u1ea5u th\u00e9p.<\/li>\n<\/ul>\n<h2>Ph\u01b0\u01a1ng Ch\u00e2m Ho\u1ea1t \u0110\u1ed9ng<\/h2>\n<p>V\u1edbi ph\u01b0\u01a1ng ch\u00e2m lu\u00f4n h\u01b0\u1edbng v\u1ec1 l\u1ee3i \u00edch c\u1ee7a kh\u00e1ch h\u00e0ng, c\u00f9ng \u0111\u1ed9i ng\u0169 nh\u00e2n vi\u00ean nhi\u1ec7t t\u00e2m, n\u0103ng \u0111\u1ed9ng v\u00e0 c\u00f3 tinh th\u1ea7n tr\u00e1ch nhi\u1ec7m cao, ch\u00fang t\u00f4i cam k\u1ebft mang \u0111\u1ebfn:<\/p>\n<ul>\n<li>S\u1ef1 tin c\u1eady v\u1ec1 ch\u1ea5t l\u01b0\u1ee3ng s\u1ea3n ph\u1ea9m.<\/li>\n<li>S\u1ef1 \u1ed5n \u0111\u1ecbnh v\u00e0 h\u1ee3p l\u00fd v\u1ec1 gi\u00e1 c\u1ea3.<\/li>\n<li>S\u1ef1 y\u00ean t\u00e2m v\u1ec1 t\u01b0 v\u1ea5n k\u1ef9 thu\u1eadt, kh\u1ea3o s\u00e1t, ch\u1ecdn l\u1ef1a v\u00e0 chuy\u1ec3n \u0111\u1ed5i.<\/li>\n<li>S\u1ef1 h\u00e0i l\u00f2ng v\u1ec1 d\u1ecbch v\u1ee5 b\u00e1n h\u00e0ng v\u00e0 d\u1ecbch v\u1ee5 h\u1eadu m\u00e3i.<\/li>\n<\/ul>\n<p><strong>C\u00f4ng Ty TNHH Thi\u1ebft B\u1ecb K\u1ef9 Thu\u1eadt RESTEK mong mu\u1ed1n nh\u1eadn \u0111\u01b0\u1ee3c s\u1ef1 quan t\u00e2m v\u00e0 h\u1ee3p t\u00e1c ch\u00e2n th\u00e0nh t\u1eeb Qu\u00fd kh\u00e1ch h\u00e0ng.<\/strong><\/p>\n<p><strong>Ch\u00e2n th\u00e0nh c\u1ea3m \u01a1n v\u00e0 tr\u00e2n tr\u1ecdng k\u00ednh ch\u00e0o!<\/strong><\/p>\n<p><strong>NGH\u0128 \u0110\u1ebeN AN TO\u00c0N \u2013 NGH\u0128 \u0110\u1ebeN CH\u1ea4T L\u01af\u1ee2NG, H\u00c3Y NGH\u0128 \u0110\u1ebeN RESTEK EQUIPMENT TECHNICAL CO.,LTD<\/strong><\/p>\n<div class=\"contact-info\">\n<p><strong>\u0110\u1ecba ch\u1ec9: Na2, Kp3, Ph\u01b0\u1eddng Th\u1edbi H\u00f2a, Th\u00e0nh Ph\u1ed1 B\u1ebfn C\u00e1t, B\u00ecnh D\u01b0\u01a1ng<\/strong><\/p>\n<p><span style=\"font-size: 120%;\"><strong>Hotline: 0708.979.686 (Mr KHOA)<\/strong><\/span><\/p>\n<p><strong>Email: <a href=\"mailto:restek.equipment@gmail.com\">restek.equipment@gmail.com<\/a><\/strong><\/p>\n<p><strong>Website: <a href=\"http:\/\/restekequipment.com\" target=\"_blank\" rel=\"noopener\">restekequipment.com<\/a><\/strong><\/p>\n<\/div>\n","protected":false},"excerpt":{"rendered":"<p>&nbsp; &nbsp; &nbsp; Gi\u1edbi Thi\u1ec7u V\u1ec1 C\u00f4ng Ty TNHH Thi\u1ebft B\u1ecb K\u1ef9 Thu\u1eadt RESTEK K\u00ednh g\u1eedi Qu\u00fd kh\u00e1ch h\u00e0ng v\u00e0 \u0111\u1ed1i t\u00e1c, Ch\u00fang t\u00f4i, C\u00f4ng Ty TNHH Thi\u1ebft B\u1ecb K\u1ef9 Thu\u1eadt RESTEK, xin g\u1eedi \u0111\u1ebfn Qu\u00fd v\u1ecb l\u1eddi ch\u00e0o th\u00e2n \u00e1i v\u00e0 ch\u00fac s\u1ee9c kh\u1ecfe, th\u1ecbnh v\u01b0\u1ee3ng! RESTEK EQUIPMENT TECHNICAL CO.,LTD l\u00e0 c\u00f4ng ty chuy\u00ean [&#8230;]\n","protected":false},"author":1,"featured_media":0,"parent":0,"menu_order":0,"comment_status":"closed","ping_status":"closed","template":"","meta":{"footnotes":""},"class_list":["post-4621","page","type-page","status-publish","hentry"],"_links":{"self":[{"href":"https:\/\/restekequipment.com\/index.php?rest_route=\/wp\/v2\/pages\/4621","targetHints":{"allow":["GET"]}}],"collection":[{"href":"https:\/\/restekequipment.com\/index.php?rest_route=\/wp\/v2\/pages"}],"about":[{"href":"https:\/\/restekequipment.com\/index.php?rest_route=\/wp\/v2\/types\/page"}],"author":[{"embeddable":true,"href":"https:\/\/restekequipment.com\/index.php?rest_route=\/wp\/v2\/users\/1"}],"replies":[{"embeddable":true,"href":"https:\/\/restekequipment.com\/index.php?rest_route=%2Fwp%2Fv2%2Fcomments&post=4621"}],"version-history":[{"count":5,"href":"https:\/\/restekequipment.com\/index.php?rest_route=\/wp\/v2\/pages\/4621\/revisions"}],"predecessor-version":[{"id":4629,"href":"https:\/\/restekequipment.com\/index.php?rest_route=\/wp\/v2\/pages\/4621\/revisions\/4629"}],"wp:attachment":[{"href":"https:\/\/restekequipment.com\/index.php?rest_route=%2Fwp%2Fv2%2Fmedia&parent=4621"}],"curies":[{"name":"wp","href":"https:\/\/api.w.org\/{rel}","templated":true}]}}