{"id":4165,"date":"2025-05-19T09:32:06","date_gmt":"2025-05-19T02:32:06","guid":{"rendered":"https:\/\/restekequipment.com\/?page_id=4165"},"modified":"2025-08-18T10:39:51","modified_gmt":"2025-08-18T03:39:51","slug":"du-an","status":"publish","type":"page","link":"https:\/\/restekequipment.com\/?page_id=4165","title":{"rendered":"D\u1ef1 \u00e1n"},"content":{"rendered":"\t<section class=\"section\" id=\"section_1903572155\">\n\t\t<div class=\"bg section-bg fill bg-fill  bg-loaded\" >\n\n\t\t\t\n\t\t\t\n\t\t\t\n\n\t\t<\/div>\n\n\t\t\n\n\t\t<div class=\"section-content relative\">\n\t\t\t\n<div class=\"row\"  id=\"row-864864071\">\n\n\t<div id=\"col-1891513432\" class=\"col medium-3 small-12 large-3\"  >\n\t\t\t\t<div class=\"col-inner\"  >\n\t\t\t\n\t\t\t\n<ul class=\"sidebar-wrapper ul-reset widgets-boxed\"><\/ul>\n\t\t<\/div>\n\t\t\t\t\t<\/div>\n\n\t\n\n\t<div id=\"col-25593276\" class=\"col medium-9 small-12 large-9\"  >\n\t\t\t\t<div class=\"col-inner\"  >\n\t\t\t\n\t\t\t\n\n  \n    <div class=\"row large-columns-2 medium-columns-1 small-columns-1 row-small has-shadow row-box-shadow-3 row-box-shadow-3-hover\">\n  <div class=\"col post-item\" data-animate=\"blurIn\">\n\t\t\t<div class=\"col-inner\">\n\t\t\t<a href=\"https:\/\/restekequipment.com\/?p=4635\" class=\"plain\">\n\t\t\t\t<div class=\"box box-push box-text-bottom box-blog-post has-hover\">\n            \t\t\t\t\t<div class=\"box-image\" >\n  \t\t\t\t\t\t<div class=\"image-zoom image-glow image-cover\" style=\"padding-top:75%;\">\n  \t\t\t\t\t\t\t<img loading=\"lazy\" decoding=\"async\" width=\"227\" height=\"222\" src=\"https:\/\/restekequipment.com\/wp-content\/uploads\/2025\/08\/Logo-Emivest-feed-mill.jpeg\" class=\"attachment-original size-original wp-post-image\" alt=\"\" \/>  \t\t\t\t\t\t\t  \t\t\t\t\t\t\t  \t\t\t\t\t\t<\/div>\n  \t\t\t\t\t\t  \t\t\t\t\t<\/div>\n          \t\t\t\t\t<div class=\"box-text text-center\" >\n\t\t\t\t\t<div class=\"box-text-inner blog-post-inner\">\n\n\t\t\t\t\t\n\t\t\t\t\t\t\t\t\t\t<h5 class=\"post-title is-larger \">Kh\u00e1ch h\u00e0ng EMIVEST FEED MILL &#8211; KCN B\u00c0U B\u00c0NG, B\u00ccNH D\u01af\u01a0NG<\/h5>\n\t\t\t\t\t\t\t\t\t\t<div class=\"is-divider\"><\/div>\n\t\t\t\t\t\t\t\t\t\t<p class=\"from_the_blog_excerpt \"> [...]\t\t\t\t\t<\/p>\n\t\t\t\t\t                    \n\t\t\t\t\t\n\t\t\t\t\t\n\t\t\t\t\t<\/div>\n\t\t\t\t\t<\/div>\n\t\t\t\t\t\t\t\t\t\t\t\t\t\t\t\t<div class=\"badge absolute top post-date badge-square\">\n\t\t\t\t\t\t\t<div class=\"badge-inner\">\n\t\t\t\t\t\t\t\t<span class=\"post-date-day\">18<\/span><br>\n\t\t\t\t\t\t\t\t<span class=\"post-date-month is-xsmall\">Th8<\/span>\n\t\t\t\t\t\t\t<\/div>\n\t\t\t\t\t\t<\/div>\n\t\t\t\t\t\t\t\t\t<\/div>\n\t\t\t\t<\/a>\n\t\t\t<\/div>\n\t\t<\/div><div class=\"col post-item\" data-animate=\"blurIn\">\n\t\t\t<div class=\"col-inner\">\n\t\t\t<a href=\"https:\/\/restekequipment.com\/?p=4430\" class=\"plain\">\n\t\t\t\t<div class=\"box box-push box-text-bottom box-blog-post has-hover\">\n            \t\t\t\t\t<div class=\"box-image\" >\n  \t\t\t\t\t\t<div class=\"image-zoom image-glow image-cover\" style=\"padding-top:75%;\">\n  \t\t\t\t\t\t\t<img loading=\"lazy\" decoding=\"async\" width=\"2560\" height=\"1440\" src=\"https:\/\/restekequipment.com\/wp-content\/uploads\/2025\/07\/Lap-dat-thiet-bi-3.jpg\" class=\"attachment-original size-original wp-post-image\" alt=\"\" srcset=\"https:\/\/restekequipment.com\/wp-content\/uploads\/2025\/07\/Lap-dat-thiet-bi-3.jpg 2560w, https:\/\/restekequipment.com\/wp-content\/uploads\/2025\/07\/Lap-dat-thiet-bi-3-300x169.jpg 300w, https:\/\/restekequipment.com\/wp-content\/uploads\/2025\/07\/Lap-dat-thiet-bi-3-1024x576.jpg 1024w, https:\/\/restekequipment.com\/wp-content\/uploads\/2025\/07\/Lap-dat-thiet-bi-3-768x432.jpg 768w, https:\/\/restekequipment.com\/wp-content\/uploads\/2025\/07\/Lap-dat-thiet-bi-3-1536x864.jpg 1536w, https:\/\/restekequipment.com\/wp-content\/uploads\/2025\/07\/Lap-dat-thiet-bi-3-2048x1152.jpg 2048w, https:\/\/restekequipment.com\/wp-content\/uploads\/2025\/07\/Lap-dat-thiet-bi-3-510x287.jpg 510w\" sizes=\"auto, (max-width: 2560px) 100vw, 2560px\" \/>  \t\t\t\t\t\t\t  \t\t\t\t\t\t\t  \t\t\t\t\t\t<\/div>\n  \t\t\t\t\t\t  \t\t\t\t\t<\/div>\n          \t\t\t\t\t<div class=\"box-text text-center\" >\n\t\t\t\t\t<div class=\"box-text-inner blog-post-inner\">\n\n\t\t\t\t\t\n\t\t\t\t\t\t\t\t\t\t<h5 class=\"post-title is-larger \">D\u1ef1 \u00e1n thi c\u00f4ng l\u1eafp \u0111\u1eb7t thi\u1ebft b\u1ecb v\u00e0 \u0111\u01b0\u1eddng \u1ed1ng c\u00f4ng ngh\u1ec7 c\u1ea3i ti\u1ebfn &#8211; Nh\u00e0 m\u00e1y s\u1ea3n xu\u1ea5t<\/h5>\n\t\t\t\t\t\t\t\t\t\t<div class=\"is-divider\"><\/div>\n\t\t\t\t\t\t\t\t\t\t<p class=\"from_the_blog_excerpt \">RESTEK ho\u00e0n th\u00e0nh D\u1ef1 \u00e1n thi c\u00f4ng l\u1eafp \u0111\u1eb7t thi\u1ebft b\u1ecb v\u00e0 h\u1ec7 th\u1ed1ng \u0111\u01b0\u1eddng [...]\t\t\t\t\t<\/p>\n\t\t\t\t\t                    \n\t\t\t\t\t\n\t\t\t\t\t\n\t\t\t\t\t<\/div>\n\t\t\t\t\t<\/div>\n\t\t\t\t\t\t\t\t\t\t\t\t\t\t\t\t<div class=\"badge absolute top post-date badge-square\">\n\t\t\t\t\t\t\t<div class=\"badge-inner\">\n\t\t\t\t\t\t\t\t<span class=\"post-date-day\">31<\/span><br>\n\t\t\t\t\t\t\t\t<span class=\"post-date-month is-xsmall\">Th7<\/span>\n\t\t\t\t\t\t\t<\/div>\n\t\t\t\t\t\t<\/div>\n\t\t\t\t\t\t\t\t\t<\/div>\n\t\t\t\t<\/a>\n\t\t\t<\/div>\n\t\t<\/div><div class=\"col post-item\" data-animate=\"blurIn\">\n\t\t\t<div class=\"col-inner\">\n\t\t\t<a href=\"https:\/\/restekequipment.com\/?p=4401\" class=\"plain\">\n\t\t\t\t<div class=\"box box-push box-text-bottom box-blog-post has-hover\">\n            \t\t\t\t\t<div class=\"box-image\" >\n  \t\t\t\t\t\t<div class=\"image-zoom image-glow image-cover\" style=\"padding-top:75%;\">\n  \t\t\t\t\t\t\t<img loading=\"lazy\" decoding=\"async\" width=\"2560\" height=\"1920\" src=\"https:\/\/restekequipment.com\/wp-content\/uploads\/2025\/07\/Restek-Equipment-Installation_1.jpg\" class=\"attachment-original size-original wp-post-image\" alt=\"\" srcset=\"https:\/\/restekequipment.com\/wp-content\/uploads\/2025\/07\/Restek-Equipment-Installation_1.jpg 2560w, https:\/\/restekequipment.com\/wp-content\/uploads\/2025\/07\/Restek-Equipment-Installation_1-300x225.jpg 300w, https:\/\/restekequipment.com\/wp-content\/uploads\/2025\/07\/Restek-Equipment-Installation_1-1024x768.jpg 1024w, https:\/\/restekequipment.com\/wp-content\/uploads\/2025\/07\/Restek-Equipment-Installation_1-768x576.jpg 768w, https:\/\/restekequipment.com\/wp-content\/uploads\/2025\/07\/Restek-Equipment-Installation_1-1536x1152.jpg 1536w, https:\/\/restekequipment.com\/wp-content\/uploads\/2025\/07\/Restek-Equipment-Installation_1-2048x1536.jpg 2048w, https:\/\/restekequipment.com\/wp-content\/uploads\/2025\/07\/Restek-Equipment-Installation_1-510x383.jpg 510w\" sizes=\"auto, (max-width: 2560px) 100vw, 2560px\" \/>  \t\t\t\t\t\t\t  \t\t\t\t\t\t\t  \t\t\t\t\t\t<\/div>\n  \t\t\t\t\t\t  \t\t\t\t\t<\/div>\n          \t\t\t\t\t<div class=\"box-text text-center\" >\n\t\t\t\t\t<div class=\"box-text-inner blog-post-inner\">\n\n\t\t\t\t\t\n\t\t\t\t\t\t\t\t\t\t<h5 class=\"post-title is-larger \">L\u1eafp \u0111\u1eb7t &#8211; v\u1eadn h\u00e0nh d\u00e2y chuy\u1ec1n thi\u1ebft b\u1ecb m\u00e1y m\u00f3c Nh\u00e0 M\u00e1y C\u00f4ng Nghi\u1ec7p<\/h5>\n\t\t\t\t\t\t\t\t\t\t<div class=\"is-divider\"><\/div>\n\t\t\t\t\t\t\t\t\t\t<p class=\"from_the_blog_excerpt \">GI\u1edaI THI\u1ec6U D\u1ecaCH V\u1ee4 THI C\u00d4NG L\u1eaeP \u0110\u1eb6T D\u00c2Y CHUY\u1ec0N, M\u00c1Y M\u00d3C THI\u1ebeT B\u1eca V\u00c0 [...]\t\t\t\t\t<\/p>\n\t\t\t\t\t                    \n\t\t\t\t\t\n\t\t\t\t\t\n\t\t\t\t\t<\/div>\n\t\t\t\t\t<\/div>\n\t\t\t\t\t\t\t\t\t\t\t\t\t\t\t\t<div class=\"badge absolute top post-date badge-square\">\n\t\t\t\t\t\t\t<div class=\"badge-inner\">\n\t\t\t\t\t\t\t\t<span class=\"post-date-day\">24<\/span><br>\n\t\t\t\t\t\t\t\t<span class=\"post-date-month is-xsmall\">Th7<\/span>\n\t\t\t\t\t\t\t<\/div>\n\t\t\t\t\t\t<\/div>\n\t\t\t\t\t\t\t\t\t<\/div>\n\t\t\t\t<\/a>\n\t\t\t<\/div>\n\t\t<\/div><div class=\"col post-item\" data-animate=\"blurIn\">\n\t\t\t<div class=\"col-inner\">\n\t\t\t<a href=\"https:\/\/restekequipment.com\/?p=4385\" class=\"plain\">\n\t\t\t\t<div class=\"box box-push box-text-bottom box-blog-post has-hover\">\n            \t\t\t\t\t<div class=\"box-image\" >\n  \t\t\t\t\t\t<div class=\"image-zoom image-glow image-cover\" style=\"padding-top:75%;\">\n  \t\t\t\t\t\t\t<img loading=\"lazy\" decoding=\"async\" width=\"2560\" height=\"1920\" src=\"https:\/\/restekequipment.com\/wp-content\/uploads\/2025\/07\/Restek-Pump-4.jpg\" class=\"attachment-original size-original wp-post-image\" alt=\"\" srcset=\"https:\/\/restekequipment.com\/wp-content\/uploads\/2025\/07\/Restek-Pump-4.jpg 2560w, https:\/\/restekequipment.com\/wp-content\/uploads\/2025\/07\/Restek-Pump-4-300x225.jpg 300w, https:\/\/restekequipment.com\/wp-content\/uploads\/2025\/07\/Restek-Pump-4-1024x768.jpg 1024w, https:\/\/restekequipment.com\/wp-content\/uploads\/2025\/07\/Restek-Pump-4-768x576.jpg 768w, https:\/\/restekequipment.com\/wp-content\/uploads\/2025\/07\/Restek-Pump-4-1536x1152.jpg 1536w, https:\/\/restekequipment.com\/wp-content\/uploads\/2025\/07\/Restek-Pump-4-2048x1536.jpg 2048w, https:\/\/restekequipment.com\/wp-content\/uploads\/2025\/07\/Restek-Pump-4-510x383.jpg 510w\" sizes=\"auto, (max-width: 2560px) 100vw, 2560px\" \/>  \t\t\t\t\t\t\t  \t\t\t\t\t\t\t  \t\t\t\t\t\t<\/div>\n  \t\t\t\t\t\t  \t\t\t\t\t<\/div>\n          \t\t\t\t\t<div class=\"box-text text-center\" >\n\t\t\t\t\t<div class=\"box-text-inner blog-post-inner\">\n\n\t\t\t\t\t\n\t\t\t\t\t\t\t\t\t\t<h5 class=\"post-title is-larger \">Thi\u1ebft k\u1ebf, cung c\u1ea5p, thi c\u00f4ng ph\u00f2ng b\u01a1m nh\u00e0 m\u00e1y g\u1ed7 &#8211; v\u00e1n \u00e9p<\/h5>\n\t\t\t\t\t\t\t\t\t\t<div class=\"is-divider\"><\/div>\n\t\t\t\t\t\t\t\t\t\t<p class=\"from_the_blog_excerpt \">C\u00f4ng ty TNHH RESTEK v\u1edbi n\u0103ng l\u1ef1c v\u00e0 kinh nghi\u1ec7m \u0111\u00e3 ho\u00e0n th\u00e0nh g\u00f3i th\u1ea7u [...]\t\t\t\t\t<\/p>\n\t\t\t\t\t                    \n\t\t\t\t\t\n\t\t\t\t\t\n\t\t\t\t\t<\/div>\n\t\t\t\t\t<\/div>\n\t\t\t\t\t\t\t\t\t\t\t\t\t\t\t\t<div class=\"badge absolute top post-date badge-square\">\n\t\t\t\t\t\t\t<div class=\"badge-inner\">\n\t\t\t\t\t\t\t\t<span class=\"post-date-day\">23<\/span><br>\n\t\t\t\t\t\t\t\t<span class=\"post-date-month is-xsmall\">Th7<\/span>\n\t\t\t\t\t\t\t<\/div>\n\t\t\t\t\t\t<\/div>\n\t\t\t\t\t\t\t\t\t<\/div>\n\t\t\t\t<\/a>\n\t\t\t<\/div>\n\t\t<\/div><div class=\"col post-item\" data-animate=\"blurIn\">\n\t\t\t<div class=\"col-inner\">\n\t\t\t<a href=\"https:\/\/restekequipment.com\/?p=4238\" class=\"plain\">\n\t\t\t\t<div class=\"box box-push box-text-bottom box-blog-post has-hover\">\n            \t\t\t\t\t<div class=\"box-image\" >\n  \t\t\t\t\t\t<div class=\"image-zoom image-glow image-cover\" style=\"padding-top:75%;\">\n  \t\t\t\t\t\t\t<img loading=\"lazy\" decoding=\"async\" width=\"1280\" height=\"960\" src=\"https:\/\/restekequipment.com\/wp-content\/uploads\/2025\/05\/z6487018100555_3633fac0b052d70169bd2f51ccdad6a1.jpg\" class=\"attachment-original size-original wp-post-image\" alt=\"\" srcset=\"https:\/\/restekequipment.com\/wp-content\/uploads\/2025\/05\/z6487018100555_3633fac0b052d70169bd2f51ccdad6a1.jpg 1280w, https:\/\/restekequipment.com\/wp-content\/uploads\/2025\/05\/z6487018100555_3633fac0b052d70169bd2f51ccdad6a1-300x225.jpg 300w, https:\/\/restekequipment.com\/wp-content\/uploads\/2025\/05\/z6487018100555_3633fac0b052d70169bd2f51ccdad6a1-1024x768.jpg 1024w, https:\/\/restekequipment.com\/wp-content\/uploads\/2025\/05\/z6487018100555_3633fac0b052d70169bd2f51ccdad6a1-768x576.jpg 768w, https:\/\/restekequipment.com\/wp-content\/uploads\/2025\/05\/z6487018100555_3633fac0b052d70169bd2f51ccdad6a1-510x383.jpg 510w\" sizes=\"auto, (max-width: 1280px) 100vw, 1280px\" \/>  \t\t\t\t\t\t\t  \t\t\t\t\t\t\t  \t\t\t\t\t\t<\/div>\n  \t\t\t\t\t\t  \t\t\t\t\t<\/div>\n          \t\t\t\t\t<div class=\"box-text text-center\" >\n\t\t\t\t\t<div class=\"box-text-inner blog-post-inner\">\n\n\t\t\t\t\t\n\t\t\t\t\t\t\t\t\t\t<h5 class=\"post-title is-larger \">Ho\u00e0n T\u1ea5t L\u1eafp \u0110\u1eb7t M\u00e1y Kneader T\u1ea1i Nh\u00e0 M\u00e1y Kumho Tire \u2013 B\u00ecnh D\u01b0\u01a1ng<\/h5>\n\t\t\t\t\t\t\t\t\t\t<div class=\"is-divider\"><\/div>\n\t\t\t\t\t\t\t\t\t\t<p class=\"from_the_blog_excerpt \">C\u00f4ng ty Restek ho\u00e0n th\u00e0nh l\u1eafp \u0111\u1eb7t \u0111\u00fang ti\u1ebfn \u0111\u1ed9, \u0111\u1ea3m b\u1ea3o k\u1ef9 thu\u1eadt v\u00e0 [...]\t\t\t\t\t<\/p>\n\t\t\t\t\t                    \n\t\t\t\t\t\n\t\t\t\t\t\n\t\t\t\t\t<\/div>\n\t\t\t\t\t<\/div>\n\t\t\t\t\t\t\t\t\t\t\t\t\t\t\t\t<div class=\"badge absolute top post-date badge-square\">\n\t\t\t\t\t\t\t<div class=\"badge-inner\">\n\t\t\t\t\t\t\t\t<span class=\"post-date-day\">22<\/span><br>\n\t\t\t\t\t\t\t\t<span class=\"post-date-month is-xsmall\">Th5<\/span>\n\t\t\t\t\t\t\t<\/div>\n\t\t\t\t\t\t<\/div>\n\t\t\t\t\t\t\t\t\t<\/div>\n\t\t\t\t<\/a>\n\t\t\t<\/div>\n\t\t<\/div><div class=\"col post-item\" data-animate=\"blurIn\">\n\t\t\t<div class=\"col-inner\">\n\t\t\t<a href=\"https:\/\/restekequipment.com\/?p=4227\" class=\"plain\">\n\t\t\t\t<div class=\"box box-push box-text-bottom box-blog-post has-hover\">\n            \t\t\t\t\t<div class=\"box-image\" >\n  \t\t\t\t\t\t<div class=\"image-zoom image-glow image-cover\" style=\"padding-top:75%;\">\n  \t\t\t\t\t\t\t<img loading=\"lazy\" decoding=\"async\" width=\"1024\" height=\"960\" src=\"https:\/\/restekequipment.com\/wp-content\/uploads\/2025\/05\/thi-cong-duong-ong-luu-hoa-kumhotire4.jpg\" class=\"attachment-original size-original wp-post-image\" alt=\"\" srcset=\"https:\/\/restekequipment.com\/wp-content\/uploads\/2025\/05\/thi-cong-duong-ong-luu-hoa-kumhotire4.jpg 1024w, https:\/\/restekequipment.com\/wp-content\/uploads\/2025\/05\/thi-cong-duong-ong-luu-hoa-kumhotire4-300x281.jpg 300w, https:\/\/restekequipment.com\/wp-content\/uploads\/2025\/05\/thi-cong-duong-ong-luu-hoa-kumhotire4-768x720.jpg 768w, https:\/\/restekequipment.com\/wp-content\/uploads\/2025\/05\/thi-cong-duong-ong-luu-hoa-kumhotire4-510x478.jpg 510w\" sizes=\"auto, (max-width: 1024px) 100vw, 1024px\" \/>  \t\t\t\t\t\t\t  \t\t\t\t\t\t\t  \t\t\t\t\t\t<\/div>\n  \t\t\t\t\t\t  \t\t\t\t\t<\/div>\n          \t\t\t\t\t<div class=\"box-text text-center\" >\n\t\t\t\t\t<div class=\"box-text-inner blog-post-inner\">\n\n\t\t\t\t\t\n\t\t\t\t\t\t\t\t\t\t<h5 class=\"post-title is-larger \">Thi C\u00f4ng L\u1eafp \u0110\u1eb7t H\u1ec7 Th\u1ed1ng \u0110\u01b0\u1eddng \u1ed0ng H\u01a1i (Steam Drift) T\u1ea1i Nh\u00e0 M\u00e1y Kumho Tire<\/h5>\n\t\t\t\t\t\t\t\t\t\t<div class=\"is-divider\"><\/div>\n\t\t\t\t\t\t\t\t\t\t<p class=\"from_the_blog_excerpt \">\ud83d\udccd \u0110\u1ecba \u0111i\u1ec3m: C\u00f4ng ty TNHH Kumho Tire Vi\u1ec7t Nam \u2013 B\u00ecnh D\u01b0\u01a1ng \ud83d\uddd3\ufe0f Th\u1eddi [...]\t\t\t\t\t<\/p>\n\t\t\t\t\t                    \n\t\t\t\t\t\n\t\t\t\t\t\n\t\t\t\t\t<\/div>\n\t\t\t\t\t<\/div>\n\t\t\t\t\t\t\t\t\t\t\t\t\t\t\t\t<div class=\"badge absolute top post-date badge-square\">\n\t\t\t\t\t\t\t<div class=\"badge-inner\">\n\t\t\t\t\t\t\t\t<span class=\"post-date-day\">22<\/span><br>\n\t\t\t\t\t\t\t\t<span class=\"post-date-month is-xsmall\">Th5<\/span>\n\t\t\t\t\t\t\t<\/div>\n\t\t\t\t\t\t<\/div>\n\t\t\t\t\t\t\t\t\t<\/div>\n\t\t\t\t<\/a>\n\t\t\t<\/div>\n\t\t<\/div><\/div>\n\t\t<\/div>\n\t\t\t\t\t<\/div>\n\n\t\n<\/div>\n\t\t<\/div>\n\n\t\t\n<style>\n#section_1903572155 {\n  padding-top: 30px;\n  padding-bottom: 30px;\n}\n#section_1903572155 .ux-shape-divider--top svg {\n  height: 150px;\n  --divider-top-width: 100%;\n}\n#section_1903572155 .ux-shape-divider--bottom svg {\n  height: 150px;\n  --divider-width: 100%;\n}\n<\/style>\n\t<\/section>\n\t\n\t<div id=\"gap-1245793482\" class=\"gap-element clearfix\" style=\"display:block; height:auto;\">\n\t\t\n<style>\n#gap-1245793482 {\n  padding-top: 30px;\n}\n<\/style>\n\t<\/div>\n\t\n","protected":false},"excerpt":{"rendered":"","protected":false},"author":1,"featured_media":0,"parent":0,"menu_order":0,"comment_status":"closed","ping_status":"closed","template":"","meta":{"footnotes":""},"class_list":["post-4165","page","type-page","status-publish","hentry"],"_links":{"self":[{"href":"https:\/\/restekequipment.com\/index.php?rest_route=\/wp\/v2\/pages\/4165","targetHints":{"allow":["GET"]}}],"collection":[{"href":"https:\/\/restekequipment.com\/index.php?rest_route=\/wp\/v2\/pages"}],"about":[{"href":"https:\/\/restekequipment.com\/index.php?rest_route=\/wp\/v2\/types\/page"}],"author":[{"embeddable":true,"href":"https:\/\/restekequipment.com\/index.php?rest_route=\/wp\/v2\/users\/1"}],"replies":[{"embeddable":true,"href":"https:\/\/restekequipment.com\/index.php?rest_route=%2Fwp%2Fv2%2Fcomments&post=4165"}],"version-history":[{"count":6,"href":"https:\/\/restekequipment.com\/index.php?rest_route=\/wp\/v2\/pages\/4165\/revisions"}],"predecessor-version":[{"id":4643,"href":"https:\/\/restekequipment.com\/index.php?rest_route=\/wp\/v2\/pages\/4165\/revisions\/4643"}],"wp:attachment":[{"href":"https:\/\/restekequipment.com\/index.php?rest_route=%2Fwp%2Fv2%2Fmedia&parent=4165"}],"curies":[{"name":"wp","href":"https:\/\/api.w.org\/{rel}","templated":true}]}}